{"id":2834,"date":"2017-04-19T15:38:47","date_gmt":"2017-04-19T15:38:47","guid":{"rendered":"https:\/\/www.bilaketa.es\/?page_id=2834\/"},"modified":"2017-05-01T10:37:56","modified_gmt":"2017-05-01T10:37:56","slug":"honour-members","status":"publish","type":"page","link":"https:\/\/www.bilaketa.es\/en\/presentation\/honour-members\/","title":{"rendered":"Honour members"},"content":{"rendered":"<div class=\"wpb-content-wrapper\">[vc_row padding_top=&#8221;0px&#8221; padding_bottom=&#8221;0px&#8221;][vc_column fade_animation_offset=&#8221;45px&#8221; width=&#8221;1\/1&#8243;]<hr  class=\"x-gap\" style=\"margin: 1.313em 0 0 0;\">[\/vc_column][\/vc_row][vc_row padding_top=&#8221;0px&#8221; padding_bottom=&#8221;0px&#8221;][vc_column fade_animation_offset=&#8221;45px&#8221; width=&#8221;1\/4&#8243;][vc_btn title=&#8221;Youth Unit&#8221; style=&#8221;outline-custom&#8221; outline_custom_color=&#8221;#fe8404&#8243; outline_custom_hover_background=&#8221;#fe8404&#8243; outline_custom_hover_text=&#8221;#ffffff&#8221; align=&#8221;left&#8221; i_type=&#8221;entypo&#8221; i_icon_entypo=&#8221;entypo-icon entypo-icon-pencil&#8221; button_block=&#8221;true&#8221; add_icon=&#8221;true&#8221; link=&#8221;url:https%3A%2F%2Fwww.bilaketa.es%2Fen%2Fyouth-unit%2F|title:Youth%20Unit||&#8221;][vc_btn title=&#8221;Elders Unit&#8221; style=&#8221;outline-custom&#8221; outline_custom_color=&#8221;#b19d96&#8243; outline_custom_hover_background=&#8221;#b19d96&#8243; outline_custom_hover_text=&#8221;#ffffff&#8221; align=&#8221;left&#8221; i_type=&#8221;entypo&#8221; i_icon_entypo=&#8221;entypo-icon entypo-icon-feather&#8221; button_block=&#8221;true&#8221; add_icon=&#8221;true&#8221; link=&#8221;url:https%3A%2F%2Fwww.bilaketa.es%2Fen%2Felders-unit%2F|title:Elders%20Unit||&#8221;][vc_btn title=&#8221;Cultural Area&#8221; style=&#8221;outline-custom&#8221; outline_custom_color=&#8221;#4e4e4e&#8221; outline_custom_hover_background=&#8221;#4e4e4e&#8221; outline_custom_hover_text=&#8221;#ffffff&#8221; align=&#8221;left&#8221; i_type=&#8221;entypo&#8221; i_icon_entypo=&#8221;entypo-icon entypo-icon-book&#8221; button_block=&#8221;true&#8221; add_icon=&#8221;true&#8221; link=&#8221;url:https%3A%2F%2Fwww.bilaketa.es%2Fen%2Fcultural-area%2F|title:Cultural%20Area||&#8221;][vc_btn title=&#8221;<em>Francisco Yndur\u00e1in<\/em> Elders University&#8221; style=&#8221;outline-custom&#8221; outline_custom_color=&#8221;#4cadc9&#8243; outline_custom_hover_background=&#8221;#4cadc9&#8243; outline_custom_hover_text=&#8221;#ffffff&#8221; align=&#8221;left&#8221; i_icon_fontawesome=&#8221;fa fa-graduation-cap&#8221; button_block=&#8221;true&#8221; add_icon=&#8221;true&#8221; link=&#8221;url:https%3A%2F%2Fwww.bilaketa.es%2Fen%2Ffrancisco-yndurain-elders-university%2F|title:%3Cem%3EFrancisco%20Yndur%C3%A1in%3C%2Fem%3E%20Elders%20University||&#8221;][vc_btn title=&#8221;Bilaketa Exhibition&#8221; style=&#8221;outline-custom&#8221; outline_custom_color=&#8221;#9c9c9c&#8221; outline_custom_hover_background=&#8221;#9c9c9c&#8221; outline_custom_hover_text=&#8221;#ffffff&#8221; align=&#8221;left&#8221; i_type=&#8221;entypo&#8221; i_icon_entypo=&#8221;entypo-icon entypo-icon-eye&#8221; button_block=&#8221;true&#8221; add_icon=&#8221;true&#8221; link=&#8221;url:https%3A%2F%2Fwww.bilaketa.es%2Fen%2Fcultural-area%2Fheritage-of-bilaketa-exhibition%2F|title:Bilaketa%20Exhibition|target:%20_blank|&#8221;][vc_btn title=&#8221;Become a friend&#8221; style=&#8221;outline-custom&#8221; outline_custom_color=&#8221;#ff4305&#8243; outline_custom_hover_background=&#8221;#ff4305&#8243; outline_custom_hover_text=&#8221;#ffffff&#8221; align=&#8221;left&#8221; i_type=&#8221;typicons&#8221; i_icon_typicons=&#8221;typcn typcn-group&#8221; button_block=&#8221;true&#8221; add_icon=&#8221;true&#8221; link=&#8221;url:https%3A%2F%2Fwww.bilaketa.es%2F21razones%2F21razones.html|title:Become%20a%20friend|target:%20_blank|&#8221;][\/vc_column][vc_column fade_animation_offset=&#8221;45px&#8221; width=&#8221;3\/4&#8243;][vc_row_inner padding_top=&#8221;0px&#8221; padding_bottom=&#8221;0px&#8221;][vc_column_inner fade_animation_offset=&#8221;45px&#8221; width=&#8221;1\/3&#8243;]<h6  class=\"h-custom-headline h6\" ><span>Francisco Yndurain (Aoiz, 1910 &#8211; Madrid, 1994)<\/span><\/h6><hr  class=\"x-hr\" ><h6  class=\"h-custom-headline h6\" ><span>Patxi Go\u00f1i (Aoiz, 1931-2002)<\/span><\/h6><hr  class=\"x-hr\" ><h6  class=\"h-custom-headline h6\" ><span>Tom\u00e1s Yerro<\/span><\/h6><hr  class=\"x-hr\" ><h6  class=\"h-custom-headline h6\" ><span>Mar\u00eda Jes\u00fas Art\u00e1iz<\/span><\/h6><hr  class=\"x-hr\" ><h6  class=\"h-custom-headline h6\" ><span>Jes\u00fas Maule\u00f3n<\/span><\/h6><hr  class=\"x-hr\" ><h6  class=\"h-custom-headline h6\" ><span>\u00c1ngel Garc\u00eda L\u00f3pez<\/span><\/h6><hr  class=\"x-hr\" ><h6  class=\"h-custom-headline h6\" ><span>Antonio Hern\u00e1ndez<\/span><\/h6><hr  class=\"x-hr\" ><h6  class=\"h-custom-headline h6\" ><span>\u00c1ngel Urrutia Iturbe (Lecumberri, 1933 &#8211; Pamplona, 1994)<\/span><\/h6><hr  class=\"x-hr\" ><h6  class=\"h-custom-headline h6\" ><span>Jos\u00e9 Hierro (Madrid, 1922-2002)<\/span><\/h6><hr  class=\"x-hr\" ><h6  class=\"h-custom-headline h6\" ><span>Jos\u00e9 Blasco i Canet<\/span><\/h6><hr  class=\"x-hr\" >[\/vc_column_inner][vc_column_inner fade_animation_offset=&#8221;45px&#8221; width=&#8221;1\/3&#8243;]<h6  class=\"h-custom-headline h6\" ><span>Txuma Isturitz<\/span><\/h6><hr  class=\"x-hr\" ><h6  class=\"h-custom-headline h6\" ><span>Mar\u00eda Teresa Paternain<\/span><\/h6><hr  class=\"x-hr\" ><h6  class=\"h-custom-headline h6\" ><span>Fernando Tr\u00e9bol<\/span><\/h6><hr  class=\"x-hr\" ><h6  class=\"h-custom-headline h6\" ><span>Mertxe Sesma<\/span><\/h6><hr  class=\"x-hr\" ><h6  class=\"h-custom-headline h6\" ><span>Juan Luis Garc\u00eda<\/span><\/h6><hr  class=\"x-hr\" ><h6  class=\"h-custom-headline h6\" ><span>Emilio Echavarren<\/span><\/h6><hr  class=\"x-hr\" ><h6  class=\"h-custom-headline h6\" ><span>Puri Garde<\/span><\/h6><hr  class=\"x-hr\" ><h6  class=\"h-custom-headline h6\" ><span>Josefina Resano<\/span><\/h6><hr  class=\"x-hr\" ><h6  class=\"h-custom-headline h6\" ><span>Emilio Est\u00e9vez<\/span><\/h6><hr  class=\"x-hr\" ><h6  class=\"h-custom-headline h6\" ><span>Maite Moro<\/span><\/h6><hr  class=\"x-hr\" >[\/vc_column_inner][vc_column_inner fade_animation_offset=&#8221;45px&#8221; width=&#8221;1\/3&#8243;]<h6  class=\"h-custom-headline h6\" ><span>Ricardo Ugarte<\/span><\/h6><hr  class=\"x-hr\" ><h6  class=\"h-custom-headline h6\" ><span>Julia Otxoa<\/span><\/h6><hr  class=\"x-hr\" ><h6  class=\"h-custom-headline h6\" ><span>Angelines Torres<\/span><\/h6><hr  class=\"x-hr\" ><h6  class=\"h-custom-headline h6\" ><span>Luis Alberto de Cuenca<\/span><\/h6><hr  class=\"x-hr\" ><h6  class=\"h-custom-headline h6\" ><span>Juan Beroiz<\/span><\/h6><hr  class=\"x-hr\" ><h6  class=\"h-custom-headline h6\" ><span>Jaime Siles<\/span><\/h6><hr  class=\"x-hr\" ><h6  class=\"h-custom-headline h6\" ><span>Francisco Javier Oyarzun Celaya<\/span><\/h6><hr  class=\"x-hr\" ><h6  class=\"h-custom-headline h6\" ><span>Raquel Vergara<\/span><\/h6><hr  class=\"x-hr\" ><h6  class=\"h-custom-headline h6\" ><span>Ana G. Senosi\u00e1in<\/span><\/h6><hr  class=\"x-hr\" >[\/vc_column_inner][\/vc_row_inner][vc_row_inner padding_top=&#8221;60px&#8221; padding_bottom=&#8221;0px&#8221; bg_video=&#8221;&#8221; class=&#8221;&#8221; style=&#8221;&#8221;][vc_column_inner fade_animation_offset=&#8221;45px&#8221; width=&#8221;1\/1&#8243;]<hr  class=\"x-gap\" style=\"margin: 1.313em 0 0 0;\">[vc_btn title=&#8221;Return&#8221; style=&#8221;outline-custom&#8221; outline_custom_color=&#8221;#fe8404&#8243; outline_custom_hover_background=&#8221;#fe8404&#8243; outline_custom_hover_text=&#8221;#ffffff&#8221; align=&#8221;center&#8221; i_icon_fontawesome=&#8221;fa fa-arrow-circle-left&#8221; button_block=&#8221;true&#8221; add_icon=&#8221;true&#8221; link=&#8221;url:https%3A%2F%2Fwww.bilaketa.es%2Fen%2Fpresentation%2F|||&#8221;][\/vc_column_inner][\/vc_row_inner][\/vc_column][\/vc_row]\n<\/div>","protected":false},"excerpt":{"rendered":"<p>[vc_row padding_top=&#8221;0px&#8221; padding_bottom=&#8221;0px&#8221;][vc_column fade_animation_offset=&#8221;45px&#8221; width=&#8221;1\/1&#8243;][\/vc_column][\/vc_row][vc_row padding_top=&#8221;0px&#8221; padding_bottom=&#8221;0px&#8221;][vc_column fade_animation_offset=&#8221;45px&#8221; width=&#8221;1\/4&#8243;][vc_btn title=&#8221;Youth Unit&#8221; style=&#8221;outline-custom&#8221; outline_custom_color=&#8221;#fe8404&#8243; outline_custom_hover_background=&#8221;#fe8404&#8243; outline_custom_hover_text=&#8221;#ffffff&#8221; align=&#8221;left&#8221; i_type=&#8221;entypo&#8221; i_icon_entypo=&#8221;entypo-icon entypo-icon-pencil&#8221; button_block=&#8221;true&#8221; add_icon=&#8221;true&#8221; link=&#8221;url:https%3A%2F%2Fwww.bilaketa.es%2Fen%2Fyouth-unit%2F|title:Youth%20Unit||&#8221;][vc_btn title=&#8221;Elders Unit&#8221; style=&#8221;outline-custom&#8221; outline_custom_color=&#8221;#b19d96&#8243; outline_custom_hover_background=&#8221;#b19d96&#8243; outline_custom_hover_text=&#8221;#ffffff&#8221; align=&#8221;left&#8221; i_type=&#8221;entypo&#8221; i_icon_entypo=&#8221;entypo-icon entypo-icon-feather&#8221; button_block=&#8221;true&#8221; add_icon=&#8221;true&#8221; link=&#8221;url:https%3A%2F%2Fwww.bilaketa.es%2Fen%2Felders-unit%2F|title:Elders%20Unit||&#8221;][vc_btn title=&#8221;Cultural Area&#8221; style=&#8221;outline-custom&#8221; outline_custom_color=&#8221;#4e4e4e&#8221; outline_custom_hover_background=&#8221;#4e4e4e&#8221; outline_custom_hover_text=&#8221;#ffffff&#8221; align=&#8221;left&#8221; i_type=&#8221;entypo&#8221; i_icon_entypo=&#8221;entypo-icon entypo-icon-book&#8221; button_block=&#8221;true&#8221; add_icon=&#8221;true&#8221; link=&#8221;url:https%3A%2F%2Fwww.bilaketa.es%2Fen%2Fcultural-area%2F|title:Cultural%20Area||&#8221;][vc_btn title=&#8221;Francisco Yndur\u00e1in Elders University&#8221; style=&#8221;outline-custom&#8221; outline_custom_color=&#8221;#4cadc9&#8243; outline_custom_hover_background=&#8221;#4cadc9&#8243; outline_custom_hover_text=&#8221;#ffffff&#8221; align=&#8221;left&#8221; i_icon_fontawesome=&#8221;fa fa-graduation-cap&#8221; button_block=&#8221;true&#8221; &#8230;<\/p>\n","protected":false},"author":2,"featured_media":0,"parent":2804,"menu_order":0,"comment_status":"closed","ping_status":"closed","template":"","meta":{"ngg_post_thumbnail":0,"footnotes":""},"class_list":["post-2834","page","type-page","status-publish","hentry","no-post-thumbnail"],"_links":{"self":[{"href":"https:\/\/www.bilaketa.es\/en\/wp-json\/wp\/v2\/pages\/2834"}],"collection":[{"href":"https:\/\/www.bilaketa.es\/en\/wp-json\/wp\/v2\/pages"}],"about":[{"href":"https:\/\/www.bilaketa.es\/en\/wp-json\/wp\/v2\/types\/page"}],"author":[{"embeddable":true,"href":"https:\/\/www.bilaketa.es\/en\/wp-json\/wp\/v2\/users\/2"}],"replies":[{"embeddable":true,"href":"https:\/\/www.bilaketa.es\/en\/wp-json\/wp\/v2\/comments?post=2834"}],"version-history":[{"count":5,"href":"https:\/\/www.bilaketa.es\/en\/wp-json\/wp\/v2\/pages\/2834\/revisions"}],"predecessor-version":[{"id":3395,"href":"https:\/\/www.bilaketa.es\/en\/wp-json\/wp\/v2\/pages\/2834\/revisions\/3395"}],"up":[{"embeddable":true,"href":"https:\/\/www.bilaketa.es\/en\/wp-json\/wp\/v2\/pages\/2804"}],"wp:attachment":[{"href":"https:\/\/www.bilaketa.es\/en\/wp-json\/wp\/v2\/media?parent=2834"}],"curies":[{"name":"wp","href":"https:\/\/api.w.org\/{rel}","templated":true}]}}