{"id":3198,"date":"2017-04-29T09:34:30","date_gmt":"2017-04-29T09:34:30","guid":{"rendered":"https:\/\/www.bilaketa.es\/?page_id=3198\/"},"modified":"2017-05-01T11:53:58","modified_gmt":"2017-05-01T11:53:58","slug":"painting-winners","status":"publish","type":"page","link":"https:\/\/www.bilaketa.es\/en\/cultural-area\/international-poetry-fiction-and-painting-contest\/painting-winners\/","title":{"rendered":"Painting Winners"},"content":{"rendered":"<div class=\"wpb-content-wrapper\">[vc_row padding_top=&#8221;30px&#8221; padding_bottom=&#8221;0px&#8221; bg_video=&#8221;&#8221; class=&#8221;&#8221; style=&#8221;&#8221;][vc_column fade_animation_offset=&#8221;45px&#8221; width=&#8221;1\/1&#8243;]<a  class=\"x-img x-img-link x-img-rounded\"  href=\"https:\/\/www.bilaketa.es\/area-de-cultura\/\" title=\"Area de Cultura\"    data-options=\"thumbnail: 'https:\/\/www.bilaketa.es\/wp-content\/uploads\/2016\/05\/area-cultura-1.jpg'\"><img decoding=\"async\" src=\"https:\/\/www.bilaketa.es\/wp-content\/uploads\/2016\/05\/area-cultura-1.jpg\" ><\/a><h2  class=\"h-custom-headline center-text h2\" ><span>International Painting Contest Award Winners<\/span><\/h2><hr  class=\"x-gap\" style=\"margin: 2.313em 0 0 0;\">[\/vc_column][\/vc_row][vc_row padding_top=&#8221;0px&#8221; padding_bottom=&#8221;0px&#8221; border=&#8221;none&#8221; bg_video=&#8221;&#8221; class=&#8221;&#8221; style=&#8221;&#8221;][vc_column fade_animation=&#8221;in-from-left&#8221; fade_animation_offset=&#8221;45px&#8221; width=&#8221;1\/4&#8243; id=&#8221;&#8221; class=&#8221;&#8221; style=&#8221;&#8221;][vc_btn title=&#8221;Youth Unit&#8221; style=&#8221;outline-custom&#8221; outline_custom_color=&#8221;#fe8404&#8243; outline_custom_hover_background=&#8221;#fe8404&#8243; outline_custom_hover_text=&#8221;#ffffff&#8221; align=&#8221;left&#8221; i_type=&#8221;entypo&#8221; i_icon_entypo=&#8221;entypo-icon entypo-icon-pencil&#8221; button_block=&#8221;true&#8221; add_icon=&#8221;true&#8221; link=&#8221;url:https%3A%2F%2Fwww.bilaketa.es%2Fen%2Fyouth-unit%2F|title:Youth%20Unit||&#8221;][vc_btn title=&#8221;Elders Unit&#8221; style=&#8221;outline-custom&#8221; outline_custom_color=&#8221;#b19d96&#8243; outline_custom_hover_background=&#8221;#b19d96&#8243; outline_custom_hover_text=&#8221;#ffffff&#8221; align=&#8221;left&#8221; i_type=&#8221;entypo&#8221; i_icon_entypo=&#8221;entypo-icon entypo-icon-feather&#8221; button_block=&#8221;true&#8221; add_icon=&#8221;true&#8221; link=&#8221;url:https%3A%2F%2Fwww.bilaketa.es%2Fen%2Felders-unit%2F|title:Elders%20Unit||&#8221;][vc_btn title=&#8221;Cultural Area&#8221; style=&#8221;custom&#8221; custom_background=&#8221;#4e4e4e&#8221; custom_text=&#8221;#ffffff&#8221; align=&#8221;left&#8221; i_type=&#8221;entypo&#8221; i_icon_entypo=&#8221;entypo-icon entypo-icon-book&#8221; button_block=&#8221;true&#8221; add_icon=&#8221;true&#8221; link=&#8221;url:https%3A%2F%2Fwww.bilaketa.es%2Fen%2Fcultural-area%2F|title:Cultural%20Area||&#8221;][vc_btn title=&#8221;Presentation&#8221; style=&#8221;outline-custom&#8221; outline_custom_color=&#8221;#4e4e4e&#8221; outline_custom_hover_background=&#8221;#4e4e4e&#8221; outline_custom_hover_text=&#8221;#ffffff&#8221; size=&#8221;sm&#8221; align=&#8221;left&#8221; button_block=&#8221;true&#8221; link=&#8221;url:https%3A%2F%2Fwww.bilaketa.es%2Fen%2Fcultural-area%2F|title:Cultural%20Area%20Presentation||&#8221; css=&#8221;.vc_custom_1493458139586{padding-left: 30px !important;}&#8221;][vc_btn title=&#8221;International Poetry, Fiction and Painting Contest&#8221; style=&#8221;custom&#8221; custom_background=&#8221;#4e4e4e&#8221; custom_text=&#8221;#ffffff&#8221; size=&#8221;sm&#8221; align=&#8221;left&#8221; button_block=&#8221;true&#8221; link=&#8221;url:https%3A%2F%2Fwww.bilaketa.es%2Fen%2Fcultural-area%2Finternational-poetry-fiction-and-painting-contest%2F|title:International%20Poetry%2C%20Fiction%20and%20Painting%20Contest||&#8221; css=&#8221;.vc_custom_1493458097023{margin-top: -20px !important;padding-left: 30px !important;}&#8221;][vc_btn title=&#8221;International Outdoor Sculpture Contest&#8221; style=&#8221;outline-custom&#8221; outline_custom_color=&#8221;#4e4e4e&#8221; outline_custom_hover_background=&#8221;#4e4e4e&#8221; outline_custom_hover_text=&#8221;#ffffff&#8221; size=&#8221;sm&#8221; align=&#8221;left&#8221; button_block=&#8221;true&#8221; link=&#8221;url:https%3A%2F%2Fwww.bilaketa.es%2Fen%2Fcultural-area%2Finternational-outdoor-sculpture-contest%2F|title:International%20Outdoor%20Sculpture%20Contest||&#8221; css=&#8221;.vc_custom_1493639115867{margin-top: -20px !important;padding-left: 30px !important;}&#8221;][vc_btn title=&#8221;<em>Mariano Garcia<\/em> Music Academy&#8221; style=&#8221;outline-custom&#8221; outline_custom_color=&#8221;#4e4e4e&#8221; outline_custom_hover_background=&#8221;#4e4e4e&#8221; outline_custom_hover_text=&#8221;#ffffff&#8221; size=&#8221;sm&#8221; align=&#8221;left&#8221; button_block=&#8221;true&#8221; link=&#8221;url:https%3A%2F%2Fwww.bilaketa.es%2Fen%2Fcultural-area%2Fmariano-garcia-music-academy%2F|title:%3Cem%3EMariano%20Garcia%3C%2Fem%3E%20Music%20Academy||&#8221; css=&#8221;.vc_custom_1493639172717{margin-top: -20px !important;padding-left: 30px !important;}&#8221;][vc_btn title=&#8221;<em>Mariano Garc\u00eda<\/em> Music Band&#8221; style=&#8221;outline-custom&#8221; outline_custom_color=&#8221;#4e4e4e&#8221; outline_custom_hover_background=&#8221;#4e4e4e&#8221; outline_custom_hover_text=&#8221;#ffffff&#8221; size=&#8221;sm&#8221; align=&#8221;left&#8221; button_block=&#8221;true&#8221; link=&#8221;url:https%3A%2F%2Fwww.bilaketa.es%2Fen%2Fcultural-area%2Fmariano-garcia-music-band%2F|title:%3Cem%3EMariano%20Garc%C3%ADa%3C%2Fem%3E%20Music%20Band||&#8221; css=&#8221;.vc_custom_1493639230888{margin-top: -20px !important;padding-left: 30px !important;}&#8221;][vc_btn title=&#8221;Volunteers&#8217; School&#8221; style=&#8221;outline-custom&#8221; outline_custom_color=&#8221;#4e4e4e&#8221; outline_custom_hover_background=&#8221;#4e4e4e&#8221; outline_custom_hover_text=&#8221;#ffffff&#8221; size=&#8221;sm&#8221; align=&#8221;left&#8221; button_block=&#8221;true&#8221; link=&#8221;url:https%3A%2F%2Fwww.bilaketa.es%2Fen%2Fcultural-area%2Fvolunteers-school%2F|title:Volunteers&#8217;%20School||&#8221; css=&#8221;.vc_custom_1493639286564{margin-top: -20px !important;padding-left: 30px !important;}&#8221;][vc_btn title=&#8221;Library&#8221; style=&#8221;outline-custom&#8221; outline_custom_color=&#8221;#4e4e4e&#8221; outline_custom_hover_background=&#8221;#4e4e4e&#8221; outline_custom_hover_text=&#8221;#ffffff&#8221; size=&#8221;sm&#8221; align=&#8221;left&#8221; button_block=&#8221;true&#8221; link=&#8221;url:https%3A%2F%2Fwww.bilaketa.es%2Fen%2Fcultural-area%2Flibrary%2F|title:Library||&#8221; css=&#8221;.vc_custom_1493639362023{margin-top: -20px !important;padding-left: 30px !important;}&#8221;][vc_btn title=&#8221;Virtual reading Workshop <em>VIVEleyendo!<\/em>&#8221; style=&#8221;outline-custom&#8221; outline_custom_color=&#8221;#4e4e4e&#8221; outline_custom_hover_background=&#8221;#4e4e4e&#8221; outline_custom_hover_text=&#8221;#ffffff&#8221; size=&#8221;sm&#8221; align=&#8221;left&#8221; button_block=&#8221;true&#8221; link=&#8221;url:https%3A%2F%2Fwww.bilaketa.es%2Fen%2Fcultural-area%2Fvirtual-reading-workshop-viveleyendo%2F|title:Virtual%20reading%20Workshop%20%3Cem%3EVIVEleyendo!%3C%2Fem%3E||&#8221; css=&#8221;.vc_custom_1493639420917{margin-top: -20px !important;padding-left: 30px !important;}&#8221;][vc_btn title=&#8221;Bilaketa Exhibition&#8221; style=&#8221;outline-custom&#8221; outline_custom_color=&#8221;#4e4e4e&#8221; outline_custom_hover_background=&#8221;#4e4e4e&#8221; outline_custom_hover_text=&#8221;#ffffff&#8221; size=&#8221;sm&#8221; align=&#8221;left&#8221; button_block=&#8221;true&#8221; link=&#8221;url:https%3A%2F%2Fwww.bilaketa.es%2Fen%2Fcultural-area%2Fheritage-of-bilaketa-exhibition%2F|title:Bilaketa%20Exhibition||&#8221; css=&#8221;.vc_custom_1493639472467{margin-top: -20px !important;padding-left: 30px !important;}&#8221;][vc_btn title=&#8221;News and Activities&#8221; style=&#8221;outline-custom&#8221; outline_custom_color=&#8221;#4e4e4e&#8221; outline_custom_hover_background=&#8221;#4e4e4e&#8221; outline_custom_hover_text=&#8221;#ffffff&#8221; size=&#8221;sm&#8221; align=&#8221;left&#8221; button_block=&#8221;true&#8221; link=&#8221;url:https%3A%2F%2Fwww.bilaketa.es%2Fen%2Fcultural-area%2Fnews-and-activities%2F|title:News%20and%20Activities||&#8221; css=&#8221;.vc_custom_1493639528632{margin-top: -20px !important;padding-left: 30px !important;}&#8221;][vc_btn title=&#8221;<em>Francisco Yndur\u00e1in<\/em> Elders University&#8221; style=&#8221;outline-custom&#8221; outline_custom_color=&#8221;#4cadc9&#8243; outline_custom_hover_background=&#8221;#4cadc9&#8243; outline_custom_hover_text=&#8221;#ffffff&#8221; align=&#8221;left&#8221; i_icon_fontawesome=&#8221;fa fa-graduation-cap&#8221; button_block=&#8221;true&#8221; add_icon=&#8221;true&#8221; link=&#8221;url:https%3A%2F%2Fwww.bilaketa.es%2Fen%2Ffrancisco-yndurain-elders-university%2F|title:%3Cem%3EFrancisco%20Yndur%C3%A1in%3C%2Fem%3E%20Elders%20University||&#8221;][vc_btn title=&#8221;Science and New Technology Club&#8221; style=&#8221;outline-custom&#8221; outline_custom_color=&#8221;#0448d1&#8243; outline_custom_hover_background=&#8221;#0448d1&#8243; outline_custom_hover_text=&#8221;#ffffff&#8221; align=&#8221;left&#8221; i_type=&#8221;typicons&#8221; i_icon_typicons=&#8221;typcn typcn-device-desktop&#8221; button_block=&#8221;true&#8221; add_icon=&#8221;true&#8221; link=&#8221;url:https%3A%2F%2Fwww.bilaketa.es%2Fen%2Fscience-and-new-technology-club%2F|title:Science%20and%20New%20Technology%20Club||&#8221;][\/vc_column][vc_column fade_animation_offset=&#8221;45px&#8221; width=&#8221;3\/4&#8243;][vc_row_inner padding_top=&#8221;60px&#8221; padding_bottom=&#8221;0px&#8221; bg_video=&#8221;&#8221; class=&#8221;&#8221; style=&#8221;&#8221;][vc_column_inner fade_animation_offset=&#8221;45px&#8221; width=&#8221;1\/1&#8243; id=&#8221;&#8221; class=&#8221;&#8221; style=&#8221;&#8221;][vc_cta h2=&#8221;&#8221; style=&#8221;outline&#8221; add_icon=&#8221;top&#8221; i_icon_fontawesome=&#8221;fa fa-certificate&#8221; i_color=&#8221;custom&#8221; i_background_style=&#8221;rounded&#8221; i_size=&#8221;lg&#8221; i_on_border=&#8221;true&#8221; i_custom_color=&#8221;#4e4e4e&#8221;]\n<ul>\n<li><strong>XXXVI <strong>edition<\/strong> 2012<\/strong>.\u00a0<em>Juego de sombras<\/em>,\u00a0Jos\u00e9 Ignacio Amelivia.<\/li>\n<li><strong>XXXV <strong>edition<\/strong> 2011.<\/strong>\u00a0<em>Niebla II<\/em>, Cristina Gam\u00f3n L\u00e1zaro.<\/li>\n<li><strong>XXXIV <strong>edition<\/strong> 2010.<\/strong>\u00a0<em>Desierto rojo II,\u00a0<\/em>Jaime Rico Amador.<\/li>\n<li><strong>XXXIII <strong>edition<\/strong> 2009.<\/strong>\u00a0<em>Para Julia II, <\/em>Mikel Esparza.<\/li>\n<li><strong>XXXII <strong>edition<\/strong> 2008.\u00a0<\/strong><em>La realidad sugerida<\/em>, Jes\u00fas \u00dakar.<\/li>\n<li><strong>XXXI <strong>edition<\/strong> 2007.<\/strong>\u00a0<em>Suggested reality XLVII<\/em>, David Murcia Garc\u00eda.<\/li>\n<li><strong>XXX <strong>edition<\/strong> 2006.<\/strong> <i>\u00cdcaro<\/i>, H\u00e9ctor Urra Pombo.<\/li>\n<li><strong>XXIX <strong>edition<\/strong> 2005.<\/strong>\u00a0<em>Paisaje con vaca<\/em>, Patxi Aldunate.<\/li>\n<li><strong>XXVIII <strong>edition<\/strong> 2004.<\/strong>\u00a0<em>Sin t\u00edtulo,\u00a0<\/em>Daniel Lascurain.<\/li>\n<li><strong>XXVII <strong>edition<\/strong> 2003.<\/strong>\u00a0<em>Sin t\u00edtulo,<\/em> Jokin Manzanos (Ex Aequo) y <em>Sin t\u00edtulo<\/em>, Javier Villarreal (Ex Aequo).<\/li>\n<li><strong>XXVI <strong>edition<\/strong> 2002.<\/strong>\u00a0Declarado desierto.<\/li>\n<li><strong>XXV <strong>edition<\/strong> 2001.<\/strong>\u00a0<em>Serie mirar,\u00a0<\/em>Ximo Amig\u00f3.<\/li>\n<li><strong>XXIV <strong>edition<\/strong> 2000.<\/strong>\u00a0<em>Sin t\u00edtulo<\/em>, Txiki Aguirre G\u00e1rate.<\/li>\n<li><strong>XXIII <strong>edition<\/strong> 1999.<\/strong>\u00a0<em>Bilbao, <\/em>Jon I\u00f1aki Landa Garc\u00eda-Uceda y<em>\u00a0<\/em><i>Physis, <\/i>Koldo Sebasti\u00e1n.<\/li>\n<li><strong>XXII <strong>edition<\/strong> 1998.<\/strong>\u00a0Declarado desierto.<\/li>\n<li><strong>XXI <strong>edition<\/strong> 1997.<\/strong>\u00a0<em>La cacer\u00eda<\/em>, Carlos Alonso Fern\u00e1ndez y\u00a0<em>Cuatro animales,\u00a0<\/em>Juan Mari Ruiz Sukilbide.<\/li>\n<li><strong>XX <strong>edition<\/strong> 1996.\u00a0<\/strong><em>Cien a\u00f1os,<\/em> Mikel Esparza Murillo.<\/li>\n<li><strong>XIX <strong>edition<\/strong> 1995.<\/strong><em>\u00a0C\u00e1seda<\/em>, Juan Carlos Karrillo.<\/li>\n<li><strong>XVIII <strong>edition<\/strong> 1994.\u00a0<\/strong><em>Sin t\u00edtulo, <\/em>Jos\u00e9 Mar\u00eda Soria P\u00e9rez.<\/li>\n<li><strong>XVII <strong>edition<\/strong> 1993.\u00a0<\/strong><em>Baco en reposo,\u00a0<\/em>Carlos Montoya Alonso.<\/li>\n<li><strong>XVI <strong>edition<\/strong> 1992.<\/strong>\u00a0<i>Sin t\u00edtulo,\u00a0<\/i>Javier Villarreal.<\/li>\n<li><strong>XV <strong>edition<\/strong> 1991.\u00a0<\/strong><em>Paisaje con pueblo, <\/em>Gregorio Paton.<\/li>\n<li><strong>XIV <strong>edition<\/strong> 1990.<\/strong>\u00a0<em>Encapotado, <\/em>Patxi Idoate.<\/li>\n<li><strong>XIII <strong>edition<\/strong> 1989.\u00a0<\/strong><em>Polibio, <\/em>Elena Bezunartea Oroz.<\/li>\n<li><strong>XII <strong>edition<\/strong> 1988.<\/strong><em>\u00a0Paisaje de tren 2,\u00a0<\/em>Miriam Fern\u00e1ndez Aguirre.<\/li>\n<li><strong>XI\u00a0edition 1987.\u00a0<\/strong><em>Mont\u00e9s,\u00a0<\/em>Miguel Mu\u00f1oz Aranguren.<\/li>\n<li><strong>X <strong>edition<\/strong> 1986.\u00a0<\/strong><em>Naturaleza en porciones,<\/em> Alicia Irigoyen.<\/li>\n<li><strong>IX <strong>edition<\/strong> 1985.<\/strong>\u00a0<em>Escupi\u00f3 al sapo y puso fin a su despedida,<\/em> Iosu Moreno Merino.<\/li>\n<li><strong>VIII <strong>edition<\/strong> 1984.<\/strong>\u00a0<i>Autorretrato, <\/i>Txiki Medina.<\/li>\n<li><strong>VII <strong>edition<\/strong> 1983.<\/strong><em>\u00a0El s\u00f3tano,\u00a0<\/em>Charo Fontalba.<\/li>\n<li><strong>VI <strong>edition<\/strong> 1982.<\/strong>\u00a0<em>Rayos Iris, <\/em>Miguel \u00c1ngel Elizondo.<\/li>\n<li><strong>V <strong>edition<\/strong> 1981.<\/strong>\u00a0<em>Pantano de Alloz,\u00a0<\/em>Presen Lorente.<\/li>\n<li><strong>IV <strong>edition<\/strong> 1980.<\/strong><em>\u00a0Estaci\u00f3n El Irati, <\/em>Miguel Unciti Apestegu\u00eda.<\/li>\n<li><strong>III <strong>edition<\/strong> 1979.<\/strong>\u00a0<em>Paisaje,\u00a0<\/em>Merche Jim\u00e9nez.<\/li>\n<li><strong>II <strong>edition<\/strong> 1978<\/strong>.\u00a0<em>Bodeg\u00f3n<\/em>, Carmen Germ\u00e1n Luesma.<\/li>\n<li><strong>I <strong>edition<\/strong> 1977.<\/strong>\u00a0<em>Bosque de hayas<\/em>, Juan Jes\u00fas Leache Go\u00f1i.<\/li>\n<\/ul>\n[\/vc_cta][\/vc_column_inner][\/vc_row_inner]<hr  class=\"x-gap\" style=\"margin: 2.313em 0 0 0;\">[vc_btn title=&#8221;Return to International Contest&#8221; style=&#8221;outline-custom&#8221; outline_custom_color=&#8221;#4e4e4e&#8221; outline_custom_hover_background=&#8221;#4e4e4e&#8221; outline_custom_hover_text=&#8221;#ffffff&#8221; align=&#8221;center&#8221; i_icon_fontawesome=&#8221;fa fa-arrow-circle-left&#8221; button_block=&#8221;true&#8221; add_icon=&#8221;true&#8221; link=&#8221;url:https%3A%2F%2Fwww.bilaketa.es%2Fen%2Fcultural-area%2Finternational-poetry-fiction-and-painting-contest%2F|title:Return%20to%20International%20Contest||&#8221;][\/vc_column][\/vc_row][vc_row padding_top=&#8221;0px&#8221; padding_bottom=&#8221;0px&#8221;][vc_column fade_animation_offset=&#8221;45px&#8221; width=&#8221;1\/1&#8243;]<hr  class=\"x-gap\" style=\"margin: 1.313em 0 0 0;\">[\/vc_column][\/vc_row][vc_row padding_top=&#8221;60px&#8221; padding_bottom=&#8221;0px&#8221; bg_video=&#8221;&#8221; class=&#8221;&#8221; style=&#8221;&#8221;][vc_column fade_animation_offset=&#8221;45px&#8221; width=&#8221;1\/1&#8243;]<a  class=\"x-img x-img-link x-img-rounded none\"  href=\"https:\/\/www.bilaketa.es\/publicaciones\/\"     data-options=\"thumbnail: 'https:\/\/www.bilaketa.es\/wp-content\/uploads\/2016\/05\/publicaciones.jpg'\"><img decoding=\"async\" src=\"https:\/\/www.bilaketa.es\/wp-content\/uploads\/2016\/05\/publicaciones.jpg\" ><\/a>[vc_btn title=&#8221;Publications&#8221; style=&#8221;gradient-custom&#8221; gradient_custom_color_1=&#8221;#dd9933&#8243; gradient_custom_color_2=&#8221;#799104&#8243; size=&#8221;lg&#8221; align=&#8221;center&#8221; button_block=&#8221;true&#8221; link=&#8221;url:https%3A%2F%2Fwww.bilaketa.es%2Fpublicaciones%2F||&#8221;][\/vc_column][\/vc_row]\n<\/div>","protected":false},"excerpt":{"rendered":"<p>[vc_row padding_top=&#8221;30px&#8221; padding_bottom=&#8221;0px&#8221; bg_video=&#8221;&#8221; class=&#8221;&#8221; style=&#8221;&#8221;][vc_column fade_animation_offset=&#8221;45px&#8221; width=&#8221;1\/1&#8243;][\/vc_column][\/vc_row][vc_row padding_top=&#8221;0px&#8221; padding_bottom=&#8221;0px&#8221; border=&#8221;none&#8221; bg_video=&#8221;&#8221; class=&#8221;&#8221; style=&#8221;&#8221;][vc_column fade_animation=&#8221;in-from-left&#8221; fade_animation_offset=&#8221;45px&#8221; width=&#8221;1\/4&#8243; id=&#8221;&#8221; class=&#8221;&#8221; style=&#8221;&#8221;][vc_btn title=&#8221;Youth Unit&#8221; style=&#8221;outline-custom&#8221; outline_custom_color=&#8221;#fe8404&#8243; outline_custom_hover_background=&#8221;#fe8404&#8243; outline_custom_hover_text=&#8221;#ffffff&#8221; align=&#8221;left&#8221; i_type=&#8221;entypo&#8221; i_icon_entypo=&#8221;entypo-icon entypo-icon-pencil&#8221; button_block=&#8221;true&#8221; add_icon=&#8221;true&#8221; link=&#8221;url:https%3A%2F%2Fwww.bilaketa.es%2Fen%2Fyouth-unit%2F|title:Youth%20Unit||&#8221;][vc_btn title=&#8221;Elders Unit&#8221; style=&#8221;outline-custom&#8221; outline_custom_color=&#8221;#b19d96&#8243; outline_custom_hover_background=&#8221;#b19d96&#8243; outline_custom_hover_text=&#8221;#ffffff&#8221; align=&#8221;left&#8221; i_type=&#8221;entypo&#8221; i_icon_entypo=&#8221;entypo-icon entypo-icon-feather&#8221; button_block=&#8221;true&#8221; add_icon=&#8221;true&#8221; link=&#8221;url:https%3A%2F%2Fwww.bilaketa.es%2Fen%2Felders-unit%2F|title:Elders%20Unit||&#8221;][vc_btn title=&#8221;Cultural Area&#8221; style=&#8221;custom&#8221; custom_background=&#8221;#4e4e4e&#8221; custom_text=&#8221;#ffffff&#8221; align=&#8221;left&#8221; i_type=&#8221;entypo&#8221; i_icon_entypo=&#8221;entypo-icon entypo-icon-book&#8221; button_block=&#8221;true&#8221; add_icon=&#8221;true&#8221; link=&#8221;url:https%3A%2F%2Fwww.bilaketa.es%2Fen%2Fcultural-area%2F|title:Cultural%20Area||&#8221;][vc_btn title=&#8221;Presentation&#8221; style=&#8221;outline-custom&#8221; &#8230;<\/p>\n","protected":false},"author":2,"featured_media":0,"parent":3176,"menu_order":0,"comment_status":"closed","ping_status":"closed","template":"","meta":{"ngg_post_thumbnail":0,"footnotes":""},"class_list":["post-3198","page","type-page","status-publish","hentry","no-post-thumbnail"],"_links":{"self":[{"href":"https:\/\/www.bilaketa.es\/en\/wp-json\/wp\/v2\/pages\/3198"}],"collection":[{"href":"https:\/\/www.bilaketa.es\/en\/wp-json\/wp\/v2\/pages"}],"about":[{"href":"https:\/\/www.bilaketa.es\/en\/wp-json\/wp\/v2\/types\/page"}],"author":[{"embeddable":true,"href":"https:\/\/www.bilaketa.es\/en\/wp-json\/wp\/v2\/users\/2"}],"replies":[{"embeddable":true,"href":"https:\/\/www.bilaketa.es\/en\/wp-json\/wp\/v2\/comments?post=3198"}],"version-history":[{"count":3,"href":"https:\/\/www.bilaketa.es\/en\/wp-json\/wp\/v2\/pages\/3198\/revisions"}],"predecessor-version":[{"id":3443,"href":"https:\/\/www.bilaketa.es\/en\/wp-json\/wp\/v2\/pages\/3198\/revisions\/3443"}],"up":[{"embeddable":true,"href":"https:\/\/www.bilaketa.es\/en\/wp-json\/wp\/v2\/pages\/3176"}],"wp:attachment":[{"href":"https:\/\/www.bilaketa.es\/en\/wp-json\/wp\/v2\/media?parent=3198"}],"curies":[{"name":"wp","href":"https:\/\/api.w.org\/{rel}","templated":true}]}}