{"id":3230,"date":"2017-04-29T10:26:19","date_gmt":"2017-04-29T10:26:19","guid":{"rendered":"https:\/\/www.bilaketa.es\/?page_id=3230\/"},"modified":"2023-09-06T20:11:41","modified_gmt":"2023-09-06T18:11:41","slug":"mariano-garcia-music-band","status":"publish","type":"page","link":"https:\/\/www.bilaketa.es\/en\/cultural-area\/mariano-garcia-music-band\/","title":{"rendered":"<em>Mariano Garc\u00eda<\/em> Music Band"},"content":{"rendered":"<div class=\"wpb-content-wrapper\">[vc_row padding_top=&#8221;30px&#8221; padding_bottom=&#8221;0px&#8221; bg_video=&#8221;&#8221; class=&#8221;&#8221; style=&#8221;&#8221;][vc_column fade_animation_offset=&#8221;45px&#8221;][vc_column_text]<a  class=\"x-img x-img-link x-img-rounded\"  href=\"https:\/\/www.bilaketa.es\/area-de-cultura\/\" title=\"Area de Cultura\"    data-options=\"thumbnail: 'https:\/\/www.bilaketa.es\/wp-content\/uploads\/2016\/05\/area-cultura-1.jpg'\"><img decoding=\"async\" src=\"https:\/\/www.bilaketa.es\/wp-content\/uploads\/2016\/05\/area-cultura-1.jpg\" ><\/a><h2  class=\"h-custom-headline center-text h2\" ><span><em>Mariano Garc\u00eda<\/em> Music Band<\/span><\/h2><hr  class=\"x-gap\" style=\"margin: 2.313em 0 0 0;\">[\/vc_column_text][\/vc_column][\/vc_row][vc_row padding_top=&#8221;0px&#8221; padding_bottom=&#8221;0px&#8221; border=&#8221;none&#8221; bg_video=&#8221;&#8221; class=&#8221;&#8221; style=&#8221;&#8221;][vc_column width=&#8221;1\/4&#8243; fade_animation=&#8221;in-from-left&#8221; fade_animation_offset=&#8221;45px&#8221; id=&#8221;&#8221; class=&#8221;&#8221; style=&#8221;&#8221;][vc_btn title=&#8221;Youth Unit&#8221; style=&#8221;outline-custom&#8221; outline_custom_color=&#8221;#fe8404&#8243; outline_custom_hover_background=&#8221;#fe8404&#8243; outline_custom_hover_text=&#8221;#ffffff&#8221; align=&#8221;left&#8221; i_type=&#8221;entypo&#8221; i_icon_entypo=&#8221;entypo-icon entypo-icon-pencil&#8221; button_block=&#8221;true&#8221; add_icon=&#8221;true&#8221; link=&#8221;url:https%3A%2F%2Fwww.bilaketa.es%2Fen%2Fyouth-unit%2F|title:Youth%20Unit||&#8221;][vc_btn title=&#8221;Elders Unit&#8221; style=&#8221;outline-custom&#8221; outline_custom_color=&#8221;#b19d96&#8243; outline_custom_hover_background=&#8221;#b19d96&#8243; outline_custom_hover_text=&#8221;#ffffff&#8221; align=&#8221;left&#8221; i_type=&#8221;entypo&#8221; i_icon_entypo=&#8221;entypo-icon entypo-icon-feather&#8221; button_block=&#8221;true&#8221; add_icon=&#8221;true&#8221; link=&#8221;url:https%3A%2F%2Fwww.bilaketa.es%2Fen%2Felders-unit%2F|title:Elders%20Unit||&#8221;][vc_btn title=&#8221;Cultural Area&#8221; style=&#8221;custom&#8221; custom_background=&#8221;#4e4e4e&#8221; custom_text=&#8221;#ffffff&#8221; align=&#8221;left&#8221; i_type=&#8221;entypo&#8221; i_icon_entypo=&#8221;entypo-icon entypo-icon-book&#8221; button_block=&#8221;true&#8221; add_icon=&#8221;true&#8221; link=&#8221;url:https%3A%2F%2Fwww.bilaketa.es%2Fen%2Fcultural-area%2F|title:Cultural%20Area||&#8221;][vc_btn title=&#8221;Presentation&#8221; style=&#8221;outline-custom&#8221; outline_custom_color=&#8221;#4e4e4e&#8221; outline_custom_hover_background=&#8221;#4e4e4e&#8221; outline_custom_hover_text=&#8221;#ffffff&#8221; size=&#8221;sm&#8221; align=&#8221;left&#8221; button_block=&#8221;true&#8221; link=&#8221;url:https%3A%2F%2Fwww.bilaketa.es%2Fen%2Fcultural-area%2F|title:Cultural%20Area%20Presentation||&#8221; css=&#8221;.vc_custom_1493461539343{padding-left: 30px !important;}&#8221;][vc_btn title=&#8221;International Poetry, Fiction and Painting Contest&#8221; style=&#8221;outline-custom&#8221; outline_custom_color=&#8221;#4e4e4e&#8221; outline_custom_hover_background=&#8221;#4e4e4e&#8221; outline_custom_hover_text=&#8221;#ffffff&#8221; size=&#8221;sm&#8221; align=&#8221;left&#8221; button_block=&#8221;true&#8221; link=&#8221;url:https%3A%2F%2Fwww.bilaketa.es%2Fen%2Fcultural-area%2Finternational-poetry-fiction-and-painting-contest%2F|title:International%20Poetry%2C%20Fiction%20and%20Painting%20Contest||&#8221; css=&#8221;.vc_custom_1493461527397{margin-top: -20px !important;padding-left: 30px !important;}&#8221;][vc_btn title=&#8221;International Outdoor Sculpture Contest&#8221; style=&#8221;outline-custom&#8221; outline_custom_color=&#8221;#4e4e4e&#8221; outline_custom_hover_background=&#8221;#4e4e4e&#8221; outline_custom_hover_text=&#8221;#ffffff&#8221; size=&#8221;sm&#8221; align=&#8221;left&#8221; button_block=&#8221;true&#8221; link=&#8221;url:https%3A%2F%2Fwww.bilaketa.es%2Fen%2Fcultural-area%2Finternational-outdoor-sculpture-contest%2F|title:International%20Outdoor%20Sculpture%20Contest||&#8221; css=&#8221;.vc_custom_1493461513796{margin-top: -20px !important;padding-left: 30px !important;}&#8221;][vc_btn title=&#8221;<em>Mariano Garcia<\/em> Music Academy&#8221; style=&#8221;outline-custom&#8221; outline_custom_color=&#8221;#4e4e4e&#8221; outline_custom_hover_background=&#8221;#4e4e4e&#8221; outline_custom_hover_text=&#8221;#ffffff&#8221; size=&#8221;sm&#8221; align=&#8221;left&#8221; button_block=&#8221;true&#8221; link=&#8221;url:https%3A%2F%2Fwww.bilaketa.es%2Fen%2Fcultural-area%2Fmariano-garcia-music-academy%2F|title:%3Cem%3EMariano%20Garcia%3C%2Fem%3E%20Music%20Academy||&#8221; css=&#8221;.vc_custom_1493461498463{margin-top: -20px !important;padding-left: 30px !important;}&#8221;][vc_btn title=&#8221;<em>Mariano Garc\u00eda<\/em> Music Band&#8221; style=&#8221;custom&#8221; custom_background=&#8221;#4e4e4e&#8221; custom_text=&#8221;#ffffff&#8221; size=&#8221;sm&#8221; align=&#8221;left&#8221; button_block=&#8221;true&#8221; link=&#8221;url:%23|title:%3Cem%3EMariano%20Garc%C3%ADa%3C%2Fem%3E%20Music%20Band||&#8221; css=&#8221;.vc_custom_1493461375231{margin-top: -20px !important;padding-left: 30px !important;}&#8221;][vc_btn title=&#8221;Volunteers&#8217; School&#8221; style=&#8221;outline-custom&#8221; outline_custom_color=&#8221;#4e4e4e&#8221; outline_custom_hover_background=&#8221;#4e4e4e&#8221; outline_custom_hover_text=&#8221;#ffffff&#8221; size=&#8221;sm&#8221; align=&#8221;left&#8221; button_block=&#8221;true&#8221; link=&#8221;url:https%3A%2F%2Fwww.bilaketa.es%2Fen%2Fcultural-area%2Fvolunteers-school%2F|title:Volunteers&#8217;%20School||&#8221; css=&#8221;.vc_custom_1493639870421{margin-top: -20px !important;padding-left: 30px !important;}&#8221;][vc_btn title=&#8221;Library&#8221; style=&#8221;outline-custom&#8221; outline_custom_color=&#8221;#4e4e4e&#8221; outline_custom_hover_background=&#8221;#4e4e4e&#8221; outline_custom_hover_text=&#8221;#ffffff&#8221; size=&#8221;sm&#8221; align=&#8221;left&#8221; button_block=&#8221;true&#8221; link=&#8221;url:https%3A%2F%2Fwww.bilaketa.es%2Fen%2Fcultural-area%2Flibrary%2F|title:Library||&#8221; css=&#8221;.vc_custom_1493639927659{margin-top: -20px !important;padding-left: 30px !important;}&#8221;][vc_btn title=&#8221;Virtual reading Workshop <em>VIVEleyendo!<\/em>&#8221; style=&#8221;outline-custom&#8221; outline_custom_color=&#8221;#4e4e4e&#8221; outline_custom_hover_background=&#8221;#4e4e4e&#8221; outline_custom_hover_text=&#8221;#ffffff&#8221; size=&#8221;sm&#8221; align=&#8221;left&#8221; button_block=&#8221;true&#8221; link=&#8221;url:https%3A%2F%2Fwww.bilaketa.es%2Fen%2Fcultural-area%2Fvirtual-reading-workshop-viveleyendo%2F|title:Virtual%20reading%20Workshop%20%3Cem%3EVIVEleyendo!%3C%2Fem%3E||&#8221; css=&#8221;.vc_custom_1493639967009{margin-top: -20px !important;padding-left: 30px !important;}&#8221;][vc_btn title=&#8221;Bilaketa Exhibition&#8221; style=&#8221;outline-custom&#8221; outline_custom_color=&#8221;#4e4e4e&#8221; outline_custom_hover_background=&#8221;#4e4e4e&#8221; outline_custom_hover_text=&#8221;#ffffff&#8221; size=&#8221;sm&#8221; align=&#8221;left&#8221; button_block=&#8221;true&#8221; link=&#8221;url:https%3A%2F%2Fwww.bilaketa.es%2Fen%2Fcultural-area%2Fheritage-of-bilaketa-exhibition%2F|title:Bilaketa%20Exhibition||&#8221; css=&#8221;.vc_custom_1493640010714{margin-top: -20px !important;padding-left: 30px !important;}&#8221;][vc_btn title=&#8221;News and Activities&#8221; style=&#8221;outline-custom&#8221; outline_custom_color=&#8221;#4e4e4e&#8221; outline_custom_hover_background=&#8221;#4e4e4e&#8221; outline_custom_hover_text=&#8221;#ffffff&#8221; size=&#8221;sm&#8221; align=&#8221;left&#8221; button_block=&#8221;true&#8221; link=&#8221;url:https%3A%2F%2Fwww.bilaketa.es%2Fen%2Fcultural-area%2Fnews-and-activities%2F|title:News%20and%20Activities||&#8221; css=&#8221;.vc_custom_1493640052437{margin-top: -20px !important;padding-left: 30px !important;}&#8221;][vc_btn title=&#8221;<em>Francisco Yndur\u00e1in<\/em> Elders University&#8221; style=&#8221;outline-custom&#8221; outline_custom_color=&#8221;#4cadc9&#8243; outline_custom_hover_background=&#8221;#4cadc9&#8243; outline_custom_hover_text=&#8221;#ffffff&#8221; align=&#8221;left&#8221; i_icon_fontawesome=&#8221;fa fa-graduation-cap&#8221; button_block=&#8221;true&#8221; add_icon=&#8221;true&#8221; link=&#8221;url:https%3A%2F%2Fwww.bilaketa.es%2Fen%2Ffrancisco-yndurain-elders-university%2F|title:%3Cem%3EFrancisco%20Yndur%C3%A1in%3C%2Fem%3E%20Elders%20University||&#8221;][vc_btn title=&#8221;Science and New Technology Club&#8221; style=&#8221;outline-custom&#8221; outline_custom_color=&#8221;#0448d1&#8243; outline_custom_hover_background=&#8221;#0448d1&#8243; outline_custom_hover_text=&#8221;#ffffff&#8221; align=&#8221;left&#8221; i_type=&#8221;typicons&#8221; i_icon_typicons=&#8221;typcn typcn-device-desktop&#8221; button_block=&#8221;true&#8221; add_icon=&#8221;true&#8221; link=&#8221;url:https%3A%2F%2Fwww.bilaketa.es%2Fen%2Fscience-and-new-technology-club%2F|title:Science%20and%20New%20Technology%20Club||&#8221;][\/vc_column][vc_column width=&#8221;3\/4&#8243; fade_animation_offset=&#8221;45px&#8221;][vc_row_inner padding_top=&#8221;60px&#8221; padding_bottom=&#8221;0px&#8221; bg_video=&#8221;&#8221; class=&#8221;&#8221; style=&#8221;&#8221;][vc_column_inner fade_animation=&#8221;in-from-left&#8221; fade_animation_offset=&#8221;45px&#8221; id=&#8221;&#8221; class=&#8221;&#8221; style=&#8221;&#8221;][vc_column_text]<h3  class=\"h-custom-headline h4\" ><span>History<\/span><\/h3><hr  class=\"x-hr\" >[\/vc_column_text][\/vc_column_inner][\/vc_row_inner][vc_row_inner padding_top=&#8221;0px&#8221; padding_bottom=&#8221;0px&#8221;][vc_column_inner width=&#8221;2\/3&#8243; fade_animation=&#8221;in-from-left&#8221; fade_animation_offset=&#8221;45px&#8221; id=&#8221;&#8221; class=&#8221;&#8221; style=&#8221;&#8221;][vc_column_text]The Mariano Garc\u00eda Music Band was founded in May 1998. It is composed of approximately 50 members, mostly aged between 14 and 36 years old.<\/p>\n<p>Since its foundation, the Band has been under the direction of Professor Emilio Est\u00e9vez. In 2010, due to health reasons, Emilio stepped down from the directorship, and Juan Beroiz and David Mart\u00ednez took over. From February 2013 onwards, David Mart\u00ednez has been the sole director.<\/p>\n<p>Their repertoire includes a wide range of music for bands, including parades (street marches, morning serenades, procession marches, etc.), concerts (pasodobles, zarzuelas, film scores, jazz repertoire, classical and modern music, etc.), and folklore.<\/p>\n<p>They have achieved notable awards, such as the first prize at the Band Competition organized by the Hotel Maisonnave in Pamplona in July 2002 and a special prize in 2004.<\/p>\n<p>Over the years, they have performed concerts in various locations, including Pamplona, Arguedas, Huarte-Pamplona, Sartaguda, Murillo el Fruto, Bara\u00f1ain, Aoiz, Logro\u00f1o, Zaragoza, at the Music Kiosk in Buen Retiro Park in Madrid, Forcarei (Pontevedra), A R\u00faa de Valdeorras (Ourense), Toledo, and finally, on May 11, 2014, to celebrate the 15th Anniversary of the band&#8217;s foundation, they participated in a street parade and later a concert at the Sala Verde in the Teatros del Canal in Madrid.<\/p>\n<p>Three years later, in 2017, they gave a concert at the Montemar Theater in Baeza (Ja\u00e9n).[\/vc_column_text][\/vc_column_inner][vc_column_inner width=&#8221;1\/3&#8243; fade_animation_offset=&#8221;45px&#8221;][vc_cta h2=&#8221;&#8221; add_icon=&#8221;top&#8221; i_icon_fontawesome=&#8221;fa fa-leanpub&#8221; i_color=&#8221;custom&#8221; i_background_style=&#8221;rounded&#8221; i_size=&#8221;lg&#8221; i_on_border=&#8221;true&#8221; i_custom_color=&#8221;#4e4e4e&#8221; i_link=&#8221;||&#8221;]\n<h4 style=\"text-align: center;\"><a href=\"https:\/\/www.bilaketa.es\/wp-content\/uploads\/2016\/07\/REPERTORIO.pdf\" target=\"_blank\" rel=\"noopener\">See repertoire<\/a><\/h4>\n[\/vc_cta][\/vc_column_inner][\/vc_row_inner][vc_row_inner padding_top=&#8221;60px&#8221; padding_bottom=&#8221;0px&#8221; bg_video=&#8221;&#8221; class=&#8221;&#8221; style=&#8221;&#8221;][vc_column_inner fade=&#8221;true&#8221; fade_animation=&#8221;in-from-left&#8221; fade_animation_offset=&#8221;45px&#8221; id=&#8221;&#8221; class=&#8221;&#8221; style=&#8221;&#8221;][vc_cta h2=&#8221;&#8221; style=&#8221;outline&#8221; add_icon=&#8221;left&#8221; i_icon_fontawesome=&#8221;fa fa-envelope&#8221; i_color=&#8221;custom&#8221; i_background_style=&#8221;rounded&#8221; i_custom_color=&#8221;#4e4e4e&#8221;]To contact us, you can call us at the following telephone number or write us to our e-mail:<br \/>\nTelephone: 948 336 598<br \/>\nE-mail:&nbsp;<a href=\"mailto:info@bilaketa.com\">info@bilaketa.com<\/a>[\/vc_cta][\/vc_column_inner][\/vc_row_inner][vc_column_text]<p><iframe loading=\"lazy\" src=\"https:\/\/www.youtube.com\/embed\/2V70XAMPI0E\" width=\"560\" height=\"415\" frameborder=\"0\" allowfullscreen=\"allowfullscreen\"><\/iframe><\/p>\n[\/vc_column_text][vc_row_inner padding_top=&#8221;60px&#8221; padding_bottom=&#8221;0px&#8221; bg_video=&#8221;&#8221; class=&#8221;&#8221; style=&#8221;&#8221;][vc_column_inner width=&#8221;1\/2&#8243; fade=&#8221;true&#8221; fade_animation=&#8221;in-from-left&#8221; fade_animation_offset=&#8221;45px&#8221; id=&#8221;&#8221; class=&#8221;&#8221; style=&#8221;&#8221;][vc_column_text]<p><iframe loading=\"lazy\" src=\"https:\/\/www.youtube.com\/embed\/-yrOusAC_U4\" width=\"360\" height=\"220\" frameborder=\"0\" allowfullscreen=\"allowfullscreen\"><\/iframe><\/p>\n[\/vc_column_text][vc_column_text]<p><iframe loading=\"lazy\" src=\"https:\/\/www.youtube.com\/embed\/6zcVbD_Wg0Q\" width=\"360\" height=\"220\" frameborder=\"0\" allowfullscreen=\"allowfullscreen\"><\/iframe><\/p>\n[\/vc_column_text][\/vc_column_inner][vc_column_inner width=&#8221;1\/2&#8243;][vc_column_text]<p><iframe loading=\"lazy\" src=\"https:\/\/www.youtube.com\/embed\/ge2lFjBe6JU\" width=\"360\" height=\"220\" frameborder=\"0\" allowfullscreen=\"allowfullscreen\"><\/iframe><\/p>\n[\/vc_column_text][vc_column_text]<p><iframe loading=\"lazy\" src=\"https:\/\/www.youtube.com\/embed\/guNG3_0HQSY\" width=\"360\" height=\"220\" frameborder=\"0\" allowfullscreen=\"allowfullscreen\"><\/iframe><\/p>\n[\/vc_column_text][\/vc_column_inner][\/vc_row_inner][vc_row_inner padding_top=&#8221;0px&#8221; padding_bottom=&#8221;0px&#8221;][vc_column_inner fade_animation_offset=&#8221;45px&#8221;][vc_media_grid item=&#8221;mediaGrid_SimpleOverlay&#8221; grid_id=&#8221;vc_gid:1694022484655-4db430f0a3d603edea099c8f180c8911-9&#8243; include=&#8221;1289,1290,1291,1292,1293,1295&#8243;][\/vc_column_inner][\/vc_row_inner][\/vc_column][\/vc_row][vc_row padding_top=&#8221;0px&#8221; padding_bottom=&#8221;0px&#8221;][vc_column fade_animation_offset=&#8221;45px&#8221;][vc_single_image image=&#8221;5762&#8243; img_size=&#8221;full&#8221; alignment=&#8221;center&#8221; style=&#8221;vc_box_rounded&#8221; onclick=&#8221;custom_link&#8221; link=&#8221;https:\/\/www.bilaketa.es\/publicaciones\/&#8221;][\/vc_column][\/vc_row][vc_row padding_top=&#8221;60px&#8221; padding_bottom=&#8221;0px&#8221; bg_video=&#8221;&#8221; class=&#8221;&#8221; style=&#8221;&#8221;][vc_column fade_animation_offset=&#8221;45px&#8221;][vc_btn title=&#8221;Publications&#8221; style=&#8221;gradient-custom&#8221; gradient_custom_color_1=&#8221;#dd9933&#8243; gradient_custom_color_2=&#8221;#799104&#8243; size=&#8221;lg&#8221; align=&#8221;center&#8221; button_block=&#8221;true&#8221; link=&#8221;url:https%3A%2F%2Fwww.bilaketa.es%2Fpublicaciones%2F||&#8221;][\/vc_column][\/vc_row]\n<\/div>","protected":false},"excerpt":{"rendered":"<p>[vc_row padding_top=&#8221;30px&#8221; padding_bottom=&#8221;0px&#8221; bg_video=&#8221;&#8221; class=&#8221;&#8221; style=&#8221;&#8221;][vc_column fade_animation_offset=&#8221;45px&#8221;][vc_column_text][\/vc_column_text][\/vc_column][\/vc_row][vc_row padding_top=&#8221;0px&#8221; padding_bottom=&#8221;0px&#8221; border=&#8221;none&#8221; bg_video=&#8221;&#8221; class=&#8221;&#8221; style=&#8221;&#8221;][vc_column width=&#8221;1\/4&#8243; fade_animation=&#8221;in-from-left&#8221; fade_animation_offset=&#8221;45px&#8221; id=&#8221;&#8221; class=&#8221;&#8221; style=&#8221;&#8221;][vc_btn title=&#8221;Youth Unit&#8221; style=&#8221;outline-custom&#8221; outline_custom_color=&#8221;#fe8404&#8243; outline_custom_hover_background=&#8221;#fe8404&#8243; outline_custom_hover_text=&#8221;#ffffff&#8221; align=&#8221;left&#8221; i_type=&#8221;entypo&#8221; i_icon_entypo=&#8221;entypo-icon entypo-icon-pencil&#8221; button_block=&#8221;true&#8221; add_icon=&#8221;true&#8221; link=&#8221;url:https%3A%2F%2Fwww.bilaketa.es%2Fen%2Fyouth-unit%2F|title:Youth%20Unit||&#8221;][vc_btn title=&#8221;Elders Unit&#8221; style=&#8221;outline-custom&#8221; outline_custom_color=&#8221;#b19d96&#8243; outline_custom_hover_background=&#8221;#b19d96&#8243; outline_custom_hover_text=&#8221;#ffffff&#8221; align=&#8221;left&#8221; i_type=&#8221;entypo&#8221; i_icon_entypo=&#8221;entypo-icon entypo-icon-feather&#8221; button_block=&#8221;true&#8221; add_icon=&#8221;true&#8221; link=&#8221;url:https%3A%2F%2Fwww.bilaketa.es%2Fen%2Felders-unit%2F|title:Elders%20Unit||&#8221;][vc_btn title=&#8221;Cultural Area&#8221; style=&#8221;custom&#8221; custom_background=&#8221;#4e4e4e&#8221; custom_text=&#8221;#ffffff&#8221; align=&#8221;left&#8221; i_type=&#8221;entypo&#8221; i_icon_entypo=&#8221;entypo-icon entypo-icon-book&#8221; button_block=&#8221;true&#8221; add_icon=&#8221;true&#8221; link=&#8221;url:https%3A%2F%2Fwww.bilaketa.es%2Fen%2Fcultural-area%2F|title:Cultural%20Area||&#8221;][vc_btn title=&#8221;Presentation&#8221; style=&#8221;outline-custom&#8221; outline_custom_color=&#8221;#4e4e4e&#8221; &#8230;<\/p>\n","protected":false},"author":2,"featured_media":0,"parent":3170,"menu_order":0,"comment_status":"closed","ping_status":"closed","template":"","meta":{"ngg_post_thumbnail":0,"footnotes":""},"class_list":["post-3230","page","type-page","status-publish","hentry","no-post-thumbnail"],"_links":{"self":[{"href":"https:\/\/www.bilaketa.es\/en\/wp-json\/wp\/v2\/pages\/3230"}],"collection":[{"href":"https:\/\/www.bilaketa.es\/en\/wp-json\/wp\/v2\/pages"}],"about":[{"href":"https:\/\/www.bilaketa.es\/en\/wp-json\/wp\/v2\/types\/page"}],"author":[{"embeddable":true,"href":"https:\/\/www.bilaketa.es\/en\/wp-json\/wp\/v2\/users\/2"}],"replies":[{"embeddable":true,"href":"https:\/\/www.bilaketa.es\/en\/wp-json\/wp\/v2\/comments?post=3230"}],"version-history":[{"count":7,"href":"https:\/\/www.bilaketa.es\/en\/wp-json\/wp\/v2\/pages\/3230\/revisions"}],"predecessor-version":[{"id":6087,"href":"https:\/\/www.bilaketa.es\/en\/wp-json\/wp\/v2\/pages\/3230\/revisions\/6087"}],"up":[{"embeddable":true,"href":"https:\/\/www.bilaketa.es\/en\/wp-json\/wp\/v2\/pages\/3170"}],"wp:attachment":[{"href":"https:\/\/www.bilaketa.es\/en\/wp-json\/wp\/v2\/media?parent=3230"}],"curies":[{"name":"wp","href":"https:\/\/api.w.org\/{rel}","templated":true}]}}