{"id":3243,"date":"2017-04-30T08:26:42","date_gmt":"2017-04-30T08:26:42","guid":{"rendered":"https:\/\/www.bilaketa.es\/?page_id=3243\/"},"modified":"2017-05-01T12:06:09","modified_gmt":"2017-05-01T12:06:09","slug":"library","status":"publish","type":"page","link":"https:\/\/www.bilaketa.es\/en\/cultural-area\/library\/","title":{"rendered":"Library"},"content":{"rendered":"<div class=\"wpb-content-wrapper\">[vc_row padding_top=&#8221;30px&#8221; padding_bottom=&#8221;0px&#8221; bg_video=&#8221;&#8221; class=&#8221;&#8221; style=&#8221;&#8221;][vc_column fade_animation_offset=&#8221;45px&#8221; width=&#8221;1\/1&#8243;]<a  class=\"x-img x-img-link x-img-rounded\"  href=\"https:\/\/www.bilaketa.es\/area-de-cultura\/\" title=\"Area de Cultura\"    data-options=\"thumbnail: 'https:\/\/www.bilaketa.es\/wp-content\/uploads\/2016\/05\/area-cultura-1.jpg'\"><img decoding=\"async\" src=\"https:\/\/www.bilaketa.es\/wp-content\/uploads\/2016\/05\/area-cultura-1.jpg\" ><\/a><h2  class=\"h-custom-headline center-text h2\" ><span>Library<\/span><\/h2><hr  class=\"x-gap\" style=\"margin: 2.313em 0 0 0;\">[\/vc_column][\/vc_row][vc_row padding_top=&#8221;0px&#8221; padding_bottom=&#8221;0px&#8221; border=&#8221;none&#8221; bg_video=&#8221;&#8221; class=&#8221;&#8221; style=&#8221;&#8221;][vc_column fade_animation=&#8221;in-from-left&#8221; fade_animation_offset=&#8221;45px&#8221; width=&#8221;1\/4&#8243; id=&#8221;&#8221; class=&#8221;&#8221; style=&#8221;&#8221;][vc_btn title=&#8221;Youth Unit&#8221; style=&#8221;outline-custom&#8221; outline_custom_color=&#8221;#fe8404&#8243; outline_custom_hover_background=&#8221;#fe8404&#8243; outline_custom_hover_text=&#8221;#ffffff&#8221; align=&#8221;left&#8221; i_type=&#8221;entypo&#8221; i_icon_entypo=&#8221;entypo-icon entypo-icon-pencil&#8221; button_block=&#8221;true&#8221; add_icon=&#8221;true&#8221; link=&#8221;url:https%3A%2F%2Fwww.bilaketa.es%2Fen%2Fyouth-unit%2F|title:Youth%20Unit||&#8221;][vc_btn title=&#8221;Elders Unit&#8221; style=&#8221;outline-custom&#8221; outline_custom_color=&#8221;#b19d96&#8243; outline_custom_hover_background=&#8221;#b19d96&#8243; outline_custom_hover_text=&#8221;#ffffff&#8221; align=&#8221;left&#8221; i_type=&#8221;entypo&#8221; i_icon_entypo=&#8221;entypo-icon entypo-icon-feather&#8221; button_block=&#8221;true&#8221; add_icon=&#8221;true&#8221; link=&#8221;url:https%3A%2F%2Fwww.bilaketa.es%2Fen%2Felders-unit%2F|title:Elders%20Unit||&#8221;][vc_btn title=&#8221;Cultural Area&#8221; style=&#8221;custom&#8221; custom_background=&#8221;#4e4e4e&#8221; custom_text=&#8221;#ffffff&#8221; align=&#8221;left&#8221; i_type=&#8221;entypo&#8221; i_icon_entypo=&#8221;entypo-icon entypo-icon-book&#8221; button_block=&#8221;true&#8221; add_icon=&#8221;true&#8221; link=&#8221;url:https%3A%2F%2Fwww.bilaketa.es%2Fen%2Fcultural-area%2F|title:Cultural%20Area||&#8221;][vc_btn title=&#8221;Presentation&#8221; style=&#8221;outline-custom&#8221; outline_custom_color=&#8221;#4e4e4e&#8221; outline_custom_hover_background=&#8221;#4e4e4e&#8221; outline_custom_hover_text=&#8221;#ffffff&#8221; size=&#8221;sm&#8221; align=&#8221;left&#8221; button_block=&#8221;true&#8221; link=&#8221;url:https%3A%2F%2Fwww.bilaketa.es%2Fen%2Fcultural-area%2F|title:Cultural%20Area%20Presentation||&#8221; css=&#8221;.vc_custom_1493540763924{padding-left: 30px !important;}&#8221;][vc_btn title=&#8221;International Poetry, Fiction and Painting Contest&#8221; style=&#8221;outline-custom&#8221; outline_custom_color=&#8221;#4e4e4e&#8221; outline_custom_hover_background=&#8221;#4e4e4e&#8221; outline_custom_hover_text=&#8221;#ffffff&#8221; size=&#8221;sm&#8221; align=&#8221;left&#8221; button_block=&#8221;true&#8221; link=&#8221;url:https%3A%2F%2Fwww.bilaketa.es%2Fen%2Fcultural-area%2Finternational-poetry-fiction-and-painting-contest%2F|title:International%20Poetry%2C%20Fiction%20and%20Painting%20Contest||&#8221; css=&#8221;.vc_custom_1493540746241{margin-top: -20px !important;padding-left: 30px !important;}&#8221;][vc_btn title=&#8221;International Outdoor Sculpture Contest&#8221; style=&#8221;outline-custom&#8221; outline_custom_color=&#8221;#4e4e4e&#8221; outline_custom_hover_background=&#8221;#4e4e4e&#8221; outline_custom_hover_text=&#8221;#ffffff&#8221; size=&#8221;sm&#8221; align=&#8221;left&#8221; button_block=&#8221;true&#8221; link=&#8221;url:https%3A%2F%2Fwww.bilaketa.es%2Fen%2Fcultural-area%2Finternational-outdoor-sculpture-contest%2F|title:International%20Outdoor%20Sculpture%20Contest||&#8221; css=&#8221;.vc_custom_1493540732918{margin-top: -20px !important;padding-left: 30px !important;}&#8221;][vc_btn title=&#8221;<em>Mariano Garcia<\/em> Music Academy&#8221; style=&#8221;outline-custom&#8221; outline_custom_color=&#8221;#4e4e4e&#8221; outline_custom_hover_background=&#8221;#4e4e4e&#8221; outline_custom_hover_text=&#8221;#ffffff&#8221; size=&#8221;sm&#8221; align=&#8221;left&#8221; button_block=&#8221;true&#8221; link=&#8221;url:https%3A%2F%2Fwww.bilaketa.es%2Fen%2Fcultural-area%2Fmariano-garcia-music-academy%2F|title:%3Cem%3EMariano%20Garcia%3C%2Fem%3E%20Music%20Academy||&#8221; css=&#8221;.vc_custom_1493540719578{margin-top: -20px !important;padding-left: 30px !important;}&#8221;][vc_btn title=&#8221;<em>Mariano Garc\u00eda<\/em> Music Band&#8221; style=&#8221;outline-custom&#8221; outline_custom_color=&#8221;#4e4e4e&#8221; outline_custom_hover_background=&#8221;#4e4e4e&#8221; outline_custom_hover_text=&#8221;#ffffff&#8221; size=&#8221;sm&#8221; align=&#8221;left&#8221; button_block=&#8221;true&#8221; link=&#8221;url:https%3A%2F%2Fwww.bilaketa.es%2Fen%2Fcultural-area%2Fmariano-garcia-music-band%2F|title:%3Cem%3EMariano%20Garc%C3%ADa%3C%2Fem%3E%20Music%20Band||&#8221; css=&#8221;.vc_custom_1493540702930{margin-top: -20px !important;padding-left: 30px !important;}&#8221;][vc_btn title=&#8221;Volunteers&#8217; School&#8221; style=&#8221;outline-custom&#8221; outline_custom_color=&#8221;#4e4e4e&#8221; outline_custom_hover_background=&#8221;#4e4e4e&#8221; outline_custom_hover_text=&#8221;#ffffff&#8221; size=&#8221;sm&#8221; align=&#8221;left&#8221; button_block=&#8221;true&#8221; link=&#8221;url:https%3A%2F%2Fwww.bilaketa.es%2Fen%2Fcultural-area%2Fvolunteers-school%2F|title:Volunteers&#8217;%20School||&#8221; css=&#8221;.vc_custom_1493540688653{margin-top: -20px !important;padding-left: 30px !important;}&#8221;][vc_btn title=&#8221;Library&#8221; style=&#8221;custom&#8221; custom_background=&#8221;#4e4e4e&#8221; custom_text=&#8221;#ffffff&#8221; size=&#8221;sm&#8221; align=&#8221;left&#8221; button_block=&#8221;true&#8221; link=&#8221;url:%23|title:Library||&#8221; css=&#8221;.vc_custom_1493540677385{margin-top: -20px !important;padding-left: 30px !important;}&#8221;][vc_btn title=&#8221;Virtual reading Workshop <em>VIVEleyendo!<\/em>&#8221; style=&#8221;outline-custom&#8221; outline_custom_color=&#8221;#4e4e4e&#8221; outline_custom_hover_background=&#8221;#4e4e4e&#8221; outline_custom_hover_text=&#8221;#ffffff&#8221; size=&#8221;sm&#8221; align=&#8221;left&#8221; button_block=&#8221;true&#8221; link=&#8221;url:https%3A%2F%2Fwww.bilaketa.es%2Fen%2Fcultural-area%2Fvirtual-reading-workshop-viveleyendo%2F|title:Virtual%20reading%20Workshop%20%3Cem%3EVIVEleyendo!%3C%2Fem%3E||&#8221; css=&#8221;.vc_custom_1493640318139{margin-top: -20px !important;padding-left: 30px !important;}&#8221;][vc_btn title=&#8221;Bilaketa Exhibition&#8221; style=&#8221;outline-custom&#8221; outline_custom_color=&#8221;#4e4e4e&#8221; outline_custom_hover_background=&#8221;#4e4e4e&#8221; outline_custom_hover_text=&#8221;#ffffff&#8221; size=&#8221;sm&#8221; align=&#8221;left&#8221; button_block=&#8221;true&#8221; link=&#8221;url:https%3A%2F%2Fwww.bilaketa.es%2Fen%2Fcultural-area%2Fheritage-of-bilaketa-exhibition%2F|title:Bilaketa%20Exhibition||&#8221; css=&#8221;.vc_custom_1493640331786{margin-top: -20px !important;padding-left: 30px !important;}&#8221;][vc_btn title=&#8221;News and Activities&#8221; style=&#8221;outline-custom&#8221; outline_custom_color=&#8221;#4e4e4e&#8221; outline_custom_hover_background=&#8221;#4e4e4e&#8221; outline_custom_hover_text=&#8221;#ffffff&#8221; size=&#8221;sm&#8221; align=&#8221;left&#8221; button_block=&#8221;true&#8221; link=&#8221;url:https%3A%2F%2Fwww.bilaketa.es%2Fen%2Fcultural-area%2Fnews-and-activities%2F|title:News%20and%20Activities||&#8221; css=&#8221;.vc_custom_1493640343448{margin-top: -20px !important;padding-left: 30px !important;}&#8221;][vc_btn title=&#8221;<em>Francisco Yndur\u00e1in<\/em> Elders University&#8221; style=&#8221;outline-custom&#8221; outline_custom_color=&#8221;#4cadc9&#8243; outline_custom_hover_background=&#8221;#4cadc9&#8243; outline_custom_hover_text=&#8221;#ffffff&#8221; align=&#8221;left&#8221; i_icon_fontawesome=&#8221;fa fa-graduation-cap&#8221; button_block=&#8221;true&#8221; add_icon=&#8221;true&#8221; link=&#8221;url:https%3A%2F%2Fwww.bilaketa.es%2Fen%2Ffrancisco-yndurain-elders-university%2F|title:%3Cem%3EFrancisco%20Yndur%C3%A1in%3C%2Fem%3E%20Elders%20University||&#8221;][vc_btn title=&#8221;Science and New Technology Club&#8221; style=&#8221;outline-custom&#8221; outline_custom_color=&#8221;#0448d1&#8243; outline_custom_hover_background=&#8221;#0448d1&#8243; outline_custom_hover_text=&#8221;#ffffff&#8221; align=&#8221;left&#8221; i_type=&#8221;typicons&#8221; i_icon_typicons=&#8221;typcn typcn-device-desktop&#8221; button_block=&#8221;true&#8221; add_icon=&#8221;true&#8221; link=&#8221;url:https%3A%2F%2Fwww.bilaketa.es%2Fen%2Fscience-and-new-technology-club%2F|title:Science%20and%20New%20Technology%20Club||&#8221;][\/vc_column][vc_column fade_animation_offset=&#8221;45px&#8221; width=&#8221;3\/4&#8243;][vc_row_inner padding_top=&#8221;60px&#8221; padding_bottom=&#8221;0px&#8221; bg_video=&#8221;&#8221; class=&#8221;&#8221; style=&#8221;&#8221;][vc_column_inner fade_animation=&#8221;in-from-left&#8221; fade_animation_offset=&#8221;45px&#8221; width=&#8221;1\/1&#8243; id=&#8221;&#8221; class=&#8221;&#8221; style=&#8221;&#8221;]<img decoding=\"async\"  class=\"x-img x-img-rounded\"  src=\"https:\/\/www.bilaketa.es\/wp-content\/uploads\/2016\/05\/biblioteca-scaled.jpg\" ><hr  class=\"x-gap\" style=\"margin: 1.313em 0 0 0;\"><p>The Library is the division in charge of granting access to the members of the entity, the students, teaching staff of the Mariano Garcia Music Academy and the general public to reference works and materials.<\/p>\n<p>Bilaketa lleva en activo desde el 25 de septiembre de 1976 y, durante este tiempo, han sido muchos sus caballos de batalla. Entre ellos, uno fundamental:\u00a0el fomento de la lectura, entre ni\u00f1os, j\u00f3venes y mayores. As\u00ed, han celebrado con especial repercusi\u00f3n fiestas como el\u00a0D\u00eda del Libro\u00a0o el\u00a0de las Bibliotecas.<\/p>\n[\/vc_column_inner][\/vc_row_inner][vc_row_inner padding_top=&#8221;0px&#8221; padding_bottom=&#8221;0px&#8221; bg_video=&#8221;&#8221; class=&#8221;&#8221; style=&#8221;&#8221;][vc_column_inner fade=&#8221;true&#8221; fade_animation=&#8221;in-from-left&#8221; fade_animation_offset=&#8221;45px&#8221; width=&#8221;2\/3&#8243; id=&#8221;&#8221; class=&#8221;&#8221; style=&#8221;&#8221;][vc_cta h2=&#8221;&#8221; h4=&#8221;Biblioteca permanente <em>Jos\u00e9 Hierro<\/em>&#8221; add_icon=&#8221;left&#8221; i_icon_fontawesome=&#8221;fa fa-book&#8221; i_color=&#8221;custom&#8221; i_background_style=&#8221;rounded&#8221; i_size=&#8221;lg&#8221; i_on_border=&#8221;true&#8221; i_custom_color=&#8221;#4e4e4e&#8221;]The Library is located in the same building as the headquarters of the entity, Calle Francisco Yndurain 12, and is open from Monday to Friday in the morning and in the afternoon.<\/p>\n<p>The list of titles includes over 5000 works on the following areas: Philosophy, Social Sciences, Exact Sciences, Natural Sciences, Applied Sciences, Medicine, Art, Photography, Music, Games, Sports, Linguistics, Philology, Literature, Literary Criticism, Geography, Biography and History.<\/p>\n<p>These works are sorted and catalogued by subject, titles and authors. In addition, queries may be carried out using the library&#8217;s computerized database.[\/vc_cta][\/vc_column_inner][vc_column_inner fade=&#8221;true&#8221; fade_animation=&#8221;in&#8221; fade_animation_offset=&#8221;45px&#8221; width=&#8221;1\/3&#8243; id=&#8221;&#8221; class=&#8221;&#8221; style=&#8221;&#8221;]<img decoding=\"async\"  class=\"x-img x-img-rounded\"  src=\"https:\/\/www.bilaketa.es\/wp-content\/uploads\/2016\/05\/biblioteca-permanente.jpg\" >[\/vc_column_inner][\/vc_row_inner][vc_row_inner padding_top=&#8221;0px&#8221; padding_bottom=&#8221;0px&#8221; bg_video=&#8221;&#8221; class=&#8221;&#8221; style=&#8221;&#8221;][vc_column_inner fade=&#8221;true&#8221; fade_animation=&#8221;in-from-left&#8221; fade_animation_offset=&#8221;45px&#8221; width=&#8221;2\/3&#8243; id=&#8221;&#8221; class=&#8221;&#8221; style=&#8221;&#8221;][vc_cta h2=&#8221;&#8221; h4=&#8221;Biblioteca m\u00f3vil&#8221; add_icon=&#8221;left&#8221; i_icon_fontawesome=&#8221;fa fa-book&#8221; i_color=&#8221;custom&#8221; i_background_style=&#8221;rounded&#8221; i_size=&#8221;lg&#8221; i_on_border=&#8221;true&#8221; i_custom_color=&#8221;#4e4e4e&#8221;]Cuentan con 3\u00a0Bibliotecas M\u00f3viles\u00a0con las que acercar los libros a la gente sin importar ni el lugar ni el momento. Con esta iniciativa se pretende que los libros salgan a la calle y no est\u00e9n siempre encerrados en una sala a la que hay que ir a buscarlos. Una Biblioteca se encuentra en la Residencia de Mayores San Jos\u00e9 (Aoiz), otra en Complejo Polideportivo (Aoiz) y la otra en la Sede de la UMAFY en Pamplona.<\/p>\n<p>Este singular\u00a0carro literario\u00a0puede transportar hasta 400 libros, aunque expuestos viajan \u00fanicamente 60. De esta forma, se puede ir cambiando la tem\u00e1tica de las obras seg\u00fan el p\u00fablico al que vaya dirigido.[\/vc_cta][\/vc_column_inner][vc_column_inner fade=&#8221;true&#8221; fade_animation=&#8221;in&#8221; fade_animation_offset=&#8221;45px&#8221; width=&#8221;1\/3&#8243; id=&#8221;&#8221; class=&#8221;&#8221; style=&#8221;&#8221;]<img decoding=\"async\"  class=\"x-img x-img-rounded\"  src=\"https:\/\/www.bilaketa.es\/wp-content\/uploads\/2016\/05\/Bliblioteca-movil.jpg\" >[\/vc_column_inner][\/vc_row_inner][vc_row_inner padding_top=&#8221;60px&#8221; padding_bottom=&#8221;0px&#8221; bg_video=&#8221;&#8221; class=&#8221;&#8221; style=&#8221;&#8221;][vc_column_inner fade=&#8221;true&#8221; fade_animation=&#8221;in-from-left&#8221; fade_animation_offset=&#8221;45px&#8221; width=&#8221;1\/1&#8243; id=&#8221;&#8221; class=&#8221;&#8221; style=&#8221;&#8221;][vc_cta h2=&#8221;&#8221; h4=&#8221;Punto de lectura&#8221; add_icon=&#8221;left&#8221; i_icon_fontawesome=&#8221;fa fa-book&#8221; i_color=&#8221;custom&#8221; i_background_style=&#8221;rounded&#8221; i_size=&#8221;lg&#8221; i_on_border=&#8221;true&#8221; i_custom_color=&#8221;#4e4e4e&#8221;]Punto de lectura Centro de Salud: El expositor se ha instalado en la zona de pediatr\u00eda del Centro de Salud de Aoiz y se ha conseguido hacer, de un rinc\u00f3n antes olvidado, un lugar m\u00e1gico donde los ni\u00f1os y ni\u00f1as que asisten a la consulta encuentran un remanso de paz y alegr\u00eda. All\u00ed hacen un par\u00e9ntesis en su vida diaria y se sumergen en mundos fascinantes.<\/p>\n<p>En el rinc\u00f3n del\u00a0Punto de Lectura\u00a0se celebra tambi\u00e9n, una vez al a\u00f1o, el\u00a0D\u00eda del Libro. En ese d\u00eda los ni\u00f1os y j\u00f3venes que lo desean se re\u00fanen con sus compa\u00f1eros y amigos en ese encantador rinc\u00f3n para leer el fragmento del Quijote que cada uno elige. A todos los participantes se les obsequia con un ejemplar del Quijote.[\/vc_cta][\/vc_column_inner][\/vc_row_inner][\/vc_column][\/vc_row][vc_row padding_top=&#8221;0px&#8221; padding_bottom=&#8221;0px&#8221;][vc_column fade_animation_offset=&#8221;45px&#8221; width=&#8221;1\/1&#8243;]<hr  class=\"x-gap\" style=\"margin: 1.313em 0 0 0;\">[\/vc_column][\/vc_row][vc_row padding_top=&#8221;60px&#8221; padding_bottom=&#8221;0px&#8221; bg_video=&#8221;&#8221; class=&#8221;&#8221; style=&#8221;&#8221;][vc_column fade_animation_offset=&#8221;45px&#8221; width=&#8221;1\/1&#8243;]<a  class=\"x-img x-img-link x-img-rounded none\"  href=\"https:\/\/www.bilaketa.es\/publicaciones\/\"     data-options=\"thumbnail: 'https:\/\/www.bilaketa.es\/wp-content\/uploads\/2016\/05\/publicaciones.jpg'\"><img decoding=\"async\" src=\"https:\/\/www.bilaketa.es\/wp-content\/uploads\/2016\/05\/publicaciones.jpg\" ><\/a>[vc_btn title=&#8221;Publications&#8221; style=&#8221;gradient-custom&#8221; gradient_custom_color_1=&#8221;#dd9933&#8243; gradient_custom_color_2=&#8221;#799104&#8243; size=&#8221;lg&#8221; align=&#8221;center&#8221; button_block=&#8221;true&#8221; link=&#8221;url:https%3A%2F%2Fwww.bilaketa.es%2Fpublicaciones%2F||&#8221;][\/vc_column][\/vc_row]\n<\/div>","protected":false},"excerpt":{"rendered":"<p>[vc_row padding_top=&#8221;30px&#8221; padding_bottom=&#8221;0px&#8221; bg_video=&#8221;&#8221; class=&#8221;&#8221; style=&#8221;&#8221;][vc_column fade_animation_offset=&#8221;45px&#8221; width=&#8221;1\/1&#8243;][\/vc_column][\/vc_row][vc_row padding_top=&#8221;0px&#8221; padding_bottom=&#8221;0px&#8221; border=&#8221;none&#8221; bg_video=&#8221;&#8221; class=&#8221;&#8221; style=&#8221;&#8221;][vc_column fade_animation=&#8221;in-from-left&#8221; fade_animation_offset=&#8221;45px&#8221; width=&#8221;1\/4&#8243; id=&#8221;&#8221; class=&#8221;&#8221; style=&#8221;&#8221;][vc_btn title=&#8221;Youth Unit&#8221; style=&#8221;outline-custom&#8221; outline_custom_color=&#8221;#fe8404&#8243; outline_custom_hover_background=&#8221;#fe8404&#8243; outline_custom_hover_text=&#8221;#ffffff&#8221; align=&#8221;left&#8221; i_type=&#8221;entypo&#8221; i_icon_entypo=&#8221;entypo-icon entypo-icon-pencil&#8221; button_block=&#8221;true&#8221; add_icon=&#8221;true&#8221; link=&#8221;url:https%3A%2F%2Fwww.bilaketa.es%2Fen%2Fyouth-unit%2F|title:Youth%20Unit||&#8221;][vc_btn title=&#8221;Elders Unit&#8221; style=&#8221;outline-custom&#8221; outline_custom_color=&#8221;#b19d96&#8243; outline_custom_hover_background=&#8221;#b19d96&#8243; outline_custom_hover_text=&#8221;#ffffff&#8221; align=&#8221;left&#8221; i_type=&#8221;entypo&#8221; i_icon_entypo=&#8221;entypo-icon entypo-icon-feather&#8221; button_block=&#8221;true&#8221; add_icon=&#8221;true&#8221; link=&#8221;url:https%3A%2F%2Fwww.bilaketa.es%2Fen%2Felders-unit%2F|title:Elders%20Unit||&#8221;][vc_btn title=&#8221;Cultural Area&#8221; style=&#8221;custom&#8221; custom_background=&#8221;#4e4e4e&#8221; custom_text=&#8221;#ffffff&#8221; align=&#8221;left&#8221; i_type=&#8221;entypo&#8221; i_icon_entypo=&#8221;entypo-icon entypo-icon-book&#8221; button_block=&#8221;true&#8221; add_icon=&#8221;true&#8221; link=&#8221;url:https%3A%2F%2Fwww.bilaketa.es%2Fen%2Fcultural-area%2F|title:Cultural%20Area||&#8221;][vc_btn title=&#8221;Presentation&#8221; style=&#8221;outline-custom&#8221; &#8230;<\/p>\n","protected":false},"author":2,"featured_media":0,"parent":3170,"menu_order":0,"comment_status":"closed","ping_status":"closed","template":"","meta":{"ngg_post_thumbnail":0,"footnotes":""},"class_list":["post-3243","page","type-page","status-publish","hentry","no-post-thumbnail"],"_links":{"self":[{"href":"https:\/\/www.bilaketa.es\/en\/wp-json\/wp\/v2\/pages\/3243"}],"collection":[{"href":"https:\/\/www.bilaketa.es\/en\/wp-json\/wp\/v2\/pages"}],"about":[{"href":"https:\/\/www.bilaketa.es\/en\/wp-json\/wp\/v2\/types\/page"}],"author":[{"embeddable":true,"href":"https:\/\/www.bilaketa.es\/en\/wp-json\/wp\/v2\/users\/2"}],"replies":[{"embeddable":true,"href":"https:\/\/www.bilaketa.es\/en\/wp-json\/wp\/v2\/comments?post=3243"}],"version-history":[{"count":3,"href":"https:\/\/www.bilaketa.es\/en\/wp-json\/wp\/v2\/pages\/3243\/revisions"}],"predecessor-version":[{"id":3456,"href":"https:\/\/www.bilaketa.es\/en\/wp-json\/wp\/v2\/pages\/3243\/revisions\/3456"}],"up":[{"embeddable":true,"href":"https:\/\/www.bilaketa.es\/en\/wp-json\/wp\/v2\/pages\/3170"}],"wp:attachment":[{"href":"https:\/\/www.bilaketa.es\/en\/wp-json\/wp\/v2\/media?parent=3243"}],"curies":[{"name":"wp","href":"https:\/\/api.w.org\/{rel}","templated":true}]}}