{"id":3249,"date":"2017-04-30T08:36:27","date_gmt":"2017-04-30T08:36:27","guid":{"rendered":"https:\/\/www.bilaketa.es\/?page_id=3249\/"},"modified":"2023-09-10T20:21:53","modified_gmt":"2023-09-10T18:21:53","slug":"virtual-reading-workshop-viveleyendo","status":"publish","type":"page","link":"https:\/\/www.bilaketa.es\/en\/cultural-area\/virtual-reading-workshop-viveleyendo\/","title":{"rendered":"Virtual reading Workshop VIVEleyendo!"},"content":{"rendered":"<div class=\"wpb-content-wrapper\">[vc_row padding_top=&#8221;30px&#8221; padding_bottom=&#8221;0px&#8221; bg_video=&#8221;&#8221; class=&#8221;&#8221; style=&#8221;&#8221;][vc_column fade_animation_offset=&#8221;45px&#8221;][vc_column_text]<a  class=\"x-img x-img-link x-img-rounded\"  href=\"https:\/\/www.bilaketa.es\/area-de-cultura\/\" title=\"Area de Cultura\"    data-options=\"thumbnail: 'https:\/\/www.bilaketa.es\/wp-content\/uploads\/2016\/05\/area-cultura-1.jpg'\"><img decoding=\"async\" src=\"https:\/\/www.bilaketa.es\/wp-content\/uploads\/2016\/05\/area-cultura-1.jpg\" ><\/a><h2  class=\"h-custom-headline center-text h2\" ><span>Virtual reading Workshop VIVEleyendo!<\/span><\/h2><hr  class=\"x-gap\" style=\"margin: 2.313em 0 0 0;\">[\/vc_column_text][\/vc_column][\/vc_row][vc_row padding_top=&#8221;0px&#8221; padding_bottom=&#8221;0px&#8221; border=&#8221;none&#8221; bg_video=&#8221;&#8221; class=&#8221;&#8221; style=&#8221;&#8221;][vc_column width=&#8221;1\/4&#8243; fade_animation=&#8221;in-from-left&#8221; fade_animation_offset=&#8221;45px&#8221; id=&#8221;&#8221; class=&#8221;&#8221; style=&#8221;&#8221;][vc_btn title=&#8221;Youth Unit&#8221; style=&#8221;outline-custom&#8221; outline_custom_color=&#8221;#fe8404&#8243; outline_custom_hover_background=&#8221;#fe8404&#8243; outline_custom_hover_text=&#8221;#ffffff&#8221; align=&#8221;left&#8221; i_type=&#8221;entypo&#8221; i_icon_entypo=&#8221;entypo-icon entypo-icon-pencil&#8221; button_block=&#8221;true&#8221; add_icon=&#8221;true&#8221; link=&#8221;url:https%3A%2F%2Fwww.bilaketa.es%2Fen%2Fyouth-unit%2F|title:Youth%20Unit||&#8221;][vc_btn title=&#8221;Elders Unit&#8221; style=&#8221;outline-custom&#8221; outline_custom_color=&#8221;#b19d96&#8243; outline_custom_hover_background=&#8221;#b19d96&#8243; outline_custom_hover_text=&#8221;#ffffff&#8221; align=&#8221;left&#8221; i_type=&#8221;entypo&#8221; i_icon_entypo=&#8221;entypo-icon entypo-icon-feather&#8221; button_block=&#8221;true&#8221; add_icon=&#8221;true&#8221; link=&#8221;url:https%3A%2F%2Fwww.bilaketa.es%2Fen%2Felders-unit%2F|title:Elders%20Unit||&#8221;][vc_btn title=&#8221;Cultural Area&#8221; style=&#8221;custom&#8221; custom_background=&#8221;#4e4e4e&#8221; custom_text=&#8221;#ffffff&#8221; align=&#8221;left&#8221; i_type=&#8221;entypo&#8221; i_icon_entypo=&#8221;entypo-icon entypo-icon-book&#8221; button_block=&#8221;true&#8221; add_icon=&#8221;true&#8221; link=&#8221;url:https%3A%2F%2Fwww.bilaketa.es%2Fen%2Fcultural-area%2F|title:Cultural%20Area||&#8221;][vc_btn title=&#8221;Presentation&#8221; style=&#8221;outline-custom&#8221; outline_custom_color=&#8221;#4e4e4e&#8221; outline_custom_hover_background=&#8221;#4e4e4e&#8221; outline_custom_hover_text=&#8221;#ffffff&#8221; size=&#8221;sm&#8221; align=&#8221;left&#8221; button_block=&#8221;true&#8221; link=&#8221;url:https%3A%2F%2Fwww.bilaketa.es%2Fen%2Fcultural-area%2F|title:Cultural%20Area%20Presentation||&#8221; css=&#8221;.vc_custom_1493541343776{padding-left: 30px !important;}&#8221;][vc_btn title=&#8221;International Poetry, Fiction and Painting Contest&#8221; style=&#8221;outline-custom&#8221; outline_custom_color=&#8221;#4e4e4e&#8221; outline_custom_hover_background=&#8221;#4e4e4e&#8221; outline_custom_hover_text=&#8221;#ffffff&#8221; size=&#8221;sm&#8221; align=&#8221;left&#8221; button_block=&#8221;true&#8221; link=&#8221;url:https%3A%2F%2Fwww.bilaketa.es%2Fen%2Fcultural-area%2Finternational-poetry-fiction-and-painting-contest%2F|title:International%20Poetry%2C%20Fiction%20and%20Painting%20Contest||&#8221; css=&#8221;.vc_custom_1493541330863{margin-top: -20px !important;padding-left: 30px !important;}&#8221;][vc_btn title=&#8221;International Outdoor Sculpture Contest&#8221; style=&#8221;outline-custom&#8221; outline_custom_color=&#8221;#4e4e4e&#8221; outline_custom_hover_background=&#8221;#4e4e4e&#8221; outline_custom_hover_text=&#8221;#ffffff&#8221; size=&#8221;sm&#8221; align=&#8221;left&#8221; button_block=&#8221;true&#8221; link=&#8221;url:https%3A%2F%2Fwww.bilaketa.es%2Fen%2Fcultural-area%2Finternational-outdoor-sculpture-contest%2F|title:International%20Outdoor%20Sculpture%20Contest||&#8221; css=&#8221;.vc_custom_1493541317454{margin-top: -20px !important;padding-left: 30px !important;}&#8221;][vc_btn title=&#8221;<em>Mariano Garcia<\/em> Music Academy&#8221; style=&#8221;outline-custom&#8221; outline_custom_color=&#8221;#4e4e4e&#8221; outline_custom_hover_background=&#8221;#4e4e4e&#8221; outline_custom_hover_text=&#8221;#ffffff&#8221; size=&#8221;sm&#8221; align=&#8221;left&#8221; button_block=&#8221;true&#8221; link=&#8221;url:https%3A%2F%2Fwww.bilaketa.es%2Fen%2Fcultural-area%2Fmariano-garcia-music-academy%2F|title:%3Cem%3EMariano%20Garcia%3C%2Fem%3E%20Music%20Academy||&#8221; css=&#8221;.vc_custom_1493541298949{margin-top: -20px !important;padding-left: 30px !important;}&#8221;][vc_btn title=&#8221;<em>Mariano Garc\u00eda<\/em> Music Band&#8221; style=&#8221;outline-custom&#8221; outline_custom_color=&#8221;#4e4e4e&#8221; outline_custom_hover_background=&#8221;#4e4e4e&#8221; outline_custom_hover_text=&#8221;#ffffff&#8221; size=&#8221;sm&#8221; align=&#8221;left&#8221; button_block=&#8221;true&#8221; link=&#8221;url:https%3A%2F%2Fwww.bilaketa.es%2Fen%2Fcultural-area%2Fmariano-garcia-music-band%2F|title:%3Cem%3EMariano%20Garc%C3%ADa%3C%2Fem%3E%20Music%20Band||&#8221; css=&#8221;.vc_custom_1493541285282{margin-top: -20px !important;padding-left: 30px !important;}&#8221;][vc_btn title=&#8221;Volunteers&#8217; School&#8221; style=&#8221;outline-custom&#8221; outline_custom_color=&#8221;#4e4e4e&#8221; outline_custom_hover_background=&#8221;#4e4e4e&#8221; outline_custom_hover_text=&#8221;#ffffff&#8221; size=&#8221;sm&#8221; align=&#8221;left&#8221; button_block=&#8221;true&#8221; link=&#8221;url:https%3A%2F%2Fwww.bilaketa.es%2Fen%2Fcultural-area%2Fvolunteers-school%2F|title:Volunteers&#8217;%20School||&#8221; css=&#8221;.vc_custom_1493541269073{margin-top: -20px !important;padding-left: 30px !important;}&#8221;][vc_btn title=&#8221;Library&#8221; style=&#8221;outline-custom&#8221; outline_custom_color=&#8221;#4e4e4e&#8221; outline_custom_hover_background=&#8221;#4e4e4e&#8221; outline_custom_hover_text=&#8221;#ffffff&#8221; size=&#8221;sm&#8221; align=&#8221;left&#8221; button_block=&#8221;true&#8221; link=&#8221;url:https%3A%2F%2Fwww.bilaketa.es%2Fen%2Fcultural-area%2Flibrary%2F|title:Library||&#8221; css=&#8221;.vc_custom_1493541259156{margin-top: -20px !important;padding-left: 30px !important;}&#8221;][vc_btn title=&#8221;Virtual reading Workshop VIVEleyendo!&#8221; style=&#8221;custom&#8221; custom_background=&#8221;#4e4e4e&#8221; custom_text=&#8221;#ffffff&#8221; size=&#8221;sm&#8221; align=&#8221;left&#8221; button_block=&#8221;true&#8221; link=&#8221;url:%23|title:Virtual%20reading%20Workshop%20VIVEleyendo!||&#8221; css=&#8221;.vc_custom_1493541247322{margin-top: -20px !important;padding-left: 30px !important;}&#8221;][vc_btn title=&#8221;Bilaketa Exhibition&#8221; style=&#8221;outline-custom&#8221; outline_custom_color=&#8221;#4e4e4e&#8221; outline_custom_hover_background=&#8221;#4e4e4e&#8221; outline_custom_hover_text=&#8221;#ffffff&#8221; size=&#8221;sm&#8221; align=&#8221;left&#8221; button_block=&#8221;true&#8221; link=&#8221;url:https%3A%2F%2Fwww.bilaketa.es%2Fen%2Fcultural-area%2Fheritage-of-bilaketa-exhibition%2F|title:Bilaketa%20Exhibition||&#8221; css=&#8221;.vc_custom_1493640459147{margin-top: -20px !important;padding-left: 30px !important;}&#8221;][vc_btn title=&#8221;News and Activities&#8221; style=&#8221;outline-custom&#8221; outline_custom_color=&#8221;#4e4e4e&#8221; outline_custom_hover_background=&#8221;#4e4e4e&#8221; outline_custom_hover_text=&#8221;#ffffff&#8221; size=&#8221;sm&#8221; align=&#8221;left&#8221; button_block=&#8221;true&#8221; link=&#8221;url:https%3A%2F%2Fwww.bilaketa.es%2Fen%2Fcultural-area%2Fnews-and-activities%2F|title:News%20and%20Activities||&#8221; css=&#8221;.vc_custom_1493640481445{margin-top: -20px !important;padding-left: 30px !important;}&#8221;][vc_btn title=&#8221;<em>Francisco Yndur\u00e1in<\/em> Elders University&#8221; style=&#8221;outline-custom&#8221; outline_custom_color=&#8221;#4cadc9&#8243; outline_custom_hover_background=&#8221;#4cadc9&#8243; outline_custom_hover_text=&#8221;#ffffff&#8221; align=&#8221;left&#8221; i_icon_fontawesome=&#8221;fa fa-graduation-cap&#8221; button_block=&#8221;true&#8221; add_icon=&#8221;true&#8221; link=&#8221;url:https%3A%2F%2Fwww.bilaketa.es%2Fen%2Ffrancisco-yndurain-elders-university%2F|title:%3Cem%3EFrancisco%20Yndur%C3%A1in%3C%2Fem%3E%20Elders%20University||&#8221;][vc_btn title=&#8221;Science and New Technology Club&#8221; style=&#8221;outline-custom&#8221; outline_custom_color=&#8221;#0448d1&#8243; outline_custom_hover_background=&#8221;#0448d1&#8243; outline_custom_hover_text=&#8221;#ffffff&#8221; align=&#8221;left&#8221; i_type=&#8221;typicons&#8221; i_icon_typicons=&#8221;typcn typcn-device-desktop&#8221; button_block=&#8221;true&#8221; add_icon=&#8221;true&#8221; link=&#8221;url:https%3A%2F%2Fwww.bilaketa.es%2Fen%2Fscience-and-new-technology-club%2F|title:Science%20and%20New%20Technology%20Club||&#8221;][\/vc_column][vc_column width=&#8221;3\/4&#8243; fade_animation_offset=&#8221;45px&#8221;][vc_row_inner padding_top=&#8221;60px&#8221; padding_bottom=&#8221;0px&#8221; bg_video=&#8221;&#8221; class=&#8221;&#8221; style=&#8221;&#8221;][vc_column_inner fade_animation=&#8221;in-from-left&#8221; fade_animation_offset=&#8221;45px&#8221; id=&#8221;&#8221; class=&#8221;&#8221; style=&#8221;&#8221;][vc_column_text]<img decoding=\"async\"  class=\"x-img x-img-rounded\"  src=\"https:\/\/www.bilaketa.es\/wp-content\/uploads\/2016\/05\/Cabecera-viveleyendo-scaled.jpg\" ><hr  class=\"x-gap\" style=\"margin: 1.313em 0 0 0;\"><p>VIVE<em>leyendo<\/em>! is a reading workshop that is open to all interested individuals in the Comunidad Foral. Each month, one or two works are discussed, previously selected based on criteria of quality and interest to the participants, aiming to maintain a balance between classic and contemporary authors.<\/p>\n<p>The channels of participation for this workshop include a forum where participants can share their opinions on various relevant aspects of the work, a monthly chat, and email through which the activity coordinator stays in touch with all registered participants, informing them of schedules and future chat sessions, while participants can also express their concerns to the coordinator.<\/p>\n<p>Upon registration for the workshop, participants receive the necessary passwords to join the chat and access support materials provided by the coordinator, which aim to provide context for the chosen work and support its reading.<\/p>\n<p>Copies of the books for reading can be borrowed from any library in the Red de Bibliotecas P\u00fablicas de Navarra or obtained through Bilaketa&#8217;s virtual bookstore.<\/p>\n[\/vc_column_text][\/vc_column_inner][\/vc_row_inner][vc_row_inner padding_top=&#8221;0px&#8221; padding_bottom=&#8221;0px&#8221; bg_video=&#8221;&#8221; class=&#8221;&#8221; style=&#8221;&#8221;][vc_column_inner width=&#8221;1\/2&#8243; fade=&#8221;true&#8221; fade_animation=&#8221;in&#8221; fade_animation_offset=&#8221;45px&#8221; id=&#8221;&#8221; class=&#8221;&#8221; style=&#8221;&#8221;][vc_column_text]<h6 class=\"h-skill-bar\">We are reading<\/h6><div  class=\"x-skill-bar\" data-x-element=\"skill_bar\" data-x-params=\"{&quot;percent&quot;:&quot;70%&quot;}\"><div class=\"bar\" style=\"\"><div class=\"percent\">70%<\/div><\/div><\/div>[\/vc_column_text][\/vc_column_inner][vc_column_inner width=&#8221;1\/2&#8243; fade=&#8221;true&#8221; fade_animation=&#8221;in&#8221; fade_animation_offset=&#8221;45px&#8221; id=&#8221;&#8221; class=&#8221;&#8221; style=&#8221;&#8221;][vc_column_text]<h6 class=\"h-skill-bar\">The next book<\/h6><div  class=\"x-skill-bar\" data-x-element=\"skill_bar\" data-x-params=\"{&quot;percent&quot;:&quot;1%&quot;}\"><div class=\"bar\" style=\"\"><div class=\"percent\">1%<\/div><\/div><\/div>[\/vc_column_text][\/vc_column_inner][\/vc_row_inner][vc_row_inner padding_top=&#8221;0px&#8221; padding_bottom=&#8221;0px&#8221; bg_video=&#8221;&#8221; class=&#8221;&#8221; style=&#8221;&#8221;][vc_column_inner width=&#8221;1\/2&#8243; fade=&#8221;true&#8221; fade_animation=&#8221;in&#8221; fade_animation_offset=&#8221;45px&#8221; id=&#8221;&#8221; class=&#8221;&#8221; style=&#8221;&#8221;][vc_cta h2=&#8221;We are reading&#8221; h4=&#8221;Temblor&#8221; style=&#8221;outline&#8221; add_icon=&#8221;top&#8221; i_icon_fontawesome=&#8221;fa fa-book&#8221; i_color=&#8221;custom&#8221; i_background_style=&#8221;rounded&#8221; i_on_border=&#8221;true&#8221; i_custom_color=&#8221;#4e4e4e&#8221;]Rosa Montero<br \/>\nBarcelona. C\u00edrculo de Lectores,1991 (288 p. ; 13&#215;22 cm)<\/p>\n<p><img loading=\"lazy\" decoding=\"async\" class=\"alignnone size-medium wp-image-1838\" src=\"https:\/\/www.bilaketa.es\/wp-content\/uploads\/2016\/05\/temblor-rosa-montero-300x187.jpg\" alt=\"Temblor de Rosa Montero\" width=\"300\" height=\"187\" srcset=\"https:\/\/www.bilaketa.es\/wp-content\/uploads\/2016\/05\/temblor-rosa-montero-300x187.jpg 300w, https:\/\/www.bilaketa.es\/wp-content\/uploads\/2016\/05\/temblor-rosa-montero-400x250.jpg 400w, https:\/\/www.bilaketa.es\/wp-content\/uploads\/2016\/05\/temblor-rosa-montero-500x312.jpg 500w, https:\/\/www.bilaketa.es\/wp-content\/uploads\/2016\/05\/temblor-rosa-montero-100x62.jpg 100w, https:\/\/www.bilaketa.es\/wp-content\/uploads\/2016\/05\/temblor-rosa-montero.jpg 625w\" sizes=\"(max-width: 300px) 100vw, 300px\" \/><\/p>\n<p>Una tarde, Rosa Montero intent\u00f3 recordar el dibujo de las baldosas de la casa de su ni\u00f1ez, pero no pudo. Aquellas losetas de colores hab\u00edan sido los abismos secretos y las selvas imaginarias de sus juegos de ni\u00f1a; es decir, hab\u00edan sido una parte importante del pasado. Pero el suelo ya no exist\u00eda y el dibujo se hab\u00eda perdido para siempre, como su propia infancia.<\/p>\n<p>Aquella tarde, abrumada por el olvido, Montero se pregunt\u00f3: &#8220;\u00bfQu\u00e9 pasar\u00eda si hubiera un mundo que s\u00f3lo existiera si alguien lo pensase?&#8221;, y de esta idea naci\u00f3 &#8220;Temblor&#8221;, una novela que transcurre en un mundo fabuloso, rodeado por la atm\u00f3sfera de lo brumoso y lo legendario. Bajo una vertiginosa historia de aventuras, en Temblor se oculta el escozor del reconocimiento.[\/vc_cta][\/vc_column_inner][vc_column_inner width=&#8221;1\/2&#8243; fade=&#8221;true&#8221; fade_animation=&#8221;in&#8221; fade_animation_offset=&#8221;45px&#8221; id=&#8221;&#8221; class=&#8221;&#8221; style=&#8221;&#8221;][vc_cta h2=&#8221;The next book&#8221; h4=&#8221;Un viejo que le\u00eda novelas de amor&#8221; style=&#8221;outline&#8221; add_icon=&#8221;top&#8221; i_icon_fontawesome=&#8221;fa fa-book&#8221; i_color=&#8221;custom&#8221; i_background_style=&#8221;rounded&#8221; i_on_border=&#8221;true&#8221; i_custom_color=&#8221;#4e4e4e&#8221;]Luis Sep\u00falveda<br \/>\nBarcelona. Editorial Planeta, 1997 (160 p. ; 21&#215;13 cm + 1 disco compacto)<\/p>\n<p><img loading=\"lazy\" decoding=\"async\" class=\"alignnone size-medium wp-image-1839\" src=\"https:\/\/www.bilaketa.es\/wp-content\/uploads\/2016\/05\/un-viejo-que-leia-novelas-de-amor-294x300.jpg\" alt=\"un-viejo-que-leia-novelas-de-amor\" width=\"294\" height=\"300\" srcset=\"https:\/\/www.bilaketa.es\/wp-content\/uploads\/2016\/05\/un-viejo-que-leia-novelas-de-amor-294x300.jpg 294w, https:\/\/www.bilaketa.es\/wp-content\/uploads\/2016\/05\/un-viejo-que-leia-novelas-de-amor-400x408.jpg 400w, https:\/\/www.bilaketa.es\/wp-content\/uploads\/2016\/05\/un-viejo-que-leia-novelas-de-amor-500x510.jpg 500w, https:\/\/www.bilaketa.es\/wp-content\/uploads\/2016\/05\/un-viejo-que-leia-novelas-de-amor-100x102.jpg 100w, https:\/\/www.bilaketa.es\/wp-content\/uploads\/2016\/05\/un-viejo-que-leia-novelas-de-amor.jpg 577w\" sizes=\"(max-width: 294px) 100vw, 294px\" \/><\/p>\n<p>Antonio Jos\u00e9 Bol\u00edvar Proa\u00f1o vive en el idilio, un pueblo remoto en la regi\u00f3n amaz\u00f3nica de los indios shuar (mal llamados j\u00edbaros), y con ellos aprendi\u00f3 a conocer la selva y sus leyes, a respetar a los animales y los ind\u00edgenas que la pueblan, pero tambi\u00e9n a cazar el temible tigrillo como ning\u00fan blanco jam\u00e1s pudo hacerlo. Un buen d\u00eda decidi\u00f3 leer con pasi\u00f3n las novelas de amor que dos veces al a\u00f1o le lleva el dentista rubicundo loacham\u00edn para distraer las solitarias noches ecuatoriales de su incipiente vejez.<\/p>\n<p>En ellas intenta alejarse un poco de la fanfarrona estupidez de esos codiciosos forasteros que creen dominar la selva porque van armados hasta los dientes pero que no saben c\u00f3mo enfrentarse a una fiera enloquecida porque le han matado las cr\u00edas.[\/vc_cta][\/vc_column_inner][\/vc_row_inner][vc_row_inner padding_top=&#8221;50px&#8221; padding_bottom=&#8221;0px&#8221; bg_video=&#8221;&#8221; class=&#8221;&#8221; style=&#8221;&#8221;][vc_column_inner fade=&#8221;true&#8221; fade_animation=&#8221;in-from-left&#8221; fade_animation_offset=&#8221;45px&#8221; id=&#8221;&#8221; class=&#8221;&#8221; style=&#8221;&#8221;][vc_cta h2=&#8221;Previous books&#8221; style=&#8221;outline&#8221; add_icon=&#8221;left&#8221; i_icon_fontawesome=&#8221;fa fa-book&#8221; i_color=&#8221;custom&#8221; i_background_style=&#8221;rounded&#8221; i_custom_color=&#8221;#4e4e4e&#8221;]<strong>No me esperen en abril<br \/>\n<\/strong>Alfredo Bryce Echenique<br \/>\nBarcelona. Editorial Anagrama, 1995 (616 p. ; 22&#215;14 cm)<\/p>\n<p>Desde que era casi un ni\u00f1o, Manongo Sterne Tovar y de Teresa se encuentra mal parado, en medio de un mundo de machos muy machos y hembras realmente reales. Y ah\u00ed, entre colegios de los que es expulsado por ser \u00abun esp\u00edritu maligno\u00bb. En Compactos, prosigue la publicaci\u00f3n de las obras fundamentales de Alfredo Bryce Echenique, ahora con una de sus m\u00e1s ambiciosas novelas.<\/p>\n<hr>\n<p><strong>Noticias del imperio<\/strong><br \/>\nFernando del Paso<br \/>\nBarcelona. El Aleph Editores, 2001 (752 p. ; 26&#215;17 cm)<\/p>\n<p>Fernando del Paso narra de una forma amena la transici\u00f3n de Carlota y Maximiliano por nuestro pa\u00eds, en el siglo XX, as\u00ed como el paso de Benito Ju\u00e1rez por la presidencia de la Republica Mexicana.<\/p>\n<hr>\n<p><strong>Olvidado rey Gudu<\/strong><br \/>\nAna Mar\u00eda Matute<br \/>\nPozuelo de Alarc\u00f3n. Espasa-Calpe, 1998 (892 p. : il. col. ; 22&#215;15 cm<\/p>\n<p>Una de las grandes novelas del pasado siglo sin ninguna duda. La fantas\u00eda en su estado mas puro. Narra el nacimiento y la expansi\u00f3n del Reino de Olar; la trama est\u00e1 llena de personajes, aventuras y un paisaje simb\u00f3lico, un mundo en miniatura y a la vez tan repleto de expresionismo&#8230;en cuyo destino participan la astucia de una ni\u00f1a sure\u00f1a, la magia y sabidur\u00eda de un viejo hechicero y las reglas del juego de una criatura del subsuelo. Una novela apasionante que puede meter de lleno en ella desde el esc\u00e9ptico e incr\u00e9dulo al apasionado en este g\u00e9nero.<\/p>\n<hr>\n<p><strong>Paisajes despu\u00e9s de la batalla<\/strong><br \/>\nJuan Goytisolo<br \/>\nBarcelona. C\u00edrculo de Lectores, 1987 (328 p. ; 14&#215;19 cm)<\/p>\n<p>En esta obra, como en ninguna otra, la visi\u00f3n de la ciudad como metr\u00f3poli de \u00edndole compleja y multirracial, mezcla din\u00e1mica de culturas y etnias, aparece como el fascinante reflejo del universo personal del autor. En definitiva, merece ser recordada como una de las m\u00e1s deslumbrantes indagaciones de nuevas f\u00f3rmulas narrativas de la literatura espa\u00f1ola actual.[\/vc_cta][\/vc_column_inner][\/vc_row_inner][\/vc_column][\/vc_row][vc_row padding_top=&#8221;0px&#8221; padding_bottom=&#8221;0px&#8221;][vc_column fade_animation_offset=&#8221;45px&#8221;][vc_single_image image=&#8221;5762&#8243; img_size=&#8221;full&#8221; alignment=&#8221;center&#8221; style=&#8221;vc_box_rounded&#8221; onclick=&#8221;custom_link&#8221; link=&#8221;https:\/\/www.bilaketa.es\/publicaciones\/&#8221;][\/vc_column][\/vc_row][vc_row padding_top=&#8221;60px&#8221; padding_bottom=&#8221;0px&#8221; bg_video=&#8221;&#8221; class=&#8221;&#8221; style=&#8221;&#8221;][vc_column fade_animation_offset=&#8221;45px&#8221;][vc_btn title=&#8221;Publications&#8221; style=&#8221;gradient-custom&#8221; gradient_custom_color_1=&#8221;#dd9933&#8243; gradient_custom_color_2=&#8221;#799104&#8243; size=&#8221;lg&#8221; align=&#8221;center&#8221; button_block=&#8221;true&#8221; link=&#8221;url:https%3A%2F%2Fwww.bilaketa.es%2Fpublicaciones%2F||&#8221;][\/vc_column][\/vc_row]\n<\/div>","protected":false},"excerpt":{"rendered":"<p>[vc_row padding_top=&#8221;30px&#8221; padding_bottom=&#8221;0px&#8221; bg_video=&#8221;&#8221; class=&#8221;&#8221; style=&#8221;&#8221;][vc_column fade_animation_offset=&#8221;45px&#8221;][vc_column_text][\/vc_column_text][\/vc_column][\/vc_row][vc_row padding_top=&#8221;0px&#8221; padding_bottom=&#8221;0px&#8221; border=&#8221;none&#8221; bg_video=&#8221;&#8221; class=&#8221;&#8221; style=&#8221;&#8221;][vc_column width=&#8221;1\/4&#8243; fade_animation=&#8221;in-from-left&#8221; fade_animation_offset=&#8221;45px&#8221; id=&#8221;&#8221; class=&#8221;&#8221; style=&#8221;&#8221;][vc_btn title=&#8221;Youth Unit&#8221; style=&#8221;outline-custom&#8221; outline_custom_color=&#8221;#fe8404&#8243; outline_custom_hover_background=&#8221;#fe8404&#8243; outline_custom_hover_text=&#8221;#ffffff&#8221; align=&#8221;left&#8221; i_type=&#8221;entypo&#8221; i_icon_entypo=&#8221;entypo-icon entypo-icon-pencil&#8221; button_block=&#8221;true&#8221; add_icon=&#8221;true&#8221; link=&#8221;url:https%3A%2F%2Fwww.bilaketa.es%2Fen%2Fyouth-unit%2F|title:Youth%20Unit||&#8221;][vc_btn title=&#8221;Elders Unit&#8221; style=&#8221;outline-custom&#8221; outline_custom_color=&#8221;#b19d96&#8243; outline_custom_hover_background=&#8221;#b19d96&#8243; outline_custom_hover_text=&#8221;#ffffff&#8221; align=&#8221;left&#8221; i_type=&#8221;entypo&#8221; i_icon_entypo=&#8221;entypo-icon entypo-icon-feather&#8221; button_block=&#8221;true&#8221; add_icon=&#8221;true&#8221; link=&#8221;url:https%3A%2F%2Fwww.bilaketa.es%2Fen%2Felders-unit%2F|title:Elders%20Unit||&#8221;][vc_btn title=&#8221;Cultural Area&#8221; style=&#8221;custom&#8221; custom_background=&#8221;#4e4e4e&#8221; custom_text=&#8221;#ffffff&#8221; align=&#8221;left&#8221; i_type=&#8221;entypo&#8221; i_icon_entypo=&#8221;entypo-icon entypo-icon-book&#8221; button_block=&#8221;true&#8221; add_icon=&#8221;true&#8221; link=&#8221;url:https%3A%2F%2Fwww.bilaketa.es%2Fen%2Fcultural-area%2F|title:Cultural%20Area||&#8221;][vc_btn title=&#8221;Presentation&#8221; style=&#8221;outline-custom&#8221; outline_custom_color=&#8221;#4e4e4e&#8221; &#8230;<\/p>\n","protected":false},"author":2,"featured_media":0,"parent":3170,"menu_order":0,"comment_status":"closed","ping_status":"closed","template":"","meta":{"ngg_post_thumbnail":0,"footnotes":""},"class_list":["post-3249","page","type-page","status-publish","hentry","no-post-thumbnail"],"_links":{"self":[{"href":"https:\/\/www.bilaketa.es\/en\/wp-json\/wp\/v2\/pages\/3249"}],"collection":[{"href":"https:\/\/www.bilaketa.es\/en\/wp-json\/wp\/v2\/pages"}],"about":[{"href":"https:\/\/www.bilaketa.es\/en\/wp-json\/wp\/v2\/types\/page"}],"author":[{"embeddable":true,"href":"https:\/\/www.bilaketa.es\/en\/wp-json\/wp\/v2\/users\/2"}],"replies":[{"embeddable":true,"href":"https:\/\/www.bilaketa.es\/en\/wp-json\/wp\/v2\/comments?post=3249"}],"version-history":[{"count":6,"href":"https:\/\/www.bilaketa.es\/en\/wp-json\/wp\/v2\/pages\/3249\/revisions"}],"predecessor-version":[{"id":6313,"href":"https:\/\/www.bilaketa.es\/en\/wp-json\/wp\/v2\/pages\/3249\/revisions\/6313"}],"up":[{"embeddable":true,"href":"https:\/\/www.bilaketa.es\/en\/wp-json\/wp\/v2\/pages\/3170"}],"wp:attachment":[{"href":"https:\/\/www.bilaketa.es\/en\/wp-json\/wp\/v2\/media?parent=3249"}],"curies":[{"name":"wp","href":"https:\/\/api.w.org\/{rel}","templated":true}]}}