{"id":3308,"date":"2017-05-01T08:14:52","date_gmt":"2017-05-01T08:14:52","guid":{"rendered":"https:\/\/www.bilaketa.es\/?page_id=3308\/"},"modified":"2023-09-06T20:59:42","modified_gmt":"2023-09-06T18:59:42","slug":"francisco-yndurain-elders-university","status":"publish","type":"page","link":"https:\/\/www.bilaketa.es\/en\/francisco-yndurain-elders-university\/","title":{"rendered":"<em>Francisco Yndur\u00e1in<\/em> Elders University"},"content":{"rendered":"<div class=\"wpb-content-wrapper\">[vc_row padding_top=&#8221;30px&#8221; padding_bottom=&#8221;0px&#8221; bg_video=&#8221;&#8221; class=&#8221;&#8221; style=&#8221;&#8221;][vc_column fade_animation_offset=&#8221;45px&#8221;][vc_column_text]<a  class=\"x-img x-img-link x-img-rounded\"  href=\"https:\/\/www.bilaketa.es\/universidad-para-mayores-francisco-yndurain\/\" title=\"Universidad para Mayores\"    data-options=\"thumbnail: 'https:\/\/www.bilaketa.es\/wp-content\/uploads\/2016\/05\/Cabecera-Ciberumafy.jpg'\"><img decoding=\"async\" src=\"https:\/\/www.bilaketa.es\/wp-content\/uploads\/2016\/05\/Cabecera-Ciberumafy.jpg\" ><\/a><h2  class=\"h-custom-headline center-text h2\" ><span>Elders University<\/span><\/h2><hr  class=\"x-gap\" style=\"margin: 1.313em 0 0 0;\">[\/vc_column_text][\/vc_column][\/vc_row][vc_row padding_top=&#8221;0px&#8221; padding_bottom=&#8221;0px&#8221; border=&#8221;none&#8221; bg_video=&#8221;&#8221; class=&#8221;&#8221; style=&#8221;&#8221;][vc_column width=&#8221;1\/4&#8243; fade_animation=&#8221;in-from-left&#8221; fade_animation_offset=&#8221;45px&#8221; id=&#8221;&#8221; class=&#8221;&#8221; style=&#8221;&#8221;][vc_btn title=&#8221;Youth Unit&#8221; style=&#8221;outline-custom&#8221; outline_custom_color=&#8221;#fe8404&#8243; outline_custom_hover_background=&#8221;#fe8404&#8243; outline_custom_hover_text=&#8221;#ffffff&#8221; align=&#8221;left&#8221; i_type=&#8221;entypo&#8221; i_icon_entypo=&#8221;entypo-icon entypo-icon-pencil&#8221; button_block=&#8221;true&#8221; add_icon=&#8221;true&#8221; link=&#8221;url:https%3A%2F%2Fwww.bilaketa.es%2Fen%2Fyouth-unit%2F|title:Youth%20Unit||&#8221;][vc_btn title=&#8221;Elders Unit&#8221; style=&#8221;outline-custom&#8221; outline_custom_color=&#8221;#b19d96&#8243; outline_custom_hover_background=&#8221;#b19d96&#8243; outline_custom_hover_text=&#8221;#ffffff&#8221; align=&#8221;left&#8221; i_type=&#8221;entypo&#8221; i_icon_entypo=&#8221;entypo-icon entypo-icon-feather&#8221; button_block=&#8221;true&#8221; add_icon=&#8221;true&#8221; link=&#8221;url:https%3A%2F%2Fwww.bilaketa.es%2Fen%2Felders-unit%2F|title:Elders%20Unit||&#8221;][vc_btn title=&#8221;Cultural Area&#8221; style=&#8221;outline-custom&#8221; outline_custom_color=&#8221;#4e4e4e&#8221; outline_custom_hover_background=&#8221;#4e4e4e&#8221; outline_custom_hover_text=&#8221;#ffffff&#8221; align=&#8221;left&#8221; i_type=&#8221;entypo&#8221; i_icon_entypo=&#8221;entypo-icon entypo-icon-book&#8221; button_block=&#8221;true&#8221; add_icon=&#8221;true&#8221; link=&#8221;url:https%3A%2F%2Fwww.bilaketa.es%2Fen%2Fcultural-area%2F|title:Cultural%20Area||&#8221;][vc_btn title=&#8221;<em>Francisco Yndur\u00e1in<\/em> Elders University&#8221; style=&#8221;custom&#8221; custom_background=&#8221;#4cadc9&#8243; custom_text=&#8221;#ffffff&#8221; align=&#8221;left&#8221; i_icon_fontawesome=&#8221;fa fa-graduation-cap&#8221; button_block=&#8221;true&#8221; add_icon=&#8221;true&#8221; link=&#8221;url:https%3A%2F%2Fwww.bilaketa.es%2Fen%2Ffrancisco-yndurain-elders-university%2F|title:%3Cem%3EFrancisco%20Yndur%C3%A1in%3C%2Fem%3E%20Elders%20University||&#8221;][vc_btn title=&#8221;Presentation&#8221; style=&#8221;custom&#8221; custom_background=&#8221;#4cadc9&#8243; custom_text=&#8221;#ffffff&#8221; size=&#8221;sm&#8221; align=&#8221;left&#8221; button_block=&#8221;true&#8221; link=&#8221;url:https%3A%2F%2Fwww.bilaketa.es%2Fen%2Ffrancisco-yndurain-elders-university%2F|title:%3Cem%3EFrancisco%20Yndur%C3%A1in%3C%2Fem%3E%20Elders%20University%20Presentation||&#8221; css=&#8221;.vc_custom_1494066273468{padding-left: 30px !important;}&#8221;][vc_btn title=&#8221;Francisco Yndur\u00e1in&#8221; style=&#8221;outline-custom&#8221; outline_custom_color=&#8221;#4cadc9&#8243; outline_custom_hover_background=&#8221;#4cadc9&#8243; outline_custom_hover_text=&#8221;#ffffff&#8221; size=&#8221;sm&#8221; align=&#8221;left&#8221; button_block=&#8221;true&#8221; link=&#8221;url:https%3A%2F%2Fwww.bilaketa.es%2Fen%2Ffrancisco-yndurain-elders-university%2Ffrancisco-yndurain%2F|title:Francisco%20Yndur%C3%A1in||&#8221; css=&#8221;.vc_custom_1494066328420{margin-top: -20px !important;padding-left: 30px !important;}&#8221;][vc_btn title=&#8221;Definition and Objectives&#8221; style=&#8221;outline-custom&#8221; outline_custom_color=&#8221;#4cadc9&#8243; outline_custom_hover_background=&#8221;#4cadc9&#8243; outline_custom_hover_text=&#8221;#ffffff&#8221; size=&#8221;sm&#8221; align=&#8221;left&#8221; button_block=&#8221;true&#8221; link=&#8221;url:https%3A%2F%2Fwww.bilaketa.es%2Fen%2Ffrancisco-yndurain-elders-university%2Fdefinition-and-objectives%2F|title:Definition%20and%20Objectives||&#8221; css=&#8221;.vc_custom_1494066365809{margin-top: -20px !important;padding-left: 30px !important;}&#8221;][vc_btn title=&#8221;Rights and Duties&#8221; style=&#8221;outline-custom&#8221; outline_custom_color=&#8221;#4cadc9&#8243; outline_custom_hover_background=&#8221;#4cadc9&#8243; outline_custom_hover_text=&#8221;#ffffff&#8221; size=&#8221;sm&#8221; align=&#8221;left&#8221; button_block=&#8221;true&#8221; link=&#8221;url:https%3A%2F%2Fwww.bilaketa.es%2Fen%2Ffrancisco-yndurain-elders-university%2Frights-and-duties%2F|title:Rights%20and%20Duties||&#8221; css=&#8221;.vc_custom_1494066398360{margin-top: -20px !important;padding-left: 30px !important;}&#8221;][vc_btn title=&#8221;Volunteering and Funding&#8221; style=&#8221;outline-custom&#8221; outline_custom_color=&#8221;#4cadc9&#8243; outline_custom_hover_background=&#8221;#4cadc9&#8243; outline_custom_hover_text=&#8221;#ffffff&#8221; size=&#8221;sm&#8221; align=&#8221;left&#8221; button_block=&#8221;true&#8221; link=&#8221;url:https%3A%2F%2Fwww.bilaketa.es%2Fen%2Ffrancisco-yndurain-elders-university%2Fvolunteering-and-funding%2F|title:Volunteering%20and%20Funding||&#8221; css=&#8221;.vc_custom_1494153850545{margin-top: -20px !important;padding-left: 30px !important;}&#8221;][vc_btn title=&#8221;Structure and Methodology&#8221; style=&#8221;outline-custom&#8221; outline_custom_color=&#8221;#4cadc9&#8243; outline_custom_hover_background=&#8221;#4cadc9&#8243; outline_custom_hover_text=&#8221;#ffffff&#8221; size=&#8221;sm&#8221; align=&#8221;left&#8221; button_block=&#8221;true&#8221; link=&#8221;url:https%3A%2F%2Fwww.bilaketa.es%2Fen%2Ffrancisco-yndurain-elders-university%2Fstructure-and-methodology%2F|title:Structure%20and%20Methodology||&#8221; css=&#8221;.vc_custom_1494153906536{margin-top: -20px !important;padding-left: 30px !important;}&#8221;][vc_btn title=&#8221;Schools and Subjects&#8221; style=&#8221;outline-custom&#8221; outline_custom_color=&#8221;#4cadc9&#8243; outline_custom_hover_background=&#8221;#4cadc9&#8243; outline_custom_hover_text=&#8221;#ffffff&#8221; size=&#8221;sm&#8221; align=&#8221;left&#8221; button_block=&#8221;true&#8221; link=&#8221;url:https%3A%2F%2Fwww.bilaketa.es%2Fen%2Ffrancisco-yndurain-elders-university%2Fschools-and-subjects%2F|title:Schools%20and%20Subjects||&#8221; css=&#8221;.vc_custom_1494153949872{margin-top: -20px !important;padding-left: 30px !important;}&#8221;][vc_btn title=&#8221;Enrollment&#8221; style=&#8221;outline-custom&#8221; outline_custom_color=&#8221;#4cadc9&#8243; outline_custom_hover_background=&#8221;#4cadc9&#8243; outline_custom_hover_text=&#8221;#ffffff&#8221; size=&#8221;sm&#8221; align=&#8221;left&#8221; button_block=&#8221;true&#8221; link=&#8221;url:https%3A%2F%2Fwww.bilaketa.es%2Fen%2Ffrancisco-yndurain-elders-university%2Fcalendar-and-enrolment%2F|title:Enrollment||&#8221; css=&#8221;.vc_custom_1494153993362{margin-top: -20px !important;padding-left: 30px !important;}&#8221;][vc_btn title=&#8221;Accreditation&#8221; style=&#8221;outline-custom&#8221; outline_custom_color=&#8221;#4cadc9&#8243; outline_custom_hover_background=&#8221;#4cadc9&#8243; outline_custom_hover_text=&#8221;#ffffff&#8221; size=&#8221;sm&#8221; align=&#8221;left&#8221; button_block=&#8221;true&#8221; link=&#8221;url:https%3A%2F%2Fwww.bilaketa.es%2Fen%2Ffrancisco-yndurain-elders-university%2Faccreditation%2F|title:Accreditation||&#8221; css=&#8221;.vc_custom_1494154054925{margin-top: -20px !important;padding-left: 30px !important;}&#8221;][vc_btn title=&#8221;Teachers and Teaching Staff&#8221; style=&#8221;outline-custom&#8221; outline_custom_color=&#8221;#4cadc9&#8243; outline_custom_hover_background=&#8221;#4cadc9&#8243; outline_custom_hover_text=&#8221;#ffffff&#8221; size=&#8221;sm&#8221; align=&#8221;left&#8221; button_block=&#8221;true&#8221; link=&#8221;url:https%3A%2F%2Fwww.bilaketa.es%2Fen%2Ffrancisco-yndurain-elders-university%2Fteachers-and-teaching-staff%2F|title:Teachers%20and%20Teaching%20Staff||&#8221; css=&#8221;.vc_custom_1494154097854{margin-top: -20px !important;padding-left: 30px !important;}&#8221;][vc_btn title=&#8221;Umafy in the media&#8221; style=&#8221;outline-custom&#8221; outline_custom_color=&#8221;#4cadc9&#8243; outline_custom_hover_background=&#8221;#4cadc9&#8243; outline_custom_hover_text=&#8221;#ffffff&#8221; size=&#8221;sm&#8221; align=&#8221;left&#8221; button_block=&#8221;true&#8221; link=&#8221;url:https%3A%2F%2Fwww.bilaketa.es%2Fen%2Ffrancisco-yndurain-elders-university%2Fumafy-in-the-media%2F|title:Umafy%20in%20the%20media||&#8221; css=&#8221;.vc_custom_1494154141676{margin-top: -20px !important;padding-left: 30px !important;}&#8221;][vc_btn title=&#8221;Photo Gallery&#8221; style=&#8221;outline-custom&#8221; outline_custom_color=&#8221;#4cadc9&#8243; outline_custom_hover_background=&#8221;#4cadc9&#8243; outline_custom_hover_text=&#8221;#ffffff&#8221; size=&#8221;sm&#8221; align=&#8221;left&#8221; button_block=&#8221;true&#8221; link=&#8221;url:https%3A%2F%2Fwww.bilaketa.es%2Fen%2Ffrancisco-yndurain-elders-university%2Fphoto-gallery%2F|title:Photo%20Gallery||&#8221; css=&#8221;.vc_custom_1494154184844{margin-top: -20px !important;padding-left: 30px !important;}&#8221;][vc_btn title=&#8221;Virtual Classroom Access&#8221; style=&#8221;custom&#8221; custom_background=&#8221;#4cadc9&#8243; custom_text=&#8221;#ffffff&#8221; align=&#8221;left&#8221; i_type=&#8221;entypo&#8221; i_icon_entypo=&#8221;entypo-icon entypo-icon-book-open&#8221; button_block=&#8221;true&#8221; add_icon=&#8221;true&#8221; link=&#8221;url:https%3A%2F%2Fwww.bilaketa.es%2Fciberumafy%2F|title:Virtual%20Classroom%20Access|target:%20_blank|&#8221;][vc_btn title=&#8221;Science and New Technology Club&#8221; style=&#8221;outline-custom&#8221; outline_custom_color=&#8221;#0448d1&#8243; outline_custom_hover_background=&#8221;#0448d1&#8243; outline_custom_hover_text=&#8221;#ffffff&#8221; align=&#8221;left&#8221; i_type=&#8221;typicons&#8221; i_icon_typicons=&#8221;typcn typcn-device-desktop&#8221; button_block=&#8221;true&#8221; add_icon=&#8221;true&#8221; link=&#8221;url:https%3A%2F%2Fwww.bilaketa.es%2Fen%2Fscience-and-new-technology-club%2F|title:Science%20and%20New%20Technology%20Club||&#8221;][\/vc_column][vc_column width=&#8221;3\/4&#8243; fade_animation_offset=&#8221;45px&#8221;][vc_row_inner padding_top=&#8221;0px&#8221; padding_bottom=&#8221;0px&#8221; bg_video=&#8221;&#8221; class=&#8221;&#8221; style=&#8221;&#8221;][vc_column_inner width=&#8221;2\/3&#8243; fade_animation=&#8221;in-from-left&#8221; fade_animation_offset=&#8221;45px&#8221; id=&#8221;&#8221; class=&#8221;&#8221; style=&#8221;&#8221;][vc_column_text]<p>In September 1998 Bilaketa launched a programme entitled <em>Francisco Yndur\u00e1in Senior University <\/em>(acronym in Spanish: UMAFY), with the philosophy of freedom through knowledge.<\/p>\n<p>UMAFY is nowadays a firmly rooted centre whose prestige is widely acknowledged, as can be seen in the ever-increasing demad for its services by our elders.<\/p>\n[\/vc_column_text][\/vc_column_inner][vc_column_inner width=&#8221;1\/3&#8243; fade_animation_offset=&#8221;45px&#8221;][vc_cta h2=&#8221;&#8221; h4=&#8221;Elders people decalogue&#8221; txt_align=&#8221;center&#8221; style=&#8221;outline&#8221; add_button=&#8221;bottom&#8221; btn_title=&#8221;See decalogue&#8221; btn_style=&#8221;outline-custom&#8221; btn_outline_custom_color=&#8221;#4cadc9&#8243; btn_outline_custom_hover_background=&#8221;#4cadc9&#8243; btn_outline_custom_hover_text=&#8221;#ffffff&#8221; btn_align=&#8221;center&#8221; btn_button_block=&#8221;true&#8221; css=&#8221;.vc_custom_1494065174036{margin-top: px !important;}&#8221; btn_link=&#8221;url:https%3A%2F%2Fwww.bilaketa.es%2Fwp-content%2Fuploads%2F2016%2F06%2Fdecalogo-personas-mayores.pdf|title:See%20decalogue|target:%20_blank|&#8221;]\n<h5><\/h5>\n[\/vc_cta][\/vc_column_inner][\/vc_row_inner][vc_row_inner padding_top=&#8221;20px&#8221; padding_bottom=&#8221;0px&#8221; bg_video=&#8221;&#8221; class=&#8221;&#8221; style=&#8221;&#8221;][vc_column_inner fade_animation=&#8221;in-from-left&#8221; fade_animation_offset=&#8221;45px&#8221; id=&#8221;&#8221; class=&#8221;&#8221; style=&#8221;&#8221;][vc_column_text]<h4  class=\"h-custom-headline h4\" ><span>Who we are?<\/span><\/h4><hr  class=\"x-hr\" >[\/vc_column_text][\/vc_column_inner][\/vc_row_inner][vc_row_inner padding_top=&#8221;60px&#8221; padding_bottom=&#8221;0px&#8221; bg_video=&#8221;&#8221; class=&#8221;&#8221; style=&#8221;&#8221;][vc_column_inner fade_animation=&#8221;in-from-left&#8221; fade_animation_offset=&#8221;45px&#8221; id=&#8221;&#8221; class=&#8221;&#8221; style=&#8221;&#8221;][vc_cta h2=&#8221;&#8221; h4=&#8221;Founding Teachers&#8221; add_icon=&#8221;left&#8221; i_icon_fontawesome=&#8221;fa fa-graduation-cap&#8221; i_color=&#8221;custom&#8221; i_background_style=&#8221;rounded&#8221; i_on_border=&#8221;true&#8221; i_custom_color=&#8221;#4cadc9&#8243; css=&#8221;.vc_custom_1694025849923{margin-top: px !important;}&#8221;]\n<ul>\n<li>Francisco Yndur\u00e1in (Aoiz, 1910 &#8211; Madrid, 1994)<\/li>\n<li>Salva Guti\u00e9rrez<\/li>\n<\/ul>\n[\/vc_cta][vc_cta h2=&#8221;&#8221; h4=&#8221;Emeritus Professor&#8221; add_icon=&#8221;left&#8221; i_icon_fontawesome=&#8221;fa fa-graduation-cap&#8221; i_color=&#8221;custom&#8221; i_background_style=&#8221;rounded&#8221; i_on_border=&#8221;true&#8221; i_custom_color=&#8221;#4cadc9&#8243; css=&#8221;.vc_custom_1494065248216{margin-top: px !important;}&#8221;]\n<ul>\n<li>ALVAR, Manuel (+Madrid, 2001)(Fecha nombramiento: 24\/4\/1999)<\/li>\n<li>BUENO, Gustavo (fecha nombramiento: 28\/4\/2001)<\/li>\n<li>HOLGADO S\u00c1NCHEZ, M\u00aa Adoraci\u00f3n (fecha nombramiento: 2\/10\/1999)<\/li>\n<li>VEL\u00c1ZQUEZ CLAVIJO, Manuel (fecha nombramiento: 15\/4\/2000)<\/li>\n<li>GARC\u00cdA L\u00d3PEZ, \u00c1ngel (fecha nombramiento: 20\/5\/2006)<\/li>\n<li>MARI\u00d1O, Alicia (fecha nombramiento: 5\/05\/2007)<\/li>\n<li>DE CUENCA, Luis Alberto (fecha nombramiento: 5\/05\/2007)<\/li>\n<\/ul>\n[\/vc_cta][\/vc_column_inner][\/vc_row_inner][vc_row_inner padding_top=&#8221;0px&#8221; padding_bottom=&#8221;0px&#8221; bg_video=&#8221;&#8221; class=&#8221;&#8221; style=&#8221;&#8221;][vc_column_inner width=&#8221;1\/2&#8243; fade_animation=&#8221;in-from-left&#8221; fade_animation_offset=&#8221;45px&#8221; id=&#8221;&#8221; class=&#8221;&#8221; style=&#8221;&#8221;][vc_cta h2=&#8221;&#8221; h4=&#8221;Academic board of directors&#8221; add_icon=&#8221;left&#8221; i_icon_fontawesome=&#8221;fa fa-users&#8221; i_color=&#8221;custom&#8221; i_background_style=&#8221;rounded&#8221; i_on_border=&#8221;true&#8221; i_custom_color=&#8221;#4cadc9&#8243; css=&#8221;.vc_custom_1494065280557{margin-top: px !important;}&#8221;]Es el \u00f3rgano encargado de aprobar y ejecutar el trabajo cotidiano de todas las instancias de la UMAFY. Est\u00e1 compuesto por: Director, Subdirector, Secretario, otros.[\/vc_cta][vc_cta h2=&#8221;&#8221; h4=&#8221;Branch campuses&#8221; add_icon=&#8221;left&#8221; i_icon_fontawesome=&#8221;fa fa-home&#8221; i_color=&#8221;custom&#8221; i_background_style=&#8221;rounded&#8221; i_on_border=&#8221;true&#8221; i_custom_color=&#8221;#4cadc9&#8243; css=&#8221;.vc_custom_1694026103667{margin-top: px !important;}&#8221;]* Aoiz (Ense\u00f1anza presencial y en donde se encuentra la Sede Central)<br \/>\n* Estella (Ense\u00f1anza presencial)<br \/>\n* Pamplona (Ense\u00f1anza presencial)<br \/>\n* Centro Virtual[\/vc_cta][vc_cta h2=&#8221;&#8221; h4=&#8221;<em> Friends of UMAFY <\/em>&#8221; add_button=&#8221;left&#8221; btn_title=&#8221;Informaci\u00f3n&#8221; btn_style=&#8221;outline-custom&#8221; btn_outline_custom_color=&#8221;#4cadc9&#8243; btn_outline_custom_hover_background=&#8221;#4cadc9&#8243; btn_outline_custom_hover_text=&#8221;#ffffff&#8221; add_icon=&#8221;left&#8221; i_icon_fontawesome=&#8221;fa fa-smile-o&#8221; i_color=&#8221;custom&#8221; i_background_style=&#8221;rounded&#8221; i_on_border=&#8221;true&#8221; i_custom_color=&#8221;#4cadc9&#8243; css=&#8221;.vc_custom_1694026186133{margin-top: px !important;}&#8221; btn_link=&#8221;url:https%3A%2F%2Fwww.bilaketa.es%2Fwp-content%2Fuploads%2F2016%2F09%2FAmigos-de-la-UMAFY2.pdf|title:Amigos%20de%20la%20Umafy|target:%20_blank&#8221;][\/vc_cta][vc_cta h2=&#8221;&#8221; h4=&#8221;Administrative Office&#8221; add_icon=&#8221;left&#8221; i_icon_fontawesome=&#8221;fa fa-clipboard&#8221; i_color=&#8221;custom&#8221; i_background_style=&#8221;rounded&#8221; i_on_border=&#8221;true&#8221; i_custom_color=&#8221;#4cadc9&#8243; css=&#8221;.vc_custom_1694025969665{margin-top: px !important;}&#8221;]C\/ Francisco Yndur\u00e1in, 12<br \/>\n31430 AOIZ (Navarra)<br \/>\nTel\u00e9fono: 948 336 598<br \/>\nE-mail:&nbsp;<a href=\"mailto:info@umafy.es\">info@umafy.es<\/a><br \/>\nWeb:&nbsp;<a href=\"http:\/\/www.umafy.es\/\">www.umafy.es<\/a>[\/vc_cta][\/vc_column_inner][vc_column_inner width=&#8221;1\/2&#8243; fade_animation_offset=&#8221;45px&#8221;][vc_single_image image=&#8221;6097&#8243; img_size=&#8221;full&#8221; alignment=&#8221;center&#8221; style=&#8221;vc_box_rounded&#8221;][vc_single_image image=&#8221;6096&#8243; img_size=&#8221;full&#8221; alignment=&#8221;center&#8221; style=&#8221;vc_box_rounded&#8221;][vc_cta h2=&#8221;&#8221; h4=&#8221;Meet Francisco Yndur\u00e1in&#8221; txt_align=&#8221;center&#8221; style=&#8221;outline&#8221; add_button=&#8221;bottom&#8221; btn_title=&#8221;Read biography&#8221; btn_style=&#8221;outline-custom&#8221; btn_outline_custom_color=&#8221;#4cadc9&#8243; btn_outline_custom_hover_background=&#8221;#4cadc9&#8243; btn_outline_custom_hover_text=&#8221;#ffffff&#8221; btn_align=&#8221;center&#8221; add_icon=&#8221;top&#8221; i_icon_fontawesome=&#8221;fa fa-user&#8221; i_color=&#8221;custom&#8221; i_background_style=&#8221;rounded&#8221; btn_button_block=&#8221;true&#8221; i_on_border=&#8221;true&#8221; i_custom_color=&#8221;#4cadc9&#8243; btn_link=&#8221;url:https%3A%2F%2Fwww.bilaketa.es%2Fen%2Ffrancisco-yndurain-elders-university%2Ffrancisco-yndurain%2F|title:Read%20Biography||&#8221; css=&#8221;.vc_custom_1694026309505{margin-top: 20px !important;}&#8221;][\/vc_cta][\/vc_column_inner][\/vc_row_inner][\/vc_column][\/vc_row][vc_row padding_top=&#8221;0px&#8221; padding_bottom=&#8221;0px&#8221;][vc_column fade_animation_offset=&#8221;45px&#8221;][vc_single_image image=&#8221;5762&#8243; img_size=&#8221;full&#8221; alignment=&#8221;center&#8221; style=&#8221;vc_box_rounded&#8221; onclick=&#8221;custom_link&#8221; link=&#8221;https:\/\/www.bilaketa.es\/publicaciones\/&#8221;][\/vc_column][\/vc_row][vc_row padding_top=&#8221;60px&#8221; padding_bottom=&#8221;0px&#8221; bg_video=&#8221;&#8221; class=&#8221;&#8221; style=&#8221;&#8221;][vc_column fade_animation_offset=&#8221;45px&#8221;][vc_btn title=&#8221;Publications&#8221; style=&#8221;gradient-custom&#8221; gradient_custom_color_1=&#8221;#dd9933&#8243; gradient_custom_color_2=&#8221;#799104&#8243; size=&#8221;lg&#8221; align=&#8221;center&#8221; button_block=&#8221;true&#8221; link=&#8221;url:https%3A%2F%2Fwww.bilaketa.es%2Fpublicaciones%2F||&#8221;][\/vc_column][\/vc_row]\n<\/div>","protected":false},"excerpt":{"rendered":"<p>[vc_row padding_top=&#8221;30px&#8221; padding_bottom=&#8221;0px&#8221; bg_video=&#8221;&#8221; class=&#8221;&#8221; style=&#8221;&#8221;][vc_column fade_animation_offset=&#8221;45px&#8221;][vc_column_text][\/vc_column_text][\/vc_column][\/vc_row][vc_row padding_top=&#8221;0px&#8221; padding_bottom=&#8221;0px&#8221; border=&#8221;none&#8221; bg_video=&#8221;&#8221; class=&#8221;&#8221; style=&#8221;&#8221;][vc_column width=&#8221;1\/4&#8243; fade_animation=&#8221;in-from-left&#8221; fade_animation_offset=&#8221;45px&#8221; id=&#8221;&#8221; class=&#8221;&#8221; style=&#8221;&#8221;][vc_btn title=&#8221;Youth Unit&#8221; style=&#8221;outline-custom&#8221; outline_custom_color=&#8221;#fe8404&#8243; outline_custom_hover_background=&#8221;#fe8404&#8243; outline_custom_hover_text=&#8221;#ffffff&#8221; align=&#8221;left&#8221; i_type=&#8221;entypo&#8221; i_icon_entypo=&#8221;entypo-icon entypo-icon-pencil&#8221; button_block=&#8221;true&#8221; add_icon=&#8221;true&#8221; link=&#8221;url:https%3A%2F%2Fwww.bilaketa.es%2Fen%2Fyouth-unit%2F|title:Youth%20Unit||&#8221;][vc_btn title=&#8221;Elders Unit&#8221; style=&#8221;outline-custom&#8221; outline_custom_color=&#8221;#b19d96&#8243; outline_custom_hover_background=&#8221;#b19d96&#8243; outline_custom_hover_text=&#8221;#ffffff&#8221; align=&#8221;left&#8221; i_type=&#8221;entypo&#8221; i_icon_entypo=&#8221;entypo-icon entypo-icon-feather&#8221; button_block=&#8221;true&#8221; add_icon=&#8221;true&#8221; link=&#8221;url:https%3A%2F%2Fwww.bilaketa.es%2Fen%2Felders-unit%2F|title:Elders%20Unit||&#8221;][vc_btn title=&#8221;Cultural Area&#8221; style=&#8221;outline-custom&#8221; outline_custom_color=&#8221;#4e4e4e&#8221; outline_custom_hover_background=&#8221;#4e4e4e&#8221; outline_custom_hover_text=&#8221;#ffffff&#8221; align=&#8221;left&#8221; i_type=&#8221;entypo&#8221; i_icon_entypo=&#8221;entypo-icon entypo-icon-book&#8221; button_block=&#8221;true&#8221; add_icon=&#8221;true&#8221; link=&#8221;url:https%3A%2F%2Fwww.bilaketa.es%2Fen%2Fcultural-area%2F|title:Cultural%20Area||&#8221;][vc_btn title=&#8221;Francisco Yndur\u00e1in &#8230;<\/p>\n","protected":false},"author":2,"featured_media":0,"parent":0,"menu_order":0,"comment_status":"closed","ping_status":"closed","template":"","meta":{"ngg_post_thumbnail":0,"footnotes":""},"class_list":["post-3308","page","type-page","status-publish","hentry","no-post-thumbnail"],"_links":{"self":[{"href":"https:\/\/www.bilaketa.es\/en\/wp-json\/wp\/v2\/pages\/3308"}],"collection":[{"href":"https:\/\/www.bilaketa.es\/en\/wp-json\/wp\/v2\/pages"}],"about":[{"href":"https:\/\/www.bilaketa.es\/en\/wp-json\/wp\/v2\/types\/page"}],"author":[{"embeddable":true,"href":"https:\/\/www.bilaketa.es\/en\/wp-json\/wp\/v2\/users\/2"}],"replies":[{"embeddable":true,"href":"https:\/\/www.bilaketa.es\/en\/wp-json\/wp\/v2\/comments?post=3308"}],"version-history":[{"count":8,"href":"https:\/\/www.bilaketa.es\/en\/wp-json\/wp\/v2\/pages\/3308\/revisions"}],"predecessor-version":[{"id":6098,"href":"https:\/\/www.bilaketa.es\/en\/wp-json\/wp\/v2\/pages\/3308\/revisions\/6098"}],"wp:attachment":[{"href":"https:\/\/www.bilaketa.es\/en\/wp-json\/wp\/v2\/media?parent=3308"}],"curies":[{"name":"wp","href":"https:\/\/api.w.org\/{rel}","templated":true}]}}