{"id":3693,"date":"2017-05-07T10:11:53","date_gmt":"2017-05-07T10:11:53","guid":{"rendered":"https:\/\/www.bilaketa.es\/?page_id=3693\/"},"modified":"2017-05-07T10:31:24","modified_gmt":"2017-05-07T10:31:24","slug":"accreditation","status":"publish","type":"page","link":"https:\/\/www.bilaketa.es\/en\/francisco-yndurain-elders-university\/accreditation\/","title":{"rendered":"Accreditation"},"content":{"rendered":"<div class=\"wpb-content-wrapper\">[vc_row padding_top=&#8221;30px&#8221; padding_bottom=&#8221;0px&#8221; bg_video=&#8221;&#8221; class=&#8221;&#8221; style=&#8221;&#8221;][vc_column fade_animation_offset=&#8221;45px&#8221; width=&#8221;1\/1&#8243;]<a  class=\"x-img x-img-link x-img-rounded\"  href=\"https:\/\/www.bilaketa.es\/universidad-para-mayores-francisco-yndurain\/\" title=\"Universidad para Mayores\"    data-options=\"thumbnail: 'https:\/\/www.bilaketa.es\/wp-content\/uploads\/2016\/05\/Cabecera-Ciberumafy.jpg'\"><img decoding=\"async\" src=\"https:\/\/www.bilaketa.es\/wp-content\/uploads\/2016\/05\/Cabecera-Ciberumafy.jpg\" ><\/a><h2  class=\"h-custom-headline center-text h2\" ><span>Accreditation<\/span><\/h2><hr  class=\"x-gap\" style=\"margin: 1.313em 0 0 0;\">[\/vc_column][\/vc_row][vc_row padding_top=&#8221;0px&#8221; padding_bottom=&#8221;0px&#8221; border=&#8221;none&#8221; bg_video=&#8221;&#8221; class=&#8221;&#8221; style=&#8221;&#8221;][vc_column fade_animation=&#8221;in-from-left&#8221; fade_animation_offset=&#8221;45px&#8221; width=&#8221;1\/4&#8243; id=&#8221;&#8221; class=&#8221;&#8221; style=&#8221;&#8221;][vc_btn title=&#8221;Youth Unit&#8221; style=&#8221;outline-custom&#8221; outline_custom_color=&#8221;#fe8404&#8243; outline_custom_hover_background=&#8221;#fe8404&#8243; outline_custom_hover_text=&#8221;#ffffff&#8221; align=&#8221;left&#8221; i_type=&#8221;entypo&#8221; i_icon_entypo=&#8221;entypo-icon entypo-icon-pencil&#8221; button_block=&#8221;true&#8221; add_icon=&#8221;true&#8221; link=&#8221;url:https%3A%2F%2Fwww.bilaketa.es%2Fen%2Fyouth-unit%2F|title:Youth%20Unit||&#8221;][vc_btn title=&#8221;Elders Unit&#8221; style=&#8221;outline-custom&#8221; outline_custom_color=&#8221;#b19d96&#8243; outline_custom_hover_background=&#8221;#b19d96&#8243; outline_custom_hover_text=&#8221;#ffffff&#8221; align=&#8221;left&#8221; i_type=&#8221;entypo&#8221; i_icon_entypo=&#8221;entypo-icon entypo-icon-feather&#8221; button_block=&#8221;true&#8221; add_icon=&#8221;true&#8221; link=&#8221;url:https%3A%2F%2Fwww.bilaketa.es%2Fen%2Felders-unit%2F|title:Elders%20Unit||&#8221;][vc_btn title=&#8221;Cultural Area&#8221; style=&#8221;outline-custom&#8221; outline_custom_color=&#8221;#4e4e4e&#8221; outline_custom_hover_background=&#8221;#4e4e4e&#8221; outline_custom_hover_text=&#8221;#ffffff&#8221; align=&#8221;left&#8221; i_type=&#8221;entypo&#8221; i_icon_entypo=&#8221;entypo-icon entypo-icon-book&#8221; button_block=&#8221;true&#8221; add_icon=&#8221;true&#8221; link=&#8221;url:https%3A%2F%2Fwww.bilaketa.es%2Fen%2Fcultural-area%2F|title:Cultural%20Area||&#8221;][vc_btn title=&#8221;<em>Francisco Yndur\u00e1in<\/em> Elders University&#8221; style=&#8221;custom&#8221; custom_background=&#8221;#4cadc9&#8243; custom_text=&#8221;#ffffff&#8221; align=&#8221;left&#8221; i_icon_fontawesome=&#8221;fa fa-graduation-cap&#8221; button_block=&#8221;true&#8221; add_icon=&#8221;true&#8221; link=&#8221;url:https%3A%2F%2Fwww.bilaketa.es%2Fen%2Ffrancisco-yndurain-elders-university%2F|title:%3Cem%3EFrancisco%20Yndur%C3%A1in%3C%2Fem%3E%20Elders%20University||&#8221;][vc_btn title=&#8221;Presentation&#8221; style=&#8221;outline-custom&#8221; outline_custom_color=&#8221;#4cadc9&#8243; outline_custom_hover_background=&#8221;#4cadc9&#8243; outline_custom_hover_text=&#8221;#ffffff&#8221; size=&#8221;sm&#8221; align=&#8221;left&#8221; button_block=&#8221;true&#8221; link=&#8221;url:https%3A%2F%2Fwww.bilaketa.es%2Fen%2Ffrancisco-yndurain-elders-university%2F|title:%3Cem%3EFrancisco%20Yndur%C3%A1in%3C%2Fem%3E%20Elders%20University%20Presentation||&#8221; css=&#8221;.vc_custom_1494152359329{padding-left: 30px !important;}&#8221;][vc_btn title=&#8221;Francisco Yndur\u00e1in&#8221; style=&#8221;outline-custom&#8221; outline_custom_color=&#8221;#4cadc9&#8243; outline_custom_hover_background=&#8221;#4cadc9&#8243; outline_custom_hover_text=&#8221;#ffffff&#8221; size=&#8221;sm&#8221; align=&#8221;left&#8221; button_block=&#8221;true&#8221; link=&#8221;url:https%3A%2F%2Fwww.bilaketa.es%2Fen%2Ffrancisco-yndurain-elders-university%2Ffrancisco-yndurain%2F|title:Francisco%20Yndur%C3%A1in||&#8221; css=&#8221;.vc_custom_1494152405571{margin-top: -20px !important;padding-left: 30px !important;}&#8221;][vc_btn title=&#8221;Definition and Objectives&#8221; style=&#8221;outline-custom&#8221; outline_custom_color=&#8221;#4cadc9&#8243; outline_custom_hover_background=&#8221;#4cadc9&#8243; outline_custom_hover_text=&#8221;#ffffff&#8221; size=&#8221;sm&#8221; align=&#8221;left&#8221; button_block=&#8221;true&#8221; link=&#8221;url:https%3A%2F%2Fwww.bilaketa.es%2Fen%2Ffrancisco-yndurain-elders-university%2Fdefinition-and-objectives%2F|title:Definition%20and%20Objectives||&#8221; css=&#8221;.vc_custom_1494152438194{margin-top: -20px !important;padding-left: 30px !important;}&#8221;][vc_btn title=&#8221;Rights and Duties&#8221; style=&#8221;outline-custom&#8221; outline_custom_color=&#8221;#4cadc9&#8243; outline_custom_hover_background=&#8221;#4cadc9&#8243; outline_custom_hover_text=&#8221;#ffffff&#8221; size=&#8221;sm&#8221; align=&#8221;left&#8221; button_block=&#8221;true&#8221; link=&#8221;url:https%3A%2F%2Fwww.bilaketa.es%2Fen%2Ffrancisco-yndurain-elders-university%2Frights-and-duties%2F|title:Rights%20and%20Duties||&#8221; css=&#8221;.vc_custom_1494152473314{margin-top: -20px !important;padding-left: 30px !important;}&#8221;][vc_btn title=&#8221;Volunteering and Funding&#8221; style=&#8221;outline-custom&#8221; outline_custom_color=&#8221;#4cadc9&#8243; outline_custom_hover_background=&#8221;#4cadc9&#8243; outline_custom_hover_text=&#8221;#ffffff&#8221; size=&#8221;sm&#8221; align=&#8221;left&#8221; button_block=&#8221;true&#8221; link=&#8221;url:https%3A%2F%2Fwww.bilaketa.es%2Fen%2Ffrancisco-yndurain-elders-university%2Fvolunteering-and-funding%2F|title:Volunteering%20and%20Funding||&#8221; css=&#8221;.vc_custom_1494152518116{margin-top: -20px !important;padding-left: 30px !important;}&#8221;][vc_btn title=&#8221;Structure and Methodology&#8221; style=&#8221;outline-custom&#8221; outline_custom_color=&#8221;#4cadc9&#8243; outline_custom_hover_background=&#8221;#4cadc9&#8243; outline_custom_hover_text=&#8221;#ffffff&#8221; size=&#8221;sm&#8221; align=&#8221;left&#8221; button_block=&#8221;true&#8221; link=&#8221;url:https%3A%2F%2Fwww.bilaketa.es%2Fen%2Ffrancisco-yndurain-elders-university%2Fstructure-and-methodology%2F|title:Structure%20and%20Methodology||&#8221; css=&#8221;.vc_custom_1494152573974{margin-top: -20px !important;padding-left: 30px !important;}&#8221;][vc_btn title=&#8221;Schools and Subjects&#8221; style=&#8221;outline-custom&#8221; outline_custom_color=&#8221;#4cadc9&#8243; outline_custom_hover_background=&#8221;#4cadc9&#8243; outline_custom_hover_text=&#8221;#ffffff&#8221; size=&#8221;sm&#8221; align=&#8221;left&#8221; button_block=&#8221;true&#8221; link=&#8221;url:https%3A%2F%2Fwww.bilaketa.es%2Fen%2Ffrancisco-yndurain-elders-university%2Fschools-and-subjects%2F|title:Schools%20and%20Subjects||&#8221; css=&#8221;.vc_custom_1494152618029{margin-top: -20px !important;padding-left: 30px !important;}&#8221;][vc_btn title=&#8221;Enrollment&#8221; style=&#8221;outline-custom&#8221; outline_custom_color=&#8221;#4cadc9&#8243; outline_custom_hover_background=&#8221;#4cadc9&#8243; outline_custom_hover_text=&#8221;#ffffff&#8221; size=&#8221;sm&#8221; align=&#8221;left&#8221; button_block=&#8221;true&#8221; link=&#8221;url:https%3A%2F%2Fwww.bilaketa.es%2Fen%2Ffrancisco-yndurain-elders-university%2Fcalendar-and-enrolment%2F|title:Enrollment||&#8221; css=&#8221;.vc_custom_1494152668566{margin-top: -20px !important;padding-left: 30px !important;}&#8221;][vc_btn title=&#8221;Accreditation&#8221; style=&#8221;custom&#8221; custom_background=&#8221;#4cadc9&#8243; custom_text=&#8221;#ffffff&#8221; size=&#8221;sm&#8221; align=&#8221;left&#8221; button_block=&#8221;true&#8221; link=&#8221;url:%23|title:Accreditation||&#8221; css=&#8221;.vc_custom_1494152719403{margin-top: -20px !important;padding-left: 30px !important;}&#8221;][vc_btn title=&#8221;Teachers and Teaching Staff&#8221; style=&#8221;outline-custom&#8221; outline_custom_color=&#8221;#4cadc9&#8243; outline_custom_hover_background=&#8221;#4cadc9&#8243; outline_custom_hover_text=&#8221;#ffffff&#8221; size=&#8221;sm&#8221; align=&#8221;left&#8221; button_block=&#8221;true&#8221; link=&#8221;url:https%3A%2F%2Fwww.bilaketa.es%2Fen%2Ffrancisco-yndurain-elders-university%2Fteachers-and-teaching-staff%2F|title:Teachers%20and%20Teaching%20Staff||&#8221; css=&#8221;.vc_custom_1494152772662{margin-top: -20px !important;padding-left: 30px !important;}&#8221;][vc_btn title=&#8221;Umafy in the media&#8221; style=&#8221;outline-custom&#8221; outline_custom_color=&#8221;#4cadc9&#8243; outline_custom_hover_background=&#8221;#4cadc9&#8243; outline_custom_hover_text=&#8221;#ffffff&#8221; size=&#8221;sm&#8221; align=&#8221;left&#8221; button_block=&#8221;true&#8221; link=&#8221;url:https%3A%2F%2Fwww.bilaketa.es%2Fen%2Ffrancisco-yndurain-elders-university%2Fumafy-in-the-media%2F|title:Umafy%20in%20the%20media||&#8221; css=&#8221;.vc_custom_1494152814125{margin-top: -20px !important;padding-left: 30px !important;}&#8221;][vc_btn title=&#8221;Photo Gallery&#8221; style=&#8221;outline-custom&#8221; outline_custom_color=&#8221;#4cadc9&#8243; outline_custom_hover_background=&#8221;#4cadc9&#8243; outline_custom_hover_text=&#8221;#ffffff&#8221; size=&#8221;sm&#8221; align=&#8221;left&#8221; button_block=&#8221;true&#8221; link=&#8221;url:https%3A%2F%2Fwww.bilaketa.es%2Fen%2Ffrancisco-yndurain-elders-university%2Fphoto-gallery%2F|title:Photo%20Gallery||&#8221; css=&#8221;.vc_custom_1494152855160{margin-top: -20px !important;padding-left: 30px !important;}&#8221;][vc_btn title=&#8221;Virtual Classroom Access&#8221; style=&#8221;custom&#8221; custom_background=&#8221;#4cadc9&#8243; custom_text=&#8221;#ffffff&#8221; align=&#8221;left&#8221; i_type=&#8221;entypo&#8221; i_icon_entypo=&#8221;entypo-icon entypo-icon-book-open&#8221; button_block=&#8221;true&#8221; add_icon=&#8221;true&#8221; link=&#8221;url:https%3A%2F%2Fwww.bilaketa.es%2Fciberumafy|title:Virtual%20Classroom%20Access|target:%20_blank|&#8221;][vc_btn title=&#8221;Science and New Technology Club&#8221; style=&#8221;outline-custom&#8221; outline_custom_color=&#8221;#0448d1&#8243; outline_custom_hover_background=&#8221;#0448d1&#8243; outline_custom_hover_text=&#8221;#ffffff&#8221; align=&#8221;left&#8221; i_type=&#8221;typicons&#8221; i_icon_typicons=&#8221;typcn typcn-device-desktop&#8221; button_block=&#8221;true&#8221; add_icon=&#8221;true&#8221; link=&#8221;url:https%3A%2F%2Fwww.bilaketa.es%2Fen%2Fscience-and-new-technology-club%2F|title:Science%20and%20New%20Technology%20Club||&#8221;][\/vc_column][vc_column fade_animation_offset=&#8221;45px&#8221; width=&#8221;3\/4&#8243;]<hr  class=\"x-gap\" style=\"margin: 1.313em 0 0 0;\"><p>La UMAFY oferta cuatro tipos de diplomas coincidentes con las cuatro secciones en que se estructuran los estudios que ofrece:<\/p>\n<hr  class=\"x-gap\" style=\"margin: 2.313em 0 0 0;\">[vc_row_inner padding_top=&#8221;60px&#8221; padding_bottom=&#8221;0px&#8221; bg_video=&#8221;&#8221; class=&#8221;&#8221; style=&#8221;&#8221;][vc_column_inner fade_animation=&#8221;in-from-left&#8221; fade_animation_offset=&#8221;45px&#8221; width=&#8221;1\/1&#8243; id=&#8221;&#8221; class=&#8221;&#8221; style=&#8221;&#8221;][vc_cta h2=&#8221;&#8221; h4=&#8221;Diploma en <em>Ciencias de la Salud y de las Actividades F\u00edsicas<\/em>&#8221; txt_align=&#8221;center&#8221; style=&#8221;outline&#8221; add_icon=&#8221;left&#8221; i_icon_fontawesome=&#8221;fa fa-graduation-cap&#8221; i_color=&#8221;custom&#8221; i_background_style=&#8221;rounded&#8221; i_on_border=&#8221;true&#8221; i_custom_color=&#8221;#4cadc9&#8243;][\/vc_cta][vc_cta h2=&#8221;&#8221; h4=&#8221;Diploma en <em>Ciencias Experimentales<\/em>&#8221; txt_align=&#8221;center&#8221; style=&#8221;outline&#8221; add_icon=&#8221;left&#8221; i_icon_fontawesome=&#8221;fa fa-graduation-cap&#8221; i_color=&#8221;custom&#8221; i_background_style=&#8221;rounded&#8221; i_on_border=&#8221;true&#8221; i_custom_color=&#8221;#4cadc9&#8243;][\/vc_cta][vc_cta h2=&#8221;&#8221; h4=&#8221;Diploma en <em>Humanidades<\/em>&#8221; txt_align=&#8221;center&#8221; style=&#8221;outline&#8221; add_icon=&#8221;left&#8221; i_icon_fontawesome=&#8221;fa fa-graduation-cap&#8221; i_color=&#8221;custom&#8221; i_background_style=&#8221;rounded&#8221; i_on_border=&#8221;true&#8221; i_custom_color=&#8221;#4cadc9&#8243;][\/vc_cta][vc_cta h2=&#8221;&#8221; h4=&#8221;Diploma en <em>Ciencias Sociales<\/em>&#8221; txt_align=&#8221;center&#8221; style=&#8221;outline&#8221; add_icon=&#8221;left&#8221; i_icon_fontawesome=&#8221;fa fa-graduation-cap&#8221; i_color=&#8221;custom&#8221; i_background_style=&#8221;rounded&#8221; i_on_border=&#8221;true&#8221; i_custom_color=&#8221;#4cadc9&#8243;][\/vc_cta]<hr  class=\"x-gap\" style=\"margin: 1.313em 0 0 0;\"><p>* La UMAFY otorgar\u00e1 Diplomas a sus estudiantes, siempre que \u00e9stos hayan cubierto un m\u00ednimo de\u00a060 cr\u00e9ditos.<\/p>\n<p>* Diploma de\u00a0Graduado en Humanidades. Ciclo formativo y de investigaci\u00f3n con una carga lectiva de\u00a0200 cr\u00e9ditos.<\/p>\n<img decoding=\"async\"  class=\"x-img x-img-rounded\"  src=\"https:\/\/www.bilaketa.es\/wp-content\/uploads\/2016\/09\/Diplomadas2bo.jpg\" alt=\"Diplomadas\">[\/vc_column_inner][\/vc_row_inner][\/vc_column][\/vc_row][vc_row padding_top=&#8221;0px&#8221; padding_bottom=&#8221;0px&#8221;][vc_column fade_animation_offset=&#8221;45px&#8221; width=&#8221;1\/1&#8243;]<hr  class=\"x-gap\" style=\"margin: 1.313em 0 0 0;\">[\/vc_column][\/vc_row][vc_row padding_top=&#8221;60px&#8221; padding_bottom=&#8221;0px&#8221; bg_video=&#8221;&#8221; class=&#8221;&#8221; style=&#8221;&#8221;][vc_column fade_animation_offset=&#8221;45px&#8221; width=&#8221;1\/1&#8243;]<a  class=\"x-img x-img-link x-img-rounded none\"  href=\"https:\/\/www.bilaketa.es\/publicaciones\/\"     data-options=\"thumbnail: 'https:\/\/www.bilaketa.es\/wp-content\/uploads\/2016\/05\/publicaciones.jpg'\"><img decoding=\"async\" src=\"https:\/\/www.bilaketa.es\/wp-content\/uploads\/2016\/05\/publicaciones.jpg\" ><\/a>[vc_btn title=&#8221;Publications&#8221; style=&#8221;gradient-custom&#8221; gradient_custom_color_1=&#8221;#dd9933&#8243; gradient_custom_color_2=&#8221;#799104&#8243; size=&#8221;lg&#8221; align=&#8221;center&#8221; button_block=&#8221;true&#8221; link=&#8221;url:https%3A%2F%2Fwww.bilaketa.es%2Fpublicaciones%2F||&#8221;][\/vc_column][\/vc_row]\n<\/div>","protected":false},"excerpt":{"rendered":"<p>[vc_row padding_top=&#8221;30px&#8221; padding_bottom=&#8221;0px&#8221; bg_video=&#8221;&#8221; class=&#8221;&#8221; style=&#8221;&#8221;][vc_column fade_animation_offset=&#8221;45px&#8221; width=&#8221;1\/1&#8243;][\/vc_column][\/vc_row][vc_row padding_top=&#8221;0px&#8221; padding_bottom=&#8221;0px&#8221; border=&#8221;none&#8221; bg_video=&#8221;&#8221; class=&#8221;&#8221; style=&#8221;&#8221;][vc_column fade_animation=&#8221;in-from-left&#8221; fade_animation_offset=&#8221;45px&#8221; width=&#8221;1\/4&#8243; id=&#8221;&#8221; class=&#8221;&#8221; style=&#8221;&#8221;][vc_btn title=&#8221;Youth Unit&#8221; style=&#8221;outline-custom&#8221; outline_custom_color=&#8221;#fe8404&#8243; outline_custom_hover_background=&#8221;#fe8404&#8243; outline_custom_hover_text=&#8221;#ffffff&#8221; align=&#8221;left&#8221; i_type=&#8221;entypo&#8221; i_icon_entypo=&#8221;entypo-icon entypo-icon-pencil&#8221; button_block=&#8221;true&#8221; add_icon=&#8221;true&#8221; link=&#8221;url:https%3A%2F%2Fwww.bilaketa.es%2Fen%2Fyouth-unit%2F|title:Youth%20Unit||&#8221;][vc_btn title=&#8221;Elders Unit&#8221; style=&#8221;outline-custom&#8221; outline_custom_color=&#8221;#b19d96&#8243; outline_custom_hover_background=&#8221;#b19d96&#8243; outline_custom_hover_text=&#8221;#ffffff&#8221; align=&#8221;left&#8221; i_type=&#8221;entypo&#8221; i_icon_entypo=&#8221;entypo-icon entypo-icon-feather&#8221; button_block=&#8221;true&#8221; add_icon=&#8221;true&#8221; link=&#8221;url:https%3A%2F%2Fwww.bilaketa.es%2Fen%2Felders-unit%2F|title:Elders%20Unit||&#8221;][vc_btn title=&#8221;Cultural Area&#8221; style=&#8221;outline-custom&#8221; outline_custom_color=&#8221;#4e4e4e&#8221; outline_custom_hover_background=&#8221;#4e4e4e&#8221; outline_custom_hover_text=&#8221;#ffffff&#8221; align=&#8221;left&#8221; i_type=&#8221;entypo&#8221; i_icon_entypo=&#8221;entypo-icon entypo-icon-book&#8221; button_block=&#8221;true&#8221; add_icon=&#8221;true&#8221; link=&#8221;url:https%3A%2F%2Fwww.bilaketa.es%2Fen%2Fcultural-area%2F|title:Cultural%20Area||&#8221;][vc_btn title=&#8221;Francisco &#8230;<\/p>\n","protected":false},"author":2,"featured_media":0,"parent":3308,"menu_order":0,"comment_status":"closed","ping_status":"closed","template":"","meta":{"ngg_post_thumbnail":0,"footnotes":""},"class_list":["post-3693","page","type-page","status-publish","hentry","no-post-thumbnail"],"_links":{"self":[{"href":"https:\/\/www.bilaketa.es\/en\/wp-json\/wp\/v2\/pages\/3693"}],"collection":[{"href":"https:\/\/www.bilaketa.es\/en\/wp-json\/wp\/v2\/pages"}],"about":[{"href":"https:\/\/www.bilaketa.es\/en\/wp-json\/wp\/v2\/types\/page"}],"author":[{"embeddable":true,"href":"https:\/\/www.bilaketa.es\/en\/wp-json\/wp\/v2\/users\/2"}],"replies":[{"embeddable":true,"href":"https:\/\/www.bilaketa.es\/en\/wp-json\/wp\/v2\/comments?post=3693"}],"version-history":[{"count":3,"href":"https:\/\/www.bilaketa.es\/en\/wp-json\/wp\/v2\/pages\/3693\/revisions"}],"predecessor-version":[{"id":3713,"href":"https:\/\/www.bilaketa.es\/en\/wp-json\/wp\/v2\/pages\/3693\/revisions\/3713"}],"up":[{"embeddable":true,"href":"https:\/\/www.bilaketa.es\/en\/wp-json\/wp\/v2\/pages\/3308"}],"wp:attachment":[{"href":"https:\/\/www.bilaketa.es\/en\/wp-json\/wp\/v2\/media?parent=3693"}],"curies":[{"name":"wp","href":"https:\/\/api.w.org\/{rel}","templated":true}]}}