{"id":4681,"date":"2017-06-18T08:37:45","date_gmt":"2017-06-18T08:37:45","guid":{"rendered":"https:\/\/www.bilaketa.es\/?page_id=4681\/"},"modified":"2017-06-18T09:04:40","modified_gmt":"2017-06-18T09:04:40","slug":"general-information","status":"publish","type":"page","link":"https:\/\/www.bilaketa.es\/en\/aoiz-the-burgh\/the-burgh\/general-information\/","title":{"rendered":"General information"},"content":{"rendered":"<div class=\"wpb-content-wrapper\">[vc_row padding_top=&#8221;0px&#8221; padding_bottom=&#8221;0px&#8221; border=&#8221;none&#8221; bg_video=&#8221;&#8221; class=&#8221;&#8221; style=&#8221;&#8221;][vc_column fade_animation=&#8221;in-from-left&#8221; fade_animation_offset=&#8221;45px&#8221; width=&#8221;1\/1&#8243; id=&#8221;&#8221; class=&#8221;&#8221; style=&#8221;&#8221;]<hr  class=\"x-gap\" style=\"margin: 1.313em 0 0 0;\">[\/vc_column][\/vc_row][vc_row padding_top=&#8221;0px&#8221; padding_bottom=&#8221;0px&#8221; border=&#8221;none&#8221; bg_video=&#8221;&#8221; class=&#8221;&#8221; style=&#8221;&#8221;][vc_column fade_animation=&#8221;in-from-left&#8221; fade_animation_offset=&#8221;45px&#8221; width=&#8221;1\/4&#8243; id=&#8221;&#8221; class=&#8221;&#8221; style=&#8221;&#8221;][vc_btn title=&#8221;Home&#8221; style=&#8221;custom&#8221; custom_background=&#8221;#821317&#8243; custom_text=&#8221;#ffffff&#8221; shape=&#8221;square&#8221; align=&#8221;left&#8221; i_icon_fontawesome=&#8221;fa fa-circle-o-notch&#8221; button_block=&#8221;true&#8221; add_icon=&#8221;true&#8221; link=&#8221;url:https%3A%2F%2Fwww.bilaketa.es%2Fen%2Faoiz-the-burgh%2F|title:Home||&#8221;][vc_btn title=&#8221;The burgh&#8221; style=&#8221;custom&#8221; custom_background=&#8221;#821317&#8243; custom_text=&#8221;#ffffff&#8221; shape=&#8221;square&#8221; align=&#8221;left&#8221; i_icon_fontawesome=&#8221;fa fa-university&#8221; button_block=&#8221;true&#8221; add_icon=&#8221;true&#8221; link=&#8221;url:https%3A%2F%2Fwww.bilaketa.es%2Fen%2Faoiz-the-burgh%2Fthe-burgh%2F|title:The%20burgh||&#8221;][vc_btn title=&#8221;News&#8221; style=&#8221;outline-custom&#8221; outline_custom_color=&#8221;#821317&#8243; outline_custom_hover_background=&#8221;#821317&#8243; outline_custom_hover_text=&#8221;#ffffff&#8221; shape=&#8221;square&#8221; align=&#8221;left&#8221; i_icon_fontawesome=&#8221;fa fa-newspaper-o&#8221; button_block=&#8221;true&#8221; add_icon=&#8221;true&#8221; link=&#8221;url:https%3A%2F%2Fwww.bilaketa.es%2Fen%2Faoiz-the-burgh%2Fthe-burgh%2Fnews%2F|title:News||&#8221; css=&#8221;.vc_custom_1497775498029{padding-left: 30px !important;}&#8221;][vc_btn title=&#8221;General information&#8221; style=&#8221;custom&#8221; custom_background=&#8221;#821317&#8243; custom_text=&#8221;#ffffff&#8221; shape=&#8221;square&#8221; align=&#8221;left&#8221; i_icon_fontawesome=&#8221;fa fa-wpforms&#8221; button_block=&#8221;true&#8221; add_icon=&#8221;true&#8221; link=&#8221;url:%23|title:General%20information||&#8221; css=&#8221;.vc_custom_1497775510100{padding-left: 30px !important;}&#8221;][vc_btn title=&#8221;History&#8221; style=&#8221;outline-custom&#8221; outline_custom_color=&#8221;#821317&#8243; outline_custom_hover_background=&#8221;#821317&#8243; outline_custom_hover_text=&#8221;#ffffff&#8221; shape=&#8221;square&#8221; align=&#8221;left&#8221; i_icon_fontawesome=&#8221;fa fa-film&#8221; button_block=&#8221;true&#8221; add_icon=&#8221;true&#8221; link=&#8221;url:https%3A%2F%2Fwww.bilaketa.es%2Fen%2Faoiz-the-burgh%2Fthe-burgh%2Fhistory%2F|title:History||&#8221; css=&#8221;.vc_custom_1497775133109{padding-left: 30px !important;}&#8221;][vc_btn title=&#8221;See&#8221; style=&#8221;custom&#8221; custom_background=&#8221;#821317&#8243; custom_text=&#8221;#ffffff&#8221; shape=&#8221;square&#8221; align=&#8221;left&#8221; i_icon_fontawesome=&#8221;fa fa-eye&#8221; button_block=&#8221;true&#8221; add_icon=&#8221;true&#8221; link=&#8221;url:https%3A%2F%2Fwww.bilaketa.es%2Fen%2Faoiz-the-burgh%2Fsee%2F|title:See||&#8221;][vc_btn title=&#8221;Visit&#8221; style=&#8221;custom&#8221; custom_background=&#8221;#821317&#8243; custom_text=&#8221;#ffffff&#8221; shape=&#8221;square&#8221; align=&#8221;left&#8221; i_icon_fontawesome=&#8221;fa fa-bullseye&#8221; button_block=&#8221;true&#8221; add_icon=&#8221;true&#8221; link=&#8221;url:https%3A%2F%2Fwww.bilaketa.es%2Fen%2Faoiz-the-burgh%2Fvisit%2F|title:Visit||&#8221;][\/vc_column][vc_column fade_animation_offset=&#8221;45px&#8221; width=&#8221;3\/4&#8243;][vc_row_inner padding_top=&#8221;0px&#8221; padding_bottom=&#8221;0px&#8221;][vc_column_inner fade_animation_offset=&#8221;45px&#8221; width=&#8221;1\/2&#8243;]<p><strong>Aoiz is easy to get to.<\/strong> It is half an hour away from Roncesvalles, Sang\u00fcesa, the Castle of Javier, the Monastery of Leire, the ravines of Arbay\u00fan and Lumbier, and Pamplona, through which passes the motorway which runs the length of Navarre, north-south, joining it with the Ebro corridor to Aragon and Catalonia and the border at Irun, and another main road which runs crosswise, joining Pamplona with Vitoria and the metropolitan area of Bilbao and San Sebastian.<\/p>\n<p>Aoiz sits on the right-hand bank of the River Irati, at the foot of the Sierra of Zariquieta, which rises to an <strong>altitude of 504<\/strong> metres and on which the Pe\u00f1a de Izaga (1,353 metres) stands out like a fortress of rock. With a <strong>population of around 2,500,<\/strong> Aoiz is the centre of a district peppered with small, peaceful villages grouped for administrative purposes into<em> valleys<\/em>.<\/p>\n<p>Aoiz is currently the local industrial, health, education and, above all, <strong>cultural reference point.<\/strong><\/p>\n[\/vc_column_inner][vc_column_inner fade_animation_offset=&#8221;45px&#8221; width=&#8221;1\/2&#8243;]<div  class=\"x-map embed with-container\" ><div class=\"x-map-inner\"><iframe loading=\"lazy\" style=\"border: 0;\" src=\"https:\/\/www.google.com\/maps\/embed?pb=!1m18!1m12!1m3!1d23426.18098165559!2d-1.370558641972748!3d42.78258620973642!2m3!1f0!2f0!3f0!3m2!1i1024!2i768!4f13.1!3m3!1m2!1s0xd50b74c1b1f4aab%3A0x4018c6508ceec90!2sAoiz%2C+Navarra!5e0!3m2!1ses!2ses!4v1495998987517\" width=\"400\" height=\"300\" frameborder=\"0\" allowfullscreen=\"allowfullscreen\"><\/iframe><\/div><\/div>\n[\/vc_column_inner][\/vc_row_inner][vc_row_inner padding_top=&#8221;0px&#8221; padding_bottom=&#8221;0px&#8221;][vc_column_inner fade_animation_offset=&#8221;45px&#8221; width=&#8221;1\/2&#8243;]<img decoding=\"async\"  class=\"x-img x-img-none none\"  src=\"https:\/\/www.bilaketa.es\/wp-content\/uploads\/2017\/05\/juzgado.jpg\" >[vc_cta h2=&#8221;Details Burgh of Aoiz&#8221; color=&#8221;chino&#8221;]<strong>Category:<\/strong> Burgh (Villa).<br \/>\n<strong>Administrative category:<\/strong> Single municipality.<br \/>\n<strong>Judicial district:<\/strong> Aoiz.<br \/>\n<strong>District:<\/strong> Sang\u00fcesa.<br \/>\n<strong>Geographical district:<\/strong> Pre-Pyrenean Basin of Aoiz.<br \/>\n<strong>Population:<\/strong> approx. 2.500.<br \/>\n<strong>Surface area:<\/strong> 13,2 km2.<br \/>\n<strong>Altitude:<\/strong> 504 m.<br \/>\n<strong>Climate:<\/strong> Temperate, with ocean and continental influences, and an annual average temperatura of 16\u00ba C.<br \/>\n<strong>Geographical boundaries:<\/strong> It is completely surrounded by the Valley of L\u00f3nguida. It is what is known as an &#8220;island municipality&#8221;, separated from the Valley of L\u00f3nguida since the XV century.<br \/>\n<strong>Gentile:<\/strong> Agoisko.[\/vc_cta][\/vc_column_inner][vc_column_inner fade_animation_offset=&#8221;45px&#8221; width=&#8221;1\/2&#8243;]<img decoding=\"async\"  class=\"x-img x-img-none none\"  src=\"https:\/\/www.bilaketa.es\/wp-content\/uploads\/2017\/05\/vista-general.jpg\" >[vc_cta h2=&#8221;A few curiosities&#8221; color=&#8221;chino&#8221;]\n<p style=\"text-align: left;\">People from Aoiz, known as agoiskos, are nicknamed the simples (simple people), adding that even the colck bells make fun of them, because on each hour, the small one sings: <em>Sim-pl\u00e9s&#8230;, sim-pl\u00e9s&#8230;, sim-pl\u00e9s&#8230;<\/em> and the large one drives it home, phlegmatically and definitively:<em><strong><br \/>\n<\/strong><\/em><\/p>\n<p style=\"text-align: center;\"><em>Son&#8230;, son&#8230;, son&#8230; (They are&#8230;they are&#8230;they are&#8230;)<br \/>\n<\/em><\/p>\n<p>They are also known as pelaires (wool-dressers) because this used to be a very common occupation in the Burgh.[\/vc_cta][\/vc_column_inner][\/vc_row_inner][\/vc_column][\/vc_row]\n<\/div>","protected":false},"excerpt":{"rendered":"<p>[vc_row padding_top=&#8221;0px&#8221; padding_bottom=&#8221;0px&#8221; border=&#8221;none&#8221; bg_video=&#8221;&#8221; class=&#8221;&#8221; style=&#8221;&#8221;][vc_column fade_animation=&#8221;in-from-left&#8221; fade_animation_offset=&#8221;45px&#8221; width=&#8221;1\/1&#8243; id=&#8221;&#8221; class=&#8221;&#8221; style=&#8221;&#8221;][\/vc_column][\/vc_row][vc_row padding_top=&#8221;0px&#8221; padding_bottom=&#8221;0px&#8221; border=&#8221;none&#8221; bg_video=&#8221;&#8221; class=&#8221;&#8221; style=&#8221;&#8221;][vc_column fade_animation=&#8221;in-from-left&#8221; fade_animation_offset=&#8221;45px&#8221; width=&#8221;1\/4&#8243; id=&#8221;&#8221; class=&#8221;&#8221; style=&#8221;&#8221;][vc_btn title=&#8221;Home&#8221; style=&#8221;custom&#8221; custom_background=&#8221;#821317&#8243; custom_text=&#8221;#ffffff&#8221; shape=&#8221;square&#8221; align=&#8221;left&#8221; i_icon_fontawesome=&#8221;fa fa-circle-o-notch&#8221; button_block=&#8221;true&#8221; add_icon=&#8221;true&#8221; link=&#8221;url:https%3A%2F%2Fwww.bilaketa.es%2Fen%2Faoiz-the-burgh%2F|title:Home||&#8221;][vc_btn title=&#8221;The burgh&#8221; style=&#8221;custom&#8221; custom_background=&#8221;#821317&#8243; custom_text=&#8221;#ffffff&#8221; shape=&#8221;square&#8221; align=&#8221;left&#8221; i_icon_fontawesome=&#8221;fa fa-university&#8221; button_block=&#8221;true&#8221; add_icon=&#8221;true&#8221; link=&#8221;url:https%3A%2F%2Fwww.bilaketa.es%2Fen%2Faoiz-the-burgh%2Fthe-burgh%2F|title:The%20burgh||&#8221;][vc_btn title=&#8221;News&#8221; style=&#8221;outline-custom&#8221; outline_custom_color=&#8221;#821317&#8243; outline_custom_hover_background=&#8221;#821317&#8243; outline_custom_hover_text=&#8221;#ffffff&#8221; shape=&#8221;square&#8221; align=&#8221;left&#8221; i_icon_fontawesome=&#8221;fa fa-newspaper-o&#8221; button_block=&#8221;true&#8221; add_icon=&#8221;true&#8221; link=&#8221;url:https%3A%2F%2Fwww.bilaketa.es%2Fen%2Faoiz-the-burgh%2Fthe-burgh%2Fnews%2F|title:News||&#8221; &#8230;<\/p>\n","protected":false},"author":2,"featured_media":0,"parent":4652,"menu_order":0,"comment_status":"closed","ping_status":"closed","template":"","meta":{"ngg_post_thumbnail":0,"footnotes":""},"class_list":["post-4681","page","type-page","status-publish","hentry","no-post-thumbnail"],"_links":{"self":[{"href":"https:\/\/www.bilaketa.es\/en\/wp-json\/wp\/v2\/pages\/4681"}],"collection":[{"href":"https:\/\/www.bilaketa.es\/en\/wp-json\/wp\/v2\/pages"}],"about":[{"href":"https:\/\/www.bilaketa.es\/en\/wp-json\/wp\/v2\/types\/page"}],"author":[{"embeddable":true,"href":"https:\/\/www.bilaketa.es\/en\/wp-json\/wp\/v2\/users\/2"}],"replies":[{"embeddable":true,"href":"https:\/\/www.bilaketa.es\/en\/wp-json\/wp\/v2\/comments?post=4681"}],"version-history":[{"count":3,"href":"https:\/\/www.bilaketa.es\/en\/wp-json\/wp\/v2\/pages\/4681\/revisions"}],"predecessor-version":[{"id":4698,"href":"https:\/\/www.bilaketa.es\/en\/wp-json\/wp\/v2\/pages\/4681\/revisions\/4698"}],"up":[{"embeddable":true,"href":"https:\/\/www.bilaketa.es\/en\/wp-json\/wp\/v2\/pages\/4652"}],"wp:attachment":[{"href":"https:\/\/www.bilaketa.es\/en\/wp-json\/wp\/v2\/media?parent=4681"}],"curies":[{"name":"wp","href":"https:\/\/api.w.org\/{rel}","templated":true}]}}