{"id":4749,"date":"2017-06-18T10:28:36","date_gmt":"2017-06-18T10:28:36","guid":{"rendered":"https:\/\/www.bilaketa.es\/?page_id=4749\/"},"modified":"2023-09-15T20:15:38","modified_gmt":"2023-09-15T18:15:38","slug":"palatial-house-of-argamasilla","status":"publish","type":"page","link":"https:\/\/www.bilaketa.es\/en\/aoiz-the-burgh\/visit\/heritage\/palatial-house-of-argamasilla\/","title":{"rendered":"Palatial house of Argamasilla"},"content":{"rendered":"<div class=\"wpb-content-wrapper\">[vc_row padding_top=&#8221;0px&#8221; padding_bottom=&#8221;0px&#8221; border=&#8221;none&#8221; bg_video=&#8221;&#8221; class=&#8221;&#8221; style=&#8221;&#8221;][vc_column width=&#8221;1\/4&#8243; fade_animation=&#8221;in-from-left&#8221; fade_animation_offset=&#8221;45px&#8221; id=&#8221;&#8221; class=&#8221;&#8221; style=&#8221;&#8221;][vc_btn title=&#8221;Home&#8221; style=&#8221;custom&#8221; custom_background=&#8221;#821317&#8243; custom_text=&#8221;#ffffff&#8221; shape=&#8221;square&#8221; align=&#8221;left&#8221; i_icon_fontawesome=&#8221;fa fa-circle-o-notch&#8221; button_block=&#8221;true&#8221; add_icon=&#8221;true&#8221; link=&#8221;url:https%3A%2F%2Fwww.bilaketa.es%2Fen%2Faoiz-the-burgh%2F|title:Home||&#8221;][vc_btn title=&#8221;The burgh&#8221; style=&#8221;custom&#8221; custom_background=&#8221;#821317&#8243; custom_text=&#8221;#ffffff&#8221; shape=&#8221;square&#8221; align=&#8221;left&#8221; i_icon_fontawesome=&#8221;fa fa-university&#8221; button_block=&#8221;true&#8221; add_icon=&#8221;true&#8221; link=&#8221;url:https%3A%2F%2Fwww.bilaketa.es%2Fen%2Faoiz-the-burgh%2Fthe-burgh%2F|title:The%20burgh||&#8221;][vc_btn title=&#8221;See&#8221; style=&#8221;custom&#8221; custom_background=&#8221;#821317&#8243; custom_text=&#8221;#ffffff&#8221; shape=&#8221;square&#8221; align=&#8221;left&#8221; i_icon_fontawesome=&#8221;fa fa-eye&#8221; button_block=&#8221;true&#8221; add_icon=&#8221;true&#8221; link=&#8221;url:https%3A%2F%2Fwww.bilaketa.es%2Fen%2Faoiz-the-burgh%2Fsee%2F|title:See||&#8221;][vc_btn title=&#8221;Visit&#8221; style=&#8221;custom&#8221; custom_background=&#8221;#821317&#8243; custom_text=&#8221;#ffffff&#8221; shape=&#8221;square&#8221; align=&#8221;left&#8221; i_icon_fontawesome=&#8221;fa fa-bullseye&#8221; button_block=&#8221;true&#8221; add_icon=&#8221;true&#8221; link=&#8221;url:https%3A%2F%2Fwww.bilaketa.es%2Fen%2Faoiz-the-burgh%2Fvisit%2F|title:Visit||&#8221;][vc_btn title=&#8221;Heritage&#8221; style=&#8221;custom&#8221; custom_background=&#8221;#821317&#8243; custom_text=&#8221;#ffffff&#8221; shape=&#8221;square&#8221; align=&#8221;left&#8221; i_icon_fontawesome=&#8221;fa fa-university&#8221; button_block=&#8221;true&#8221; add_icon=&#8221;true&#8221; link=&#8221;url:https%3A%2F%2Fwww.bilaketa.es%2Fen%2Faoiz-the-burgh%2Fvisit%2Fheritage%2F|title:Heritage||&#8221; css=&#8221;.vc_custom_1497781118468{padding-left: 30px !important;}&#8221;][vc_btn title=&#8221;Services&#8221; style=&#8221;outline-custom&#8221; outline_custom_color=&#8221;#821317&#8243; outline_custom_hover_background=&#8221;#821317&#8243; outline_custom_hover_text=&#8221;#ffffff&#8221; shape=&#8221;square&#8221; align=&#8221;left&#8221; i_icon_fontawesome=&#8221;fa fa-bullseye&#8221; button_block=&#8221;true&#8221; add_icon=&#8221;true&#8221; link=&#8221;url:https%3A%2F%2Fwww.bilaketa.es%2Fen%2Faoiz-the-burgh%2Fvisit%2Fservices%2F|title:Services||&#8221; css=&#8221;.vc_custom_1497782301503{padding-left: 30px !important;}&#8221;][vc_btn title=&#8221;Accommodation and food&#8221; style=&#8221;outline-custom&#8221; outline_custom_color=&#8221;#821317&#8243; outline_custom_hover_background=&#8221;#821317&#8243; outline_custom_hover_text=&#8221;#ffffff&#8221; shape=&#8221;square&#8221; align=&#8221;left&#8221; i_icon_fontawesome=&#8221;fa fa-cutlery&#8221; button_block=&#8221;true&#8221; add_icon=&#8221;true&#8221; link=&#8221;url:https%3A%2F%2Fwww.bilaketa.es%2Fen%2Faoiz-the-burgh%2Fvisit%2Faccommodation-and-food%2F|title:Accommodation%20and%20food||&#8221; css=&#8221;.vc_custom_1497779468934{padding-left: 30px !important;}&#8221;][\/vc_column][vc_column width=&#8221;3\/4&#8243; fade_animation_offset=&#8221;45px&#8221;][vc_row_inner padding_top=&#8221;0px&#8221; padding_bottom=&#8221;0px&#8221;][vc_column_inner fade_animation_offset=&#8221;45px&#8221;][vc_column_text]Built at the end of the XV century. This Renaissance-style building is one of the finest examples of civil architecture in Navarra.<\/p>\n<p>It has an L-shaped floor plan and two levels. The facade has three openings: a square central door, two side grilles, a balcony jutting over the door and two balcony-door windows. There are two coats of arms at the sides of the central balcony. The building is finished off with overhanging wooden eaves. In the middle of the roof, there is a cube-shaped box made of brick with semicircular arches on the sides which corresponds to the interior stairwell and dates from the XVIII century.<\/p>\n<p>This palatial house belonged to noble families, such as the Erdoz\u00e1ins, El\u00edos and Artetas, and was home to celebrated figures such as the Bayona-Lapenas.<\/p>\n<p>Among those who have slept there, we can list King Juan de Albret, Princess Magdalena and even Ram\u00f3n Mar\u00eda del Valle-Incl\u00e1n.[\/vc_column_text][vc_media_grid grid_id=&#8221;vc_gid:1694801706188-3e455a209ac877204b5e6ab1b22f9214-3&#8243; include=&#8221;4298,4299,4300,4301,4302,4303,4304,4305&#8243;][vc_btn title=&#8221;Return to heritage&#8221; style=&#8221;custom&#8221; custom_text=&#8221;#666666&#8243; shape=&#8221;square&#8221; align=&#8221;center&#8221; button_block=&#8221;true&#8221; link=&#8221;url:https%3A%2F%2Fwww.bilaketa.es%2Fen%2Faoiz-the-burgh%2Fvisit%2Fheritage%2F|title:Heritage||&#8221;][\/vc_column_inner][\/vc_row_inner][\/vc_column][\/vc_row]\n<\/div>","protected":false},"excerpt":{"rendered":"<p>[vc_row padding_top=&#8221;0px&#8221; padding_bottom=&#8221;0px&#8221; border=&#8221;none&#8221; bg_video=&#8221;&#8221; class=&#8221;&#8221; style=&#8221;&#8221;][vc_column width=&#8221;1\/4&#8243; fade_animation=&#8221;in-from-left&#8221; fade_animation_offset=&#8221;45px&#8221; id=&#8221;&#8221; class=&#8221;&#8221; style=&#8221;&#8221;][vc_btn title=&#8221;Home&#8221; style=&#8221;custom&#8221; custom_background=&#8221;#821317&#8243; custom_text=&#8221;#ffffff&#8221; shape=&#8221;square&#8221; align=&#8221;left&#8221; i_icon_fontawesome=&#8221;fa fa-circle-o-notch&#8221; button_block=&#8221;true&#8221; add_icon=&#8221;true&#8221; link=&#8221;url:https%3A%2F%2Fwww.bilaketa.es%2Fen%2Faoiz-the-burgh%2F|title:Home||&#8221;][vc_btn title=&#8221;The burgh&#8221; style=&#8221;custom&#8221; custom_background=&#8221;#821317&#8243; custom_text=&#8221;#ffffff&#8221; shape=&#8221;square&#8221; align=&#8221;left&#8221; i_icon_fontawesome=&#8221;fa fa-university&#8221; button_block=&#8221;true&#8221; add_icon=&#8221;true&#8221; link=&#8221;url:https%3A%2F%2Fwww.bilaketa.es%2Fen%2Faoiz-the-burgh%2Fthe-burgh%2F|title:The%20burgh||&#8221;][vc_btn title=&#8221;See&#8221; style=&#8221;custom&#8221; custom_background=&#8221;#821317&#8243; custom_text=&#8221;#ffffff&#8221; shape=&#8221;square&#8221; align=&#8221;left&#8221; i_icon_fontawesome=&#8221;fa fa-eye&#8221; button_block=&#8221;true&#8221; add_icon=&#8221;true&#8221; link=&#8221;url:https%3A%2F%2Fwww.bilaketa.es%2Fen%2Faoiz-the-burgh%2Fsee%2F|title:See||&#8221;][vc_btn title=&#8221;Visit&#8221; style=&#8221;custom&#8221; custom_background=&#8221;#821317&#8243; custom_text=&#8221;#ffffff&#8221; shape=&#8221;square&#8221; align=&#8221;left&#8221; i_icon_fontawesome=&#8221;fa fa-bullseye&#8221; button_block=&#8221;true&#8221; add_icon=&#8221;true&#8221; link=&#8221;url:https%3A%2F%2Fwww.bilaketa.es%2Fen%2Faoiz-the-burgh%2Fvisit%2F|title:Visit||&#8221;][vc_btn title=&#8221;Heritage&#8221; style=&#8221;custom&#8221; &#8230;<\/p>\n","protected":false},"author":2,"featured_media":0,"parent":4664,"menu_order":0,"comment_status":"closed","ping_status":"closed","template":"","meta":{"ngg_post_thumbnail":0,"footnotes":""},"class_list":["post-4749","page","type-page","status-publish","hentry","no-post-thumbnail"],"_links":{"self":[{"href":"https:\/\/www.bilaketa.es\/en\/wp-json\/wp\/v2\/pages\/4749"}],"collection":[{"href":"https:\/\/www.bilaketa.es\/en\/wp-json\/wp\/v2\/pages"}],"about":[{"href":"https:\/\/www.bilaketa.es\/en\/wp-json\/wp\/v2\/types\/page"}],"author":[{"embeddable":true,"href":"https:\/\/www.bilaketa.es\/en\/wp-json\/wp\/v2\/users\/2"}],"replies":[{"embeddable":true,"href":"https:\/\/www.bilaketa.es\/en\/wp-json\/wp\/v2\/comments?post=4749"}],"version-history":[{"count":3,"href":"https:\/\/www.bilaketa.es\/en\/wp-json\/wp\/v2\/pages\/4749\/revisions"}],"predecessor-version":[{"id":6564,"href":"https:\/\/www.bilaketa.es\/en\/wp-json\/wp\/v2\/pages\/4749\/revisions\/6564"}],"up":[{"embeddable":true,"href":"https:\/\/www.bilaketa.es\/en\/wp-json\/wp\/v2\/pages\/4664"}],"wp:attachment":[{"href":"https:\/\/www.bilaketa.es\/en\/wp-json\/wp\/v2\/media?parent=4749"}],"curies":[{"name":"wp","href":"https:\/\/api.w.org\/{rel}","templated":true}]}}