{"id":3180,"date":"2017-04-29T09:08:17","date_gmt":"2017-04-29T09:08:17","guid":{"rendered":"https:\/\/www.bilaketa.es\/?page_id=3180\/"},"modified":"2017-05-01T09:45:47","modified_gmt":"2017-05-01T09:45:47","slug":"poesia-irabazleak","status":"publish","type":"page","link":"https:\/\/www.bilaketa.es\/eu\/kultur-arloa\/nazioarteko-poesia-narratiba-eta-pintura-sariketak\/poesia-irabazleak\/","title":{"rendered":"Poesia irabazleak"},"content":{"rendered":"<div class=\"wpb-content-wrapper\">[vc_row padding_top=&#8221;30px&#8221; padding_bottom=&#8221;0px&#8221; bg_video=&#8221;&#8221; class=&#8221;&#8221; style=&#8221;&#8221;][vc_column fade_animation_offset=&#8221;45px&#8221; width=&#8221;1\/1&#8243;]<a  class=\"x-img x-img-link x-img-rounded\"  href=\"https:\/\/www.bilaketa.es\/area-de-cultura\/\" title=\"Area de Cultura\"    data-options=\"thumbnail: 'https:\/\/www.bilaketa.es\/wp-content\/uploads\/2016\/05\/area-cultura-1.jpg'\"><img decoding=\"async\" src=\"https:\/\/www.bilaketa.es\/wp-content\/uploads\/2016\/05\/area-cultura-1.jpg\" ><\/a><h2  class=\"h-custom-headline center-text h2\" ><span>Nazioartekok Poesia Lehaiketa Irabazleak<\/span><\/h2><hr  class=\"x-gap\" style=\"margin: 2.313em 0 0 0;\">[\/vc_column][\/vc_row][vc_row padding_top=&#8221;0px&#8221; padding_bottom=&#8221;0px&#8221; border=&#8221;none&#8221; bg_video=&#8221;&#8221; class=&#8221;&#8221; style=&#8221;&#8221;][vc_column fade_animation=&#8221;in-from-left&#8221; fade_animation_offset=&#8221;45px&#8221; width=&#8221;1\/4&#8243; id=&#8221;&#8221; class=&#8221;&#8221; style=&#8221;&#8221;][vc_btn title=&#8221;Gazteria Arloa&#8221; style=&#8221;outline-custom&#8221; outline_custom_color=&#8221;#fe8404&#8243; outline_custom_hover_background=&#8221;#fe8404&#8243; outline_custom_hover_text=&#8221;#ffffff&#8221; align=&#8221;left&#8221; i_type=&#8221;entypo&#8221; i_icon_entypo=&#8221;entypo-icon entypo-icon-pencil&#8221; button_block=&#8221;true&#8221; add_icon=&#8221;true&#8221; link=&#8221;url:https%3A%2F%2Fwww.bilaketa.es%2Feu%2Fgazteria-arloa%2F|title:Gazteria%20Arloa||&#8221;][vc_btn title=&#8221;Adinekoen Arloa&#8221; style=&#8221;outline-custom&#8221; outline_custom_color=&#8221;#b19d96&#8243; outline_custom_hover_background=&#8221;#b19d96&#8243; outline_custom_hover_text=&#8221;#ffffff&#8221; align=&#8221;left&#8221; i_type=&#8221;entypo&#8221; i_icon_entypo=&#8221;entypo-icon entypo-icon-feather&#8221; button_block=&#8221;true&#8221; add_icon=&#8221;true&#8221; link=&#8221;url:https%3A%2F%2Fwww.bilaketa.es%2Feu%2Fadinekoen-arloa%2F|title:Adinekoen%20Arloa||&#8221;][vc_btn title=&#8221;Kultur Arloa&#8221; style=&#8221;custom&#8221; custom_background=&#8221;#4e4e4e&#8221; custom_text=&#8221;#ffffff&#8221; align=&#8221;left&#8221; i_type=&#8221;entypo&#8221; i_icon_entypo=&#8221;entypo-icon entypo-icon-book&#8221; button_block=&#8221;true&#8221; add_icon=&#8221;true&#8221; link=&#8221;url:https%3A%2F%2Fwww.bilaketa.es%2Feu%2Fkultur-arloa%2F|title:Kultur%20Arloa||&#8221;][vc_btn title=&#8221;Aurkezpena&#8221; style=&#8221;outline-custom&#8221; outline_custom_color=&#8221;#4e4e4e&#8221; outline_custom_hover_background=&#8221;#4e4e4e&#8221; outline_custom_hover_text=&#8221;#ffffff&#8221; size=&#8221;sm&#8221; align=&#8221;left&#8221; button_block=&#8221;true&#8221; link=&#8221;url:https%3A%2F%2Fwww.bilaketa.es%2Feu%2Fkultur-arloa%2F|title:Kultura%20Arloa%20Aurkezpena||&#8221; css=&#8221;.vc_custom_1493456767135{padding-left: 30px !important;}&#8221;][vc_btn title=&#8221;Nazioarteko Poesia, Narratiba eta Pintura Sariketak&#8221; style=&#8221;custom&#8221; custom_background=&#8221;#4e4e4e&#8221; custom_text=&#8221;#ffffff&#8221; size=&#8221;sm&#8221; align=&#8221;left&#8221; button_block=&#8221;true&#8221; link=&#8221;url:https%3A%2F%2Fwww.bilaketa.es%2Feu%2Fkultur-arloa%2Fnazioarteko-poesia-narratiba-eta-pintura-sariketak%2F|title:Nazioarteko%20Poesia%2C%20Narratiba%20eta%20Pintura%20Sariketak||&#8221; css=&#8221;.vc_custom_1493456745768{margin-top: -20px !important;padding-left: 30px !important;}&#8221;][vc_btn title=&#8221;Kanpo Eskultura Nazioarteko Lehiaketa&#8221; style=&#8221;outline-custom&#8221; outline_custom_color=&#8221;#4e4e4e&#8221; outline_custom_hover_background=&#8221;#4e4e4e&#8221; outline_custom_hover_text=&#8221;#ffffff&#8221; size=&#8221;sm&#8221; align=&#8221;left&#8221; button_block=&#8221;true&#8221; link=&#8221;url:https%3A%2F%2Fwww.bilaketa.es%2Feu%2Fkultur-arloa%2Fkanpo-eskultura-sariketa%2F|title:Kanpo%20Eskultura%20Nazioarteko%20Lehiaketa||&#8221; css=&#8221;.vc_custom_1493631470970{margin-top: -20px !important;padding-left: 30px !important;}&#8221;][vc_btn title=&#8221;<em>Mariano Garcia<\/em> Musika Akademia&#8221; style=&#8221;outline-custom&#8221; outline_custom_color=&#8221;#4e4e4e&#8221; outline_custom_hover_background=&#8221;#4e4e4e&#8221; outline_custom_hover_text=&#8221;#ffffff&#8221; size=&#8221;sm&#8221; align=&#8221;left&#8221; button_block=&#8221;true&#8221; link=&#8221;url:https%3A%2F%2Fwww.bilaketa.es%2Feu%2Fkultur-arloa%2Fmariano-garcia-musika-akademia%2F|title:%3Cem%3EMariano%20Garcia%3C%2Fem%3E%20Musika%20Akademia||&#8221; css=&#8221;.vc_custom_1493631534532{margin-top: -20px !important;padding-left: 30px !important;}&#8221;][vc_btn title=&#8221;<em>Mariano Garc\u00eda<\/em> Musika Banda&#8221; style=&#8221;outline-custom&#8221; outline_custom_color=&#8221;#4e4e4e&#8221; outline_custom_hover_background=&#8221;#4e4e4e&#8221; outline_custom_hover_text=&#8221;#ffffff&#8221; size=&#8221;sm&#8221; align=&#8221;left&#8221; button_block=&#8221;true&#8221; link=&#8221;url:https%3A%2F%2Fwww.bilaketa.es%2Feu%2Fkultur-arloa%2Fmariano-garcia-musika-banda%2F|title:%3Cem%3EMariano%20Garc%C3%ADa%3C%2Fem%3E%20Musika%20Banda||&#8221; css=&#8221;.vc_custom_1493631579985{margin-top: -20px !important;padding-left: 30px !important;}&#8221;][vc_btn title=&#8221;Boluntarioen Eskola&#8221; style=&#8221;outline-custom&#8221; outline_custom_color=&#8221;#4e4e4e&#8221; outline_custom_hover_background=&#8221;#4e4e4e&#8221; outline_custom_hover_text=&#8221;#ffffff&#8221; size=&#8221;sm&#8221; align=&#8221;left&#8221; button_block=&#8221;true&#8221; link=&#8221;url:https%3A%2F%2Fwww.bilaketa.es%2Feu%2Fkultur-arloa%2Fboluntarioen-eskola%2F|title:Boluntarioen%20Eskola||&#8221; css=&#8221;.vc_custom_1493631655751{margin-top: -20px !important;padding-left: 30px !important;}&#8221;][vc_btn title=&#8221;Liburutegia&#8221; style=&#8221;outline-custom&#8221; outline_custom_color=&#8221;#4e4e4e&#8221; outline_custom_hover_background=&#8221;#4e4e4e&#8221; outline_custom_hover_text=&#8221;#ffffff&#8221; size=&#8221;sm&#8221; align=&#8221;left&#8221; button_block=&#8221;true&#8221; link=&#8221;url:https%3A%2F%2Fwww.bilaketa.es%2Feu%2Fkultur-arloa%2Fliburutegia%2F|title:Liburutegia||&#8221; css=&#8221;.vc_custom_1493631678818{margin-top: -20px !important;padding-left: 30px !important;}&#8221;][vc_btn title=&#8221;Irakurketa Virtual Tailerra <em>VIVEleyendo!<\/em>&#8221; style=&#8221;outline-custom&#8221; outline_custom_color=&#8221;#4e4e4e&#8221; outline_custom_hover_background=&#8221;#4e4e4e&#8221; outline_custom_hover_text=&#8221;#ffffff&#8221; size=&#8221;sm&#8221; align=&#8221;left&#8221; button_block=&#8221;true&#8221; link=&#8221;url:https%3A%2F%2Fwww.bilaketa.es%2Feu%2Fkultur-arloa%2Firakurketa-virtual-tailerra-viveleyendo%2F|title:Irakurketa%20Virtual%20Tailerra%20%3Cem%3EVIVEleyendo!%3C%2Fem%3E||&#8221; css=&#8221;.vc_custom_1493631739136{margin-top: -20px !important;padding-left: 30px !important;}&#8221;][vc_btn title=&#8221;Bilaketa Ondarea Erakusketa&#8221; style=&#8221;outline-custom&#8221; outline_custom_color=&#8221;#4e4e4e&#8221; outline_custom_hover_background=&#8221;#4e4e4e&#8221; outline_custom_hover_text=&#8221;#ffffff&#8221; size=&#8221;sm&#8221; align=&#8221;left&#8221; button_block=&#8221;true&#8221; link=&#8221;url:https%3A%2F%2Fwww.bilaketa.es%2Feu%2Fkultur-arloa%2Fbilaketa-ondarea-erakusketa%2F|title:Bilaketa%20Ondarea%20Erakusketa||&#8221; css=&#8221;.vc_custom_1493631802682{margin-top: -20px !important;padding-left: 30px !important;}&#8221;][vc_btn title=&#8221;Berriak eta Jarduerak&#8221; style=&#8221;outline-custom&#8221; outline_custom_color=&#8221;#4e4e4e&#8221; outline_custom_hover_background=&#8221;#4e4e4e&#8221; outline_custom_hover_text=&#8221;#ffffff&#8221; size=&#8221;sm&#8221; align=&#8221;left&#8221; button_block=&#8221;true&#8221; link=&#8221;url:https%3A%2F%2Fwww.bilaketa.es%2Feu%2Fkultur-arloa%2Fberriak-eta-jarduerak%2F|title:Berriak%20eta%20Jarduerak||&#8221; css=&#8221;.vc_custom_1493631844099{margin-top: -20px !important;padding-left: 30px !important;}&#8221;][vc_btn title=&#8221;Adinekoentzako <em>Francisco Yndur\u00e1in <\/em>Unibertsitatea&#8221; style=&#8221;outline-custom&#8221; outline_custom_color=&#8221;#4cadc9&#8243; outline_custom_hover_background=&#8221;#4cadc9&#8243; outline_custom_hover_text=&#8221;#ffffff&#8221; align=&#8221;left&#8221; i_icon_fontawesome=&#8221;fa fa-graduation-cap&#8221; button_block=&#8221;true&#8221; add_icon=&#8221;true&#8221; link=&#8221;url:https%3A%2F%2Fwww.bilaketa.es%2Feu%2Fadinekoentzako-francisco-yndurain-unibertsitatea%2F|title:Adinekoentzako%20%3Cem%3EFrancisco%20Yndur%C3%A1in%20%3C%2Fem%3EUnibertsitatea||&#8221;][vc_btn title=&#8221;Zientzien eta Teknologia Berrien Kluba&#8221; style=&#8221;outline-custom&#8221; outline_custom_color=&#8221;#0448d1&#8243; outline_custom_hover_background=&#8221;#0448d1&#8243; outline_custom_hover_text=&#8221;#ffffff&#8221; align=&#8221;left&#8221; i_type=&#8221;typicons&#8221; i_icon_typicons=&#8221;typcn typcn-device-desktop&#8221; button_block=&#8221;true&#8221; add_icon=&#8221;true&#8221; link=&#8221;url:https%3A%2F%2Fwww.bilaketa.es%2Feu%2Fzientzien-eta-teknologia-berrien-kluba%2F|title:Zientzien%20eta%20Teknologia%20Berrien%20Kluba||&#8221;][\/vc_column][vc_column fade_animation_offset=&#8221;45px&#8221; width=&#8221;3\/4&#8243;][vc_row_inner padding_top=&#8221;60px&#8221; padding_bottom=&#8221;0px&#8221; bg_video=&#8221;&#8221; class=&#8221;&#8221; style=&#8221;&#8221;][vc_column_inner fade_animation_offset=&#8221;45px&#8221; width=&#8221;1\/1&#8243; id=&#8221;&#8221; class=&#8221;&#8221; style=&#8221;&#8221;][vc_cta h2=&#8221;&#8221; style=&#8221;outline&#8221; add_icon=&#8221;top&#8221; i_icon_fontawesome=&#8221;fa fa-certificate&#8221; i_color=&#8221;custom&#8221; i_background_style=&#8221;rounded&#8221; i_size=&#8221;lg&#8221; i_on_border=&#8221;true&#8221; i_custom_color=&#8221;#4e4e4e&#8221;]\n<ul>\n<li><strong>XXXVII edizioa 2013.<\/strong><em>\u00a0Para pedir explicaciones a alguien,\u00a0<\/em>Teresa N\u00fa\u00f1ez Gonz\u00e1lez.<\/li>\n<li><strong>XXXVI <strong>edizioa<\/strong> 2012<\/strong>.\u00a0<em>A Shirley Horn, en el viento<\/em>, Mar\u00eda Sanz y\u00a0<em>Blas<\/em>, Jos\u00e9 Luis Morales.<\/li>\n<li><strong>XXXV <strong>edizioa<\/strong> 2011.<\/strong>\u00a0<em>Ayer no te vi en Babilonia<\/em>, Santos Dom\u00ednguez Ramos.<\/li>\n<li><strong>XXXIV <strong>edizioa<\/strong> 2010.<\/strong>\u00a0<em>24 de noviembre de 2008<\/em>, Felipe Ben\u00edtez Reyes.<\/li>\n<li><strong>XXXIII <strong>edizioa<\/strong> 2009.<\/strong>\u00a0<em>Ll\u00e1mame cuando llegues<\/em>, Luis Gonz\u00e1lez C\u00f3rdoba.<\/li>\n<li><strong>XXXII <strong>edizioa<\/strong> 2008.\u00a0<\/strong><em>Contraan\u00e1lisis<\/em>, Javier Asi\u00e1in.<\/li>\n<li><strong>XXXI <strong>edizioa<\/strong> 2007.<\/strong>\u00a0<em>Cuerpo y signo<\/em>, Jos\u00e9 Mar\u00eda Mu\u00f1oz Quir\u00f3s.<\/li>\n<li><strong>XXX <strong>edizioa<\/strong> 2006.<\/strong>\u00a0<em>El cerco<\/em>, Pedro A. Gonz\u00e1lez Moreno.<\/li>\n<li><strong>XXIX <strong>edizioa<\/strong> 2005.<\/strong>\u00a0<em>Montes de labo<\/em>r, Gabriel Insausti y Jos\u00e9 Mar\u00eda Ascunce.<\/li>\n<li><strong>XXVIII <strong>edizioa<\/strong> 2004.<\/strong>\u00a0<em>Cuando ya nada importa<\/em>, Andr\u00e9s Mir\u00f3n.<\/li>\n<li><strong>XXVII <strong>edizioa<\/strong> 2003.<\/strong>\u00a0<em>Oda al hombre que pis\u00f3 la luna<\/em>, Luis L\u00f3pez Anglada.<\/li>\n<li><strong>XXVI <strong>edizioa<\/strong> 2002.<\/strong>\u00a0<em>Iluso por sufragio<\/em>, Jordi Virallonga.<\/li>\n<li><strong>XXV <strong>edizioa<\/strong> 2001.<\/strong>\u00a0<em>Toulouse-Lautrec<\/em>, Ignacio Caparr\u00f3s.<\/li>\n<li><strong>XXIV <strong>edizioa<\/strong> 2000.<\/strong>\u00a0<em>Frontera del silencio<\/em>, Jorge de Arco.<\/li>\n<li><strong>XXIII <strong>edizioa<\/strong> 1999.<\/strong>\u00a0<em>Manual de supervivencia<\/em>, Alfonso Pascal Ros y\u00a0<em>Pen\u00faltima odisea<\/em>, Jos\u00e9 J. Alfaro Calvo.<\/li>\n<li><strong>XXII <strong>edizioa<\/strong> 1998.<\/strong>\u00a0<em>Una hebra de esplendor<\/em>, Antonio Rodr\u00edguez Jim\u00e9nez.<\/li>\n<li><strong>XXI <strong>edizioa<\/strong> 1997.<\/strong>\u00a0<em>Haches<\/em>, Natalia Caparroso Larraz.<\/li>\n<li><strong>XX <strong>edizioa<\/strong> 1996.\u00a0<\/strong><em>El loro de Flaubert dice: \u00e9ste no es un poema de Keats<\/em>, Alexandra Dom\u00ednguez y\u00a0<em>Bajo la c\u00fapula de la catedral de Zamora<\/em>, Jes\u00fas Hilario Tundidor.<\/li>\n<li><strong>XIX <strong>edizioa<\/strong> 1995.<\/strong><em>\u00a0En una cartulina de Saint Barth,s<\/em>, Fernando Qui\u00f1ones.<\/li>\n<li><strong>XVIII <strong>edizioa<\/strong> 1994.\u00a0<\/strong><em>La casa<\/em>, Joaqu\u00edn M\u00e1rquez y\u00a0<em>Hoy vengo de un cansancio<\/em>, Carlos Baos Gal\u00e1n.<\/li>\n<li><strong>XVII <strong>edizioa<\/strong> 1993.\u00a0<\/strong><em>Recordando Venecia desde el sur<\/em>, Antonio Parra Ruiz.<\/li>\n<li><strong>XVI <strong>edizioa<\/strong> 1992.<\/strong>\u00a0<em>De la ciudad de la\u2026<\/em>, Fernando Luis Chivite y\u00a0<em>Cronograma<\/em>, Bel\u00e9n Mar\u00eda Morillo.<\/li>\n<li><strong>XV <strong>edizioa<\/strong> 1991.\u00a0<\/strong><em>Hoy s\u00ed. Me he puesto dura como para la vida<\/em>, Maite P\u00e9rez Larumbe;\u00a0<em>Muerte de luz<\/em>, Luis Arrillaga y\u00a0<em>Poema arrepentido<\/em>, Jacobo Mel\u00e9ndez.<\/li>\n<li><strong>XIV <strong>edizioa<\/strong> 1990.<\/strong>\u00a0<em>Mujer con su desnuda primavera<\/em>, \u00c1ngel Urrutia Iturbe;<em>\u00a0Ubicaci\u00f3n<\/em>, Alfonso Pascal Ros y\u00a0<em>Tan callando<\/em>, Carlos Baos Gal\u00e1n.<\/li>\n<li><strong>XIII <strong>edizioa<\/strong> 1989.\u00a0<\/strong><em>Desesperanza<\/em>, Salvador Muerza;\u00a0<em>Po\u00e9tica en Aoiz<\/em>, Carlos Baos Gal\u00e1n;\u00a0<em>Tr\u00edptico del loco amor<\/em>, Juan Colina Toledo y\u00a0<em>Carta de un cartero<\/em>, Manuel Mart\u00ednez Fern\u00e1ndez de Bobadilla.<\/li>\n<li><strong>XII <strong>edizioa<\/strong> 1988.<\/strong><em>\u00a0Nacimiento de un poema<\/em>, \u00c1ngel Urrutia Iturbe;\u00a0<em>L\u00e1piz para un autorretrato<\/em>, Jos\u00e9 Javier Alfaro Calvo;\u00a0<em>Para olvidar<\/em>, Ricardo Sora Manero y\u00a0<em>Poema no subvencionado por los dioses<\/em>, Juan Manuel S\u00e1nchez.<\/li>\n<li><strong>XI <strong>edizioa<\/strong> 1987.\u00a0<\/strong><em>Una proposici\u00f3n para corregir los mapas modernos<\/em>, Santiago Beruete;<em>\u00a0El Gonz\u00e1lez da el tema 25<\/em>, Jos\u00e9 Luis Gonz\u00e1lez-Urbiola;\u00a0<em>Tres palabras<\/em>, Carlos Baos Gal\u00e1n y\u00a0<em>Eleg\u00eda en las Bardenas<\/em>, Manuel Mart\u00ednez Fern\u00e1ndez de Bobadilla.<\/li>\n<li><strong>X <strong>edizioa<\/strong> 1986.\u00a0<\/strong><em>Ahora<\/em>, Jos\u00e9 Javier Alfaro;\u00a0<em>El ansia del gusano<\/em>, Fernando Luis Chivite;\u00a0<em>Contra el tiempo el azar<\/em>, Ignacio Ochoa de Olza y\u00a0<em>Valle de L\u00f3nguida<\/em>, \u00c1ngel Urrutia Iturbe.<\/li>\n<li><strong>IX <strong>edizioa<\/strong> 1985.<\/strong>\u00a0<em>Se me qued\u00f3 mirando<\/em>, Victoriano Bordonaba;\u00a0<em>Paisaje fieramente humano<\/em>, Jos\u00e9 Javier Alfaro Calvo;\u00a0<em>Casa con espectro<\/em>, Fernando Luis Chivite y\u00a0<em>&#8230;Y escribirte un poema<\/em>, Alfredo D\u00edaz de Cerio.<\/li>\n<li><strong>VIII <strong>edizioa<\/strong> 1984.<\/strong>\u00a0<em>Dislexias contra\u00eddas<\/em>, Rafael Chocarro;\u00a0<em>Nacer entre la piel<\/em>, Charo Fuentes Caballero;\u00a0<em>Cuatro sonetos para&#8230;<\/em>, Dami\u00e1n Iribarren.<\/li>\n<li><strong>VII <strong>edizioa<\/strong> 1983.<\/strong><em>\u00a0A lo s\u00fabito tendr\u00e1s que acostumbrarte<\/em>, Alfredo D\u00edaz de Cerio;\u00a0<em>T\u00fa y yo<\/em>, Rafael Chocarro y\u00a0<em>Al Irati<\/em>, Miguel \u00c1ngel Laco.<\/li>\n<li><strong>VI <strong>edizioa<\/strong> 1982.<\/strong>\u00a0<em>Cerca de ti<\/em>, Mar\u00eda Olabarr\u00eda y\u00a0<em>Cuando yo muera<\/em>, Alfredo Gal\u00e1n.<\/li>\n<li><strong>V <strong>edizioa<\/strong> 1981.<\/strong>\u00a0<em>Los ojos de la luz<\/em>, Antonio D\u00edaz y\u00a0<em>Cuando yo muera<\/em>, Alfredo Gal\u00e1n.<\/li>\n<li><strong>IV <strong>edizioa<\/strong> 1980.<\/strong><em>\u00a0Anoche<\/em>, Paqui Guti\u00e9rrez y\u00a0<em>Miniatura<\/em>, Rosi Aristi.<\/li>\n<li><strong>III <strong>edizioa<\/strong> 1979.<\/strong>\u00a0<em>D\u00eda de lluvia<\/em>, Pedro Mart\u00edn y<em>\u00a0Cuando Vuelvas<\/em>, Lola Os\u00e9s.<\/li>\n<li><strong>II <strong>edizioa<\/strong> 1978<\/strong>.\u00a0<em>Paisaje con figura<\/em>, Enrique L\u00f3pez y\u00a0<em>El adi\u00f3s<\/em>, Maite Esparza.<\/li>\n<li><strong>I <strong>edizioa<\/strong> 1977.<\/strong>\u00a0<em>Sin ti<\/em>, I\u00f1aki Albero y\u00a0<em>Tan lejos<\/em>, Ernesto Az\u00faa.<\/li>\n<\/ul>\n[\/vc_cta][\/vc_column_inner][\/vc_row_inner]<hr  class=\"x-gap\" style=\"margin: 2.313em 0 0 0;\">[vc_btn title=&#8221;Nazioarteko Lehiaketara Itzuli&#8221; style=&#8221;outline-custom&#8221; outline_custom_color=&#8221;#4e4e4e&#8221; outline_custom_hover_background=&#8221;#4e4e4e&#8221; outline_custom_hover_text=&#8221;#ffffff&#8221; align=&#8221;center&#8221; i_icon_fontawesome=&#8221;fa fa-arrow-circle-left&#8221; button_block=&#8221;true&#8221; add_icon=&#8221;true&#8221; link=&#8221;url:https%3A%2F%2Fwww.bilaketa.es%2Feu%2Fkultur-arloa%2Fnazioarteko-poesia-narratiba-eta-pintura-sariketak%2F|title:Nazioarteko%20Lehiaketara%20Itzuli||&#8221;][\/vc_column][\/vc_row][vc_row padding_top=&#8221;0px&#8221; padding_bottom=&#8221;0px&#8221;][vc_column fade_animation_offset=&#8221;45px&#8221; width=&#8221;1\/1&#8243;]<hr  class=\"x-gap\" style=\"margin: 1.313em 0 0 0;\">[\/vc_column][\/vc_row][vc_row padding_top=&#8221;60px&#8221; padding_bottom=&#8221;0px&#8221; bg_video=&#8221;&#8221; class=&#8221;&#8221; style=&#8221;&#8221;][vc_column fade_animation_offset=&#8221;45px&#8221; width=&#8221;1\/1&#8243;]<a  class=\"x-img x-img-link x-img-rounded none\"  href=\"https:\/\/www.bilaketa.es\/publicaciones\/\"     data-options=\"thumbnail: 'https:\/\/www.bilaketa.es\/wp-content\/uploads\/2016\/05\/publicaciones.jpg'\"><img decoding=\"async\" src=\"https:\/\/www.bilaketa.es\/wp-content\/uploads\/2016\/05\/publicaciones.jpg\" ><\/a>[vc_btn title=&#8221;Argitalpenak&#8221; style=&#8221;gradient-custom&#8221; gradient_custom_color_1=&#8221;#dd9933&#8243; gradient_custom_color_2=&#8221;#799104&#8243; size=&#8221;lg&#8221; align=&#8221;center&#8221; button_block=&#8221;true&#8221; link=&#8221;url:https%3A%2F%2Fwww.bilaketa.es%2Fpublicaciones%2F||&#8221;][\/vc_column][\/vc_row]\n<\/div>","protected":false},"excerpt":{"rendered":"<p>[vc_row padding_top=&#8221;30px&#8221; padding_bottom=&#8221;0px&#8221; bg_video=&#8221;&#8221; class=&#8221;&#8221; style=&#8221;&#8221;][vc_column fade_animation_offset=&#8221;45px&#8221; width=&#8221;1\/1&#8243;][\/vc_column][\/vc_row][vc_row padding_top=&#8221;0px&#8221; padding_bottom=&#8221;0px&#8221; border=&#8221;none&#8221; bg_video=&#8221;&#8221; class=&#8221;&#8221; style=&#8221;&#8221;][vc_column fade_animation=&#8221;in-from-left&#8221; fade_animation_offset=&#8221;45px&#8221; width=&#8221;1\/4&#8243; id=&#8221;&#8221; class=&#8221;&#8221; style=&#8221;&#8221;][vc_btn title=&#8221;Gazteria Arloa&#8221; style=&#8221;outline-custom&#8221; outline_custom_color=&#8221;#fe8404&#8243; outline_custom_hover_background=&#8221;#fe8404&#8243; outline_custom_hover_text=&#8221;#ffffff&#8221; align=&#8221;left&#8221; i_type=&#8221;entypo&#8221; i_icon_entypo=&#8221;entypo-icon entypo-icon-pencil&#8221; button_block=&#8221;true&#8221; add_icon=&#8221;true&#8221; link=&#8221;url:https%3A%2F%2Fwww.bilaketa.es%2Feu%2Fgazteria-arloa%2F|title:Gazteria%20Arloa||&#8221;][vc_btn title=&#8221;Adinekoen Arloa&#8221; style=&#8221;outline-custom&#8221; outline_custom_color=&#8221;#b19d96&#8243; outline_custom_hover_background=&#8221;#b19d96&#8243; outline_custom_hover_text=&#8221;#ffffff&#8221; align=&#8221;left&#8221; i_type=&#8221;entypo&#8221; i_icon_entypo=&#8221;entypo-icon entypo-icon-feather&#8221; button_block=&#8221;true&#8221; add_icon=&#8221;true&#8221; link=&#8221;url:https%3A%2F%2Fwww.bilaketa.es%2Feu%2Fadinekoen-arloa%2F|title:Adinekoen%20Arloa||&#8221;][vc_btn title=&#8221;Kultur Arloa&#8221; style=&#8221;custom&#8221; custom_background=&#8221;#4e4e4e&#8221; custom_text=&#8221;#ffffff&#8221; align=&#8221;left&#8221; i_type=&#8221;entypo&#8221; i_icon_entypo=&#8221;entypo-icon entypo-icon-book&#8221; button_block=&#8221;true&#8221; add_icon=&#8221;true&#8221; link=&#8221;url:https%3A%2F%2Fwww.bilaketa.es%2Feu%2Fkultur-arloa%2F|title:Kultur%20Arloa||&#8221;][vc_btn title=&#8221;Aurkezpena&#8221; style=&#8221;outline-custom&#8221; &#8230;<\/p>\n","protected":false},"author":2,"featured_media":0,"parent":3175,"menu_order":0,"comment_status":"closed","ping_status":"closed","template":"","meta":{"ngg_post_thumbnail":0,"footnotes":""},"class_list":["post-3180","page","type-page","status-publish","hentry","no-post-thumbnail"],"_links":{"self":[{"href":"https:\/\/www.bilaketa.es\/eu\/wp-json\/wp\/v2\/pages\/3180"}],"collection":[{"href":"https:\/\/www.bilaketa.es\/eu\/wp-json\/wp\/v2\/pages"}],"about":[{"href":"https:\/\/www.bilaketa.es\/eu\/wp-json\/wp\/v2\/types\/page"}],"author":[{"embeddable":true,"href":"https:\/\/www.bilaketa.es\/eu\/wp-json\/wp\/v2\/users\/2"}],"replies":[{"embeddable":true,"href":"https:\/\/www.bilaketa.es\/eu\/wp-json\/wp\/v2\/comments?post=3180"}],"version-history":[{"count":3,"href":"https:\/\/www.bilaketa.es\/eu\/wp-json\/wp\/v2\/pages\/3180\/revisions"}],"predecessor-version":[{"id":3357,"href":"https:\/\/www.bilaketa.es\/eu\/wp-json\/wp\/v2\/pages\/3180\/revisions\/3357"}],"up":[{"embeddable":true,"href":"https:\/\/www.bilaketa.es\/eu\/wp-json\/wp\/v2\/pages\/3175"}],"wp:attachment":[{"href":"https:\/\/www.bilaketa.es\/eu\/wp-json\/wp\/v2\/media?parent=3180"}],"curies":[{"name":"wp","href":"https:\/\/api.w.org\/{rel}","templated":true}]}}