{"id":3184,"date":"2017-04-29T09:12:19","date_gmt":"2017-04-29T09:12:19","guid":{"rendered":"https:\/\/www.bilaketa.es\/?page_id=3184\/"},"modified":"2017-05-01T09:45:37","modified_gmt":"2017-05-01T09:45:37","slug":"narratiba-irabazleak","status":"publish","type":"page","link":"https:\/\/www.bilaketa.es\/eu\/kultur-arloa\/nazioarteko-poesia-narratiba-eta-pintura-sariketak\/narratiba-irabazleak\/","title":{"rendered":"Narratiba irabazleak"},"content":{"rendered":"<div class=\"wpb-content-wrapper\">[vc_row padding_top=&#8221;30px&#8221; padding_bottom=&#8221;0px&#8221; bg_video=&#8221;&#8221; class=&#8221;&#8221; style=&#8221;&#8221;][vc_column fade_animation_offset=&#8221;45px&#8221; width=&#8221;1\/1&#8243;]<a  class=\"x-img x-img-link x-img-rounded\"  href=\"https:\/\/www.bilaketa.es\/area-de-cultura\/\" title=\"Area de Cultura\"    data-options=\"thumbnail: 'https:\/\/www.bilaketa.es\/wp-content\/uploads\/2016\/05\/area-cultura-1.jpg'\"><img decoding=\"async\" src=\"https:\/\/www.bilaketa.es\/wp-content\/uploads\/2016\/05\/area-cultura-1.jpg\" ><\/a><h2  class=\"h-custom-headline center-text h2\" ><span>Nazioarteko Narratiba Lehiaketa Irabazleak<\/span><\/h2><hr  class=\"x-gap\" style=\"margin: 2.313em 0 0 0;\">[\/vc_column][\/vc_row][vc_row padding_top=&#8221;0px&#8221; padding_bottom=&#8221;0px&#8221; border=&#8221;none&#8221; bg_video=&#8221;&#8221; class=&#8221;&#8221; style=&#8221;&#8221;][vc_column fade_animation=&#8221;in-from-left&#8221; fade_animation_offset=&#8221;45px&#8221; width=&#8221;1\/4&#8243; id=&#8221;&#8221; class=&#8221;&#8221; style=&#8221;&#8221;][vc_btn title=&#8221;Gazteria Arloa&#8221; style=&#8221;outline-custom&#8221; outline_custom_color=&#8221;#fe8404&#8243; outline_custom_hover_background=&#8221;#fe8404&#8243; outline_custom_hover_text=&#8221;#ffffff&#8221; align=&#8221;left&#8221; i_type=&#8221;entypo&#8221; i_icon_entypo=&#8221;entypo-icon entypo-icon-pencil&#8221; button_block=&#8221;true&#8221; add_icon=&#8221;true&#8221; link=&#8221;url:https%3A%2F%2Fwww.bilaketa.es%2Feu%2Fgazteria-arloa%2F|title:Gazteria%20Arloa||&#8221;][vc_btn title=&#8221;Adinekoen Arloa&#8221; style=&#8221;outline-custom&#8221; outline_custom_color=&#8221;#b19d96&#8243; outline_custom_hover_background=&#8221;#b19d96&#8243; outline_custom_hover_text=&#8221;#ffffff&#8221; align=&#8221;left&#8221; i_type=&#8221;entypo&#8221; i_icon_entypo=&#8221;entypo-icon entypo-icon-feather&#8221; button_block=&#8221;true&#8221; add_icon=&#8221;true&#8221; link=&#8221;url:https%3A%2F%2Fwww.bilaketa.es%2Feu%2Fadinekoen-arloa%2F|title:Adinekoen%20Arloa||&#8221;][vc_btn title=&#8221;Kultur Arloa&#8221; style=&#8221;custom&#8221; custom_background=&#8221;#4e4e4e&#8221; custom_text=&#8221;#ffffff&#8221; align=&#8221;left&#8221; i_type=&#8221;entypo&#8221; i_icon_entypo=&#8221;entypo-icon entypo-icon-book&#8221; button_block=&#8221;true&#8221; add_icon=&#8221;true&#8221; link=&#8221;url:https%3A%2F%2Fwww.bilaketa.es%2Feu%2Fkultur-arloa%2F|title:Kultur%20Arloa||&#8221;][vc_btn title=&#8221;Aurkezpena&#8221; style=&#8221;outline-custom&#8221; outline_custom_color=&#8221;#4e4e4e&#8221; outline_custom_hover_background=&#8221;#4e4e4e&#8221; outline_custom_hover_text=&#8221;#ffffff&#8221; size=&#8221;sm&#8221; align=&#8221;left&#8221; button_block=&#8221;true&#8221; link=&#8221;url:https%3A%2F%2Fwww.bilaketa.es%2Feu%2Fkultur-arloa%2F|title:Kultur%20Arloa%20Aurkezpena||&#8221; css=&#8221;.vc_custom_1493457044955{padding-left: 30px !important;}&#8221;][vc_btn title=&#8221;Nazioarteko Poesia, Narratiba eta Pintura Sariketak&#8221; style=&#8221;custom&#8221; custom_background=&#8221;#4e4e4e&#8221; custom_text=&#8221;#ffffff&#8221; size=&#8221;sm&#8221; align=&#8221;left&#8221; button_block=&#8221;true&#8221; link=&#8221;url:https%3A%2F%2Fwww.bilaketa.es%2Feu%2Fkultur-arloa%2Fnazioarteko-poesia-narratiba-eta-pintura-sariketak%2F|title:Nazioarteko%20Poesia%2C%20Narratiba%20eta%20Pintura%20Sariketak||&#8221; css=&#8221;.vc_custom_1493457030913{margin-top: -20px !important;padding-left: 30px !important;}&#8221;][vc_btn title=&#8221;Kanpo Eskultura Nazioarteko Lehiaketa&#8221; style=&#8221;outline-custom&#8221; outline_custom_color=&#8221;#4e4e4e&#8221; outline_custom_hover_background=&#8221;#4e4e4e&#8221; outline_custom_hover_text=&#8221;#ffffff&#8221; size=&#8221;sm&#8221; align=&#8221;left&#8221; button_block=&#8221;true&#8221; link=&#8221;url:https%3A%2F%2Fwww.bilaketa.es%2Feu%2Fkultur-arloa%2Fkanpo-eskultura-sariketa%2F|title:Kanpo%20Eskultura%20Nazioarteko%20Lehiaketa||&#8221; css=&#8221;.vc_custom_1493631488586{margin-top: -20px !important;padding-left: 30px !important;}&#8221;][vc_btn title=&#8221;<em>Mariano Garcia<\/em> Musika Akademia&#8221; style=&#8221;outline-custom&#8221; outline_custom_color=&#8221;#4e4e4e&#8221; outline_custom_hover_background=&#8221;#4e4e4e&#8221; outline_custom_hover_text=&#8221;#ffffff&#8221; size=&#8221;sm&#8221; align=&#8221;left&#8221; button_block=&#8221;true&#8221; link=&#8221;url:https%3A%2F%2Fwww.bilaketa.es%2Feu%2Fkultur-arloa%2Fmariano-garcia-musika-akademia%2F|title:%3Cem%3EMariano%20Garcia%3C%2Fem%3E%20Musika%20Akademia||&#8221; css=&#8221;.vc_custom_1493631544302{margin-top: -20px !important;padding-left: 30px !important;}&#8221;][vc_btn title=&#8221;<em>Mariano Garc\u00eda<\/em> Musika Banda&#8221; style=&#8221;outline-custom&#8221; outline_custom_color=&#8221;#4e4e4e&#8221; outline_custom_hover_background=&#8221;#4e4e4e&#8221; outline_custom_hover_text=&#8221;#ffffff&#8221; size=&#8221;sm&#8221; align=&#8221;left&#8221; button_block=&#8221;true&#8221; link=&#8221;url:https%3A%2F%2Fwww.bilaketa.es%2Feu%2Fkultur-arloa%2Fmariano-garcia-musika-banda%2F|title:%3Cem%3EMariano%20Garc%C3%ADa%3C%2Fem%3E%20Musika%20Banda||&#8221; css=&#8221;.vc_custom_1493631590782{margin-top: -20px !important;padding-left: 30px !important;}&#8221;][vc_btn title=&#8221;Boluntarioen Eskola&#8221; style=&#8221;outline-custom&#8221; outline_custom_color=&#8221;#4e4e4e&#8221; outline_custom_hover_background=&#8221;#4e4e4e&#8221; outline_custom_hover_text=&#8221;#ffffff&#8221; size=&#8221;sm&#8221; align=&#8221;left&#8221; button_block=&#8221;true&#8221; link=&#8221;url:https%3A%2F%2Fwww.bilaketa.es%2Feu%2Fkultur-arloa%2Fboluntarioen-eskola%2F|title:Boluntarioen%20Eskola||&#8221; css=&#8221;.vc_custom_1493631631953{margin-top: -20px !important;padding-left: 30px !important;}&#8221;][vc_btn title=&#8221;Liburutegia&#8221; style=&#8221;outline-custom&#8221; outline_custom_color=&#8221;#4e4e4e&#8221; outline_custom_hover_background=&#8221;#4e4e4e&#8221; outline_custom_hover_text=&#8221;#ffffff&#8221; size=&#8221;sm&#8221; align=&#8221;left&#8221; button_block=&#8221;true&#8221; link=&#8221;url:https%3A%2F%2Fwww.bilaketa.es%2Feu%2Fkultur-arloa%2Fliburutegia%2F|title:Liburutegia||&#8221; css=&#8221;.vc_custom_1493631689169{margin-top: -20px !important;padding-left: 30px !important;}&#8221;][vc_btn title=&#8221;Irakurketa Virtual Tailerra <em>VIVEleyendo!<\/em>&#8221; style=&#8221;outline-custom&#8221; outline_custom_color=&#8221;#4e4e4e&#8221; outline_custom_hover_background=&#8221;#4e4e4e&#8221; outline_custom_hover_text=&#8221;#ffffff&#8221; size=&#8221;sm&#8221; align=&#8221;left&#8221; button_block=&#8221;true&#8221; link=&#8221;url:https%3A%2F%2Fwww.bilaketa.es%2Feu%2Fkultur-arloa%2Firakurketa-virtual-tailerra-viveleyendo%2F|title:Irakurketa%20Virtual%20Tailerra%20%3Cem%3EVIVEleyendo!%3C%2Fem%3E||&#8221; css=&#8221;.vc_custom_1493631747996{margin-top: -20px !important;padding-left: 30px !important;}&#8221;][vc_btn title=&#8221;Bilaketa Ondarea Erakusketa&#8221; style=&#8221;outline-custom&#8221; outline_custom_color=&#8221;#4e4e4e&#8221; outline_custom_hover_background=&#8221;#4e4e4e&#8221; outline_custom_hover_text=&#8221;#ffffff&#8221; size=&#8221;sm&#8221; align=&#8221;left&#8221; button_block=&#8221;true&#8221; link=&#8221;url:https%3A%2F%2Fwww.bilaketa.es%2Feu%2Fkultur-arloa%2Fbilaketa-ondarea-erakusketa%2F|title:Bilaketa%20Ondarea%20Erakusketa||&#8221; css=&#8221;.vc_custom_1493631792400{margin-top: -20px !important;padding-left: 30px !important;}&#8221;][vc_btn title=&#8221;Berriak eta Jarduerak&#8221; style=&#8221;outline-custom&#8221; outline_custom_color=&#8221;#4e4e4e&#8221; outline_custom_hover_background=&#8221;#4e4e4e&#8221; outline_custom_hover_text=&#8221;#ffffff&#8221; size=&#8221;sm&#8221; align=&#8221;left&#8221; button_block=&#8221;true&#8221; link=&#8221;url:https%3A%2F%2Fwww.bilaketa.es%2Feu%2Fkultur-arloa%2Fberriak-eta-jarduerak%2F|title:Berriak%20eta%20Jarduerak||&#8221; css=&#8221;.vc_custom_1493631834885{margin-top: -20px !important;padding-left: 30px !important;}&#8221;][vc_btn title=&#8221;Adinekoentzako <em>Francisco Yndur\u00e1in <\/em>Unibertsitatea&#8221; style=&#8221;outline-custom&#8221; outline_custom_color=&#8221;#4cadc9&#8243; outline_custom_hover_background=&#8221;#4cadc9&#8243; outline_custom_hover_text=&#8221;#ffffff&#8221; align=&#8221;left&#8221; i_icon_fontawesome=&#8221;fa fa-graduation-cap&#8221; button_block=&#8221;true&#8221; add_icon=&#8221;true&#8221; link=&#8221;url:https%3A%2F%2Fwww.bilaketa.es%2Feu%2Fadinekoentzako-francisco-yndurain-unibertsitatea%2F|title:Adinekoentzako%20%3Cem%3EFrancisco%20Yndur%C3%A1in%20%3C%2Fem%3EUnibertsitatea||&#8221;][vc_btn title=&#8221;Zientzien eta Teknologia Berrien Kluba&#8221; style=&#8221;outline-custom&#8221; outline_custom_color=&#8221;#0448d1&#8243; outline_custom_hover_background=&#8221;#0448d1&#8243; outline_custom_hover_text=&#8221;#ffffff&#8221; align=&#8221;left&#8221; i_type=&#8221;typicons&#8221; i_icon_typicons=&#8221;typcn typcn-device-desktop&#8221; button_block=&#8221;true&#8221; add_icon=&#8221;true&#8221; link=&#8221;url:https%3A%2F%2Fwww.bilaketa.es%2Feu%2Fzientzien-eta-teknologia-berrien-kluba%2F|title:Zientzien%20eta%20Teknologia%20Berrien%20Kluba||&#8221;][\/vc_column][vc_column fade_animation_offset=&#8221;45px&#8221; width=&#8221;3\/4&#8243;][vc_row_inner padding_top=&#8221;60px&#8221; padding_bottom=&#8221;0px&#8221; bg_video=&#8221;&#8221; class=&#8221;&#8221; style=&#8221;&#8221;][vc_column_inner fade_animation_offset=&#8221;45px&#8221; width=&#8221;1\/1&#8243;][vc_cta h2=&#8221;&#8221; style=&#8221;outline&#8221; add_icon=&#8221;top&#8221; i_icon_fontawesome=&#8221;fa fa-certificate&#8221; i_color=&#8221;custom&#8221; i_background_style=&#8221;rounded&#8221; i_size=&#8221;lg&#8221; i_on_border=&#8221;true&#8221; i_custom_color=&#8221;#4e4e4e&#8221;]\n<ul>\n<li><strong>XXXVII edizioa 2013.<\/strong><em>\u00a0Los dioses en la isla,\u00a0<\/em>I\u00f1igo Ancizu Cormenzana.<\/li>\n<li><strong>XXXVI <strong>edizioa<\/strong> 2012<\/strong>.\u00a0<em>Una noche, esa noche,\u00a0<\/em>Juana Cort\u00e9s Amun\u00e1rriz.<\/li>\n<li><strong>XXXV <strong>edizioa<\/strong> 2011.<\/strong>\u00a0<em>Zeno, Adela y los destinos,<\/em>\u00a0Santiago Casero Gonz\u00e1lez.<\/li>\n<li><strong>XXXIV <strong>edizioa<\/strong> 2010.<\/strong>\u00a0<em>El origen del mundo,\u00a0<\/em>Javier Serrano\u00a0S\u00e1nchez.<\/li>\n<li><strong>XXXIII <strong>edizioa<\/strong> 2009.<\/strong>\u00a0<em>El muerto entre los lirios,\u00a0<\/em>Jos\u00e9 Jes\u00fas Garc\u00eda Rueda.<\/li>\n<li><strong>XXXII <strong>edizioa<\/strong> 2008.\u00a0<\/strong><em>Nieve en los ojos,\u00a0<\/em>Mat\u00edas Candeira.<\/li>\n<li><strong>XXXI <strong>edizioa<\/strong> 2007.<\/strong>\u00a0<em>Cosas que decidir mientras se hace la cena,\u00a0<\/em>Maite N\u00fa\u00f1ez Luque.<\/li>\n<li><strong>XXX <strong>edizioa<\/strong> 2006.<\/strong>\u00a0<em>El noble de Omsk,<\/em>\u00a0Antonia Moreno Ca\u00f1ete.<\/li>\n<li><strong>XXIX <strong>edizioa<\/strong> 2005.<\/strong>\u00a0<em>ZEMYA,\u00a0<\/em>Pablo Rem\u00f3n Maga\u00f1a.<\/li>\n<li><strong>XXVIII <strong>edizioa<\/strong> 2004.<\/strong>\u00a0<em>Gente que llama a la puerta,\u00a0<\/em>Lorenzo Luengo.<\/li>\n<li><strong>XXVII <strong>edizioa<\/strong> 2003.<\/strong>\u00a0<em>De Finocchiaro\u00a0abril a v\u00eda Broggi,\u00a0<\/em>\u00c1ngeles Gonz\u00e1lez \u00c1lvarez.<\/li>\n<li><strong>XXVI <strong>edizioa<\/strong> 2002.<\/strong>\u00a0<i>Far West,<\/i>\u00a0Ignacio Lloret.<\/li>\n<li><strong>XXV <strong>edizioa<\/strong> 2001.<\/strong>\u00a0<em>El grafit\u00f3logo,<\/em>\u00a0Jos\u00e9 Antonio Panero.<\/li>\n<li><strong>XXIV <strong>edizioa<\/strong> 2000.<\/strong>\u00a0<em>Historia de dos\u00a0<\/em><i>fusilamientos,\u00a0<\/i>Jos\u00e9 Antonio Iturri.<\/li>\n<li><strong>XXIII <strong>edizioa<\/strong> 1999.<\/strong>\u00a0<em>Las expulsiones,\u00a0<\/em>Roberto Valencia.<\/li>\n<li><strong>XXII <strong>edizioa<\/strong> 1998.<\/strong>\u00a0<em>Una temporada en el infierno,\u00a0<\/em>Juan Gonz\u00e1lez Andr\u00e9s.<\/li>\n<li><strong>XXI <strong>edizioa<\/strong> 1997.<\/strong>\u00a0<em>El moro Muza,\u00a0<\/em>Antonio L\u00f3pez \u00c1lvarez.<\/li>\n<li><strong>XX <strong>edizioa<\/strong> 1996.\u00a0<\/strong><em>El mago,<\/em>\u00a0Jos\u00e9 Antonio Illanes Fern\u00e1ndez.<\/li>\n<li><strong>XIX <strong>edizioa<\/strong> 1995.<\/strong><em>\u00a0Nada que decir,\u00a0<\/em>Montserrat Cano Guitarte.<\/li>\n<li><strong>XVIII <strong>edizioa<\/strong> 1994.\u00a0<\/strong><em>Los ant\u00edpodas,\u00a0<\/em>Juan Manuel De Prada.<\/li>\n<li><strong>XVII <strong>edizioa<\/strong> 1993.\u00a0<\/strong><em>Un coro de goliardos,\u00a0<\/em>Pablo Ram\u00edrez Perona y<em>\u00a0Pabell\u00f3n Lisboa,<\/em>\u00a0Juan Jos\u00e9 Gallego Outes.<\/li>\n<li><strong>XVI <strong>edizioa<\/strong> 1992.<\/strong>\u00a0<em>El polic\u00eda y los plagiarios,\u00a0<\/em>Koldo Artieda y<em>\u00a0El quinto piso,\u00a0<\/em>Juan Gracia Armend\u00e1riz.<\/li>\n<li><strong>XV <strong>edizioa<\/strong> 1991.\u00a0<\/strong><em>En espera y memoria de\u00a0<\/em><i>Arthur Luce Havey,\u00a0<\/i>Arturo Red\u00edn y<i>\u00a0El cisne,\u00a0<\/i>Rosa Barasoain.<\/li>\n<li><strong>XIV <strong>edizioa<\/strong> 1990.<\/strong>\u00a0<em>La resaca,\u00a0<\/em>Victoriano Bordonaba;<em>\u00a0\u00c1nades que viajan,\u00a0<\/em>Jos\u00e9 Luis\u00a0Gonz\u00e1lez-Urbiola y<em>\u00a0El reflejo,\u00a0<\/em>Daniel Andi\u00f3n Esparza.<\/li>\n<li><strong>XIII <strong>edizioa<\/strong> 1989.\u00a0<\/strong><em>Espantanubes,\u00a0<\/em>Juan Antonio\u00a0Arbola y<i>\u00a0El cristo cariacontecido,\u00a0<\/i>Josune Esparza.<\/li>\n<li><strong>XII edizioa 1988.<\/strong>\u00a0(Declarado desierto) y<em>\u00a0Anoche cuando paseaba,\u00a0<\/em>Rosa Merino.<\/li>\n<li><strong>XI <strong>edizioa<\/strong> 1987.\u00a0<\/strong><em>Anoche te vi llegar,<\/em>\u00a0Marisol Aramend\u00eda y\u00a0<em>Por la llanura<\/em>, Gustavo Lamadrid.<\/li>\n<li><strong>X <strong>edizioa<\/strong> 1986.\u00a0<\/strong><em>El sue\u00f1o del lagarto,<\/em>\u00a0V\u00edctor Blasco y\u00a0<em>Los lobos del desierto,<\/em>\u00a0Antonio Sierra.<\/li>\n<li><strong>IX <strong>edizioa<\/strong> 1985.<\/strong>\u00a0<em>En la oscuridad,<\/em>\u00a0Amelia Rojo y\u00a0<em>La memoria<\/em>, Ana Tiebas.<\/li>\n<li><strong>VIII <strong>edizioa<\/strong> 1984.<\/strong>\u00a0<em>Si me quisieras,\u00a0<\/em>Antonio Pino y<em>\u00a0El lago azul,<\/em>\u00a0Alfredo Reta.<\/li>\n<li><strong>VII <strong>edizioa<\/strong> 1983.<\/strong><em>\u00a0Cantando al alba,<\/em>\u00a0Alberto Flores y (Declarado desierto).<\/li>\n<li><strong>VI <strong>edizioa<\/strong> 1982.<\/strong>\u00a0<em>Ya no,\u00a0<\/em>Juanjo De Lucas y<em>\u00a0Llueve en&#8230;,\u00a0<\/em>Gregorio Insausti.<\/li>\n<li><strong>V <strong>edizioa<\/strong> 1981.<\/strong>\u00a0<em>Tango,<\/em>\u00a0Diego Blanco y<em>\u00a0T\u00fa,\u00a0<\/em>Gonzalo Mart\u00ednez.<\/li>\n<li><strong>IV <strong>edizioa<\/strong> 1980.<\/strong><em>\u00a0Soneto encantado,\u00a0<\/em>Timoteo Valencia y<em>\u00a0Si pudieras&#8230;,\u00a0<\/em>Sergio Moreno.<\/li>\n<li><strong>III <strong>edizioa<\/strong> 1979.<\/strong>\u00a0<em>El cerco azul,\u00a0<\/em>Sonia Aguado y<em>\u00a0La jaula,\u00a0<\/em>I\u00f1aki Ardanaz.<\/li>\n<li><strong>II <strong>edizioa<\/strong> 1978<\/strong>.\u00a0<em>El molino rojo,<\/em>\u00a0Katia Guzm\u00e1n y<em>\u00a0Utop\u00eda,\u00a0<\/em>Manuel Espl\u00e1.<\/li>\n<li><strong>I <strong>edizioa<\/strong> 1977.<\/strong>\u00a0<em>Casa encantada<\/em>,\u00a0Andr\u00e9s Prieto y\u00a0<em>La espesa niebla<\/em>, Mar\u00eda Casado.<\/li>\n<\/ul>\n[\/vc_cta][\/vc_column_inner][\/vc_row_inner]<hr  class=\"x-gap\" style=\"margin: 2.313em 0 0 0;\">[vc_btn title=&#8221;Nazioarteko Lehiaketara itzuli&#8221; style=&#8221;outline-custom&#8221; outline_custom_color=&#8221;#4e4e4e&#8221; outline_custom_hover_background=&#8221;#4e4e4e&#8221; outline_custom_hover_text=&#8221;#ffffff&#8221; align=&#8221;center&#8221; i_icon_fontawesome=&#8221;fa fa-arrow-circle-left&#8221; button_block=&#8221;true&#8221; add_icon=&#8221;true&#8221; link=&#8221;url:https%3A%2F%2Fwww.bilaketa.es%2Feu%2Fkultur-arloa%2Fnazioarteko-poesia-narratiba-eta-pintura-sariketak%2F|title:Nazioarteko%20Lehiaketara%20itzuli||&#8221;][\/vc_column][\/vc_row][vc_row padding_top=&#8221;0px&#8221; padding_bottom=&#8221;0px&#8221;][vc_column fade_animation_offset=&#8221;45px&#8221; width=&#8221;1\/1&#8243;]<hr  class=\"x-gap\" style=\"margin: 1.313em 0 0 0;\">[\/vc_column][\/vc_row][vc_row padding_top=&#8221;60px&#8221; padding_bottom=&#8221;0px&#8221; bg_video=&#8221;&#8221; class=&#8221;&#8221; style=&#8221;&#8221;][vc_column fade_animation_offset=&#8221;45px&#8221; width=&#8221;1\/1&#8243;]<a  class=\"x-img x-img-link x-img-rounded none\"  href=\"https:\/\/www.bilaketa.es\/publicaciones\/\"     data-options=\"thumbnail: 'https:\/\/www.bilaketa.es\/wp-content\/uploads\/2016\/05\/publicaciones.jpg'\"><img decoding=\"async\" src=\"https:\/\/www.bilaketa.es\/wp-content\/uploads\/2016\/05\/publicaciones.jpg\" ><\/a>[vc_btn title=&#8221;Argitalpenak&#8221; style=&#8221;gradient-custom&#8221; gradient_custom_color_1=&#8221;#dd9933&#8243; gradient_custom_color_2=&#8221;#799104&#8243; size=&#8221;lg&#8221; align=&#8221;center&#8221; button_block=&#8221;true&#8221; link=&#8221;url:https%3A%2F%2Fwww.bilaketa.es%2Fpublicaciones%2F||&#8221;][\/vc_column][\/vc_row]\n<\/div>","protected":false},"excerpt":{"rendered":"<p>[vc_row padding_top=&#8221;30px&#8221; padding_bottom=&#8221;0px&#8221; bg_video=&#8221;&#8221; class=&#8221;&#8221; style=&#8221;&#8221;][vc_column fade_animation_offset=&#8221;45px&#8221; width=&#8221;1\/1&#8243;][\/vc_column][\/vc_row][vc_row padding_top=&#8221;0px&#8221; padding_bottom=&#8221;0px&#8221; border=&#8221;none&#8221; bg_video=&#8221;&#8221; class=&#8221;&#8221; style=&#8221;&#8221;][vc_column fade_animation=&#8221;in-from-left&#8221; fade_animation_offset=&#8221;45px&#8221; width=&#8221;1\/4&#8243; id=&#8221;&#8221; class=&#8221;&#8221; style=&#8221;&#8221;][vc_btn title=&#8221;Gazteria Arloa&#8221; style=&#8221;outline-custom&#8221; outline_custom_color=&#8221;#fe8404&#8243; outline_custom_hover_background=&#8221;#fe8404&#8243; outline_custom_hover_text=&#8221;#ffffff&#8221; align=&#8221;left&#8221; i_type=&#8221;entypo&#8221; i_icon_entypo=&#8221;entypo-icon entypo-icon-pencil&#8221; button_block=&#8221;true&#8221; add_icon=&#8221;true&#8221; link=&#8221;url:https%3A%2F%2Fwww.bilaketa.es%2Feu%2Fgazteria-arloa%2F|title:Gazteria%20Arloa||&#8221;][vc_btn title=&#8221;Adinekoen Arloa&#8221; style=&#8221;outline-custom&#8221; outline_custom_color=&#8221;#b19d96&#8243; outline_custom_hover_background=&#8221;#b19d96&#8243; outline_custom_hover_text=&#8221;#ffffff&#8221; align=&#8221;left&#8221; i_type=&#8221;entypo&#8221; i_icon_entypo=&#8221;entypo-icon entypo-icon-feather&#8221; button_block=&#8221;true&#8221; add_icon=&#8221;true&#8221; link=&#8221;url:https%3A%2F%2Fwww.bilaketa.es%2Feu%2Fadinekoen-arloa%2F|title:Adinekoen%20Arloa||&#8221;][vc_btn title=&#8221;Kultur Arloa&#8221; style=&#8221;custom&#8221; custom_background=&#8221;#4e4e4e&#8221; custom_text=&#8221;#ffffff&#8221; align=&#8221;left&#8221; i_type=&#8221;entypo&#8221; i_icon_entypo=&#8221;entypo-icon entypo-icon-book&#8221; button_block=&#8221;true&#8221; add_icon=&#8221;true&#8221; link=&#8221;url:https%3A%2F%2Fwww.bilaketa.es%2Feu%2Fkultur-arloa%2F|title:Kultur%20Arloa||&#8221;][vc_btn title=&#8221;Aurkezpena&#8221; style=&#8221;outline-custom&#8221; &#8230;<\/p>\n","protected":false},"author":2,"featured_media":0,"parent":3175,"menu_order":0,"comment_status":"closed","ping_status":"closed","template":"","meta":{"ngg_post_thumbnail":0,"footnotes":""},"class_list":["post-3184","page","type-page","status-publish","hentry","no-post-thumbnail"],"_links":{"self":[{"href":"https:\/\/www.bilaketa.es\/eu\/wp-json\/wp\/v2\/pages\/3184"}],"collection":[{"href":"https:\/\/www.bilaketa.es\/eu\/wp-json\/wp\/v2\/pages"}],"about":[{"href":"https:\/\/www.bilaketa.es\/eu\/wp-json\/wp\/v2\/types\/page"}],"author":[{"embeddable":true,"href":"https:\/\/www.bilaketa.es\/eu\/wp-json\/wp\/v2\/users\/2"}],"replies":[{"embeddable":true,"href":"https:\/\/www.bilaketa.es\/eu\/wp-json\/wp\/v2\/comments?post=3184"}],"version-history":[{"count":5,"href":"https:\/\/www.bilaketa.es\/eu\/wp-json\/wp\/v2\/pages\/3184\/revisions"}],"predecessor-version":[{"id":3356,"href":"https:\/\/www.bilaketa.es\/eu\/wp-json\/wp\/v2\/pages\/3184\/revisions\/3356"}],"up":[{"embeddable":true,"href":"https:\/\/www.bilaketa.es\/eu\/wp-json\/wp\/v2\/pages\/3175"}],"wp:attachment":[{"href":"https:\/\/www.bilaketa.es\/eu\/wp-json\/wp\/v2\/media?parent=3184"}],"curies":[{"name":"wp","href":"https:\/\/api.w.org\/{rel}","templated":true}]}}