{"id":3187,"date":"2017-04-29T09:16:30","date_gmt":"2017-04-29T09:16:30","guid":{"rendered":"https:\/\/www.bilaketa.es\/?page_id=3187\/"},"modified":"2017-05-01T09:45:33","modified_gmt":"2017-05-01T09:45:33","slug":"pintura-irabazleak","status":"publish","type":"page","link":"https:\/\/www.bilaketa.es\/eu\/kultur-arloa\/nazioarteko-poesia-narratiba-eta-pintura-sariketak\/pintura-irabazleak\/","title":{"rendered":"Pintura irabazleak"},"content":{"rendered":"<div class=\"wpb-content-wrapper\">[vc_row padding_top=&#8221;30px&#8221; padding_bottom=&#8221;0px&#8221; bg_video=&#8221;&#8221; class=&#8221;&#8221; style=&#8221;&#8221;][vc_column fade_animation_offset=&#8221;45px&#8221; width=&#8221;1\/1&#8243;]<a  class=\"x-img x-img-link x-img-rounded\"  href=\"https:\/\/www.bilaketa.es\/area-de-cultura\/\" title=\"Area de Cultura\"    data-options=\"thumbnail: 'https:\/\/www.bilaketa.es\/wp-content\/uploads\/2016\/05\/area-cultura-1.jpg'\"><img decoding=\"async\" src=\"https:\/\/www.bilaketa.es\/wp-content\/uploads\/2016\/05\/area-cultura-1.jpg\" ><\/a><h2  class=\"h-custom-headline center-text h2\" ><span>Pintura Nazioarteko Lehiaketa Irabazleak<\/span><\/h2><hr  class=\"x-gap\" style=\"margin: 2.313em 0 0 0;\">[\/vc_column][\/vc_row][vc_row padding_top=&#8221;0px&#8221; padding_bottom=&#8221;0px&#8221; border=&#8221;none&#8221; bg_video=&#8221;&#8221; class=&#8221;&#8221; style=&#8221;&#8221;][vc_column fade_animation=&#8221;in-from-left&#8221; fade_animation_offset=&#8221;45px&#8221; width=&#8221;1\/4&#8243; id=&#8221;&#8221; class=&#8221;&#8221; style=&#8221;&#8221;][vc_btn title=&#8221;Gazteria Arloa&#8221; style=&#8221;outline-custom&#8221; outline_custom_color=&#8221;#fe8404&#8243; outline_custom_hover_background=&#8221;#fe8404&#8243; outline_custom_hover_text=&#8221;#ffffff&#8221; align=&#8221;left&#8221; i_type=&#8221;entypo&#8221; i_icon_entypo=&#8221;entypo-icon entypo-icon-pencil&#8221; button_block=&#8221;true&#8221; add_icon=&#8221;true&#8221; link=&#8221;url:https%3A%2F%2Fwww.bilaketa.es%2Feu%2Fgazteria-arloa%2F|title:Gazteria%20Arloa||&#8221;][vc_btn title=&#8221;Adinekoen Arloa&#8221; style=&#8221;outline-custom&#8221; outline_custom_color=&#8221;#b19d96&#8243; outline_custom_hover_background=&#8221;#b19d96&#8243; outline_custom_hover_text=&#8221;#ffffff&#8221; align=&#8221;left&#8221; i_type=&#8221;entypo&#8221; i_icon_entypo=&#8221;entypo-icon entypo-icon-feather&#8221; button_block=&#8221;true&#8221; add_icon=&#8221;true&#8221; link=&#8221;url:https%3A%2F%2Fwww.bilaketa.es%2Feu%2Fadinekoen-arloa%2F|title:Adinekoen%20Arloa||&#8221;][vc_btn title=&#8221;Kultur Arloa&#8221; style=&#8221;custom&#8221; custom_background=&#8221;#4e4e4e&#8221; custom_text=&#8221;#ffffff&#8221; align=&#8221;left&#8221; i_type=&#8221;entypo&#8221; i_icon_entypo=&#8221;entypo-icon entypo-icon-book&#8221; button_block=&#8221;true&#8221; add_icon=&#8221;true&#8221; link=&#8221;url:https%3A%2F%2Fwww.bilaketa.es%2Feu%2Fkultur-arloa%2F|title:Kultur%20Arloa||&#8221;][vc_btn title=&#8221;Aurkezpena&#8221; style=&#8221;outline-custom&#8221; outline_custom_color=&#8221;#4e4e4e&#8221; outline_custom_hover_background=&#8221;#4e4e4e&#8221; outline_custom_hover_text=&#8221;#ffffff&#8221; size=&#8221;sm&#8221; align=&#8221;left&#8221; button_block=&#8221;true&#8221; link=&#8221;url:https%3A%2F%2Fwww.bilaketa.es%2Feu%2Fkultur-arloa%2F|title:Kultur%20Arloa%20Aurkezpena||&#8221; css=&#8221;.vc_custom_1493457253827{padding-left: 30px !important;}&#8221;][vc_btn title=&#8221;Nazioarteko Poesia, Narratiba eta Pintura Sariketak&#8221; style=&#8221;custom&#8221; custom_background=&#8221;#4e4e4e&#8221; custom_text=&#8221;#ffffff&#8221; size=&#8221;sm&#8221; align=&#8221;left&#8221; button_block=&#8221;true&#8221; link=&#8221;url:https%3A%2F%2Fwww.bilaketa.es%2Feu%2Fkultur-arloa%2Fnazioarteko-poesia-narratiba-eta-pintura-sariketak%2F|title:Nazioarteko%20Poesia%2C%20Narratiba%20eta%20Pintura%20Sariketak||&#8221; css=&#8221;.vc_custom_1493457241723{margin-top: -20px !important;padding-left: 30px !important;}&#8221;][vc_btn title=&#8221;Kanpo Eskultura Nazioarteko Lehiaketa&#8221; style=&#8221;outline-custom&#8221; outline_custom_color=&#8221;#4e4e4e&#8221; outline_custom_hover_background=&#8221;#4e4e4e&#8221; outline_custom_hover_text=&#8221;#ffffff&#8221; size=&#8221;sm&#8221; align=&#8221;left&#8221; button_block=&#8221;true&#8221; link=&#8221;url:https%3A%2F%2Fwww.bilaketa.es%2Feu%2Fkultur-arloa%2Fkanpo-eskultura-sariketa%2F|title:Kanpo%20Eskultura%20Nazioarteko%20Lehiaketa||&#8221; css=&#8221;.vc_custom_1493631508259{margin-top: -20px !important;padding-left: 30px !important;}&#8221;][vc_btn title=&#8221;<em>Mariano Garcia<\/em> Musika Akademia&#8221; style=&#8221;outline-custom&#8221; outline_custom_color=&#8221;#4e4e4e&#8221; outline_custom_hover_background=&#8221;#4e4e4e&#8221; outline_custom_hover_text=&#8221;#ffffff&#8221; size=&#8221;sm&#8221; align=&#8221;left&#8221; button_block=&#8221;true&#8221; link=&#8221;url:https%3A%2F%2Fwww.bilaketa.es%2Feu%2Fkultur-arloa%2Fmariano-garcia-musika-akademia%2F|title:%3Cem%3EMariano%20Garcia%3C%2Fem%3E%20Musika%20Akademia||&#8221; css=&#8221;.vc_custom_1493631553441{margin-top: -20px !important;padding-left: 30px !important;}&#8221;][vc_btn title=&#8221;<em>Mariano Garc\u00eda<\/em> Musika Banda&#8221; style=&#8221;outline-custom&#8221; outline_custom_color=&#8221;#4e4e4e&#8221; outline_custom_hover_background=&#8221;#4e4e4e&#8221; outline_custom_hover_text=&#8221;#ffffff&#8221; size=&#8221;sm&#8221; align=&#8221;left&#8221; button_block=&#8221;true&#8221; link=&#8221;url:https%3A%2F%2Fwww.bilaketa.es%2Feu%2Fkultur-arloa%2Fmariano-garcia-musika-banda%2F|title:%3Cem%3EMariano%20Garc%C3%ADa%3C%2Fem%3E%20Musika%20Banda||&#8221; css=&#8221;.vc_custom_1493631602089{margin-top: -20px !important;padding-left: 30px !important;}&#8221;][vc_btn title=&#8221;Boluntarioen Eskola&#8221; style=&#8221;outline-custom&#8221; outline_custom_color=&#8221;#4e4e4e&#8221; outline_custom_hover_background=&#8221;#4e4e4e&#8221; outline_custom_hover_text=&#8221;#ffffff&#8221; size=&#8221;sm&#8221; align=&#8221;left&#8221; button_block=&#8221;true&#8221; link=&#8221;url:https%3A%2F%2Fwww.bilaketa.es%2Feu%2Fkultur-arloa%2Fboluntarioen-eskola%2F|title:Boluntarioen%20Eskola||&#8221; css=&#8221;.vc_custom_1493631646363{margin-top: -20px !important;padding-left: 30px !important;}&#8221;][vc_btn title=&#8221;Liburutegia&#8221; style=&#8221;outline-custom&#8221; outline_custom_color=&#8221;#4e4e4e&#8221; outline_custom_hover_background=&#8221;#4e4e4e&#8221; outline_custom_hover_text=&#8221;#ffffff&#8221; size=&#8221;sm&#8221; align=&#8221;left&#8221; button_block=&#8221;true&#8221; link=&#8221;url:https%3A%2F%2Fwww.bilaketa.es%2Feu%2Fkultur-arloa%2Fliburutegia%2F|title:Liburutegia||&#8221; css=&#8221;.vc_custom_1493631700546{margin-top: -20px !important;padding-left: 30px !important;}&#8221;][vc_btn title=&#8221;Irakurketa Virtual Tailerra <em>VIVEleyendo!<\/em>&#8221; style=&#8221;outline-custom&#8221; outline_custom_color=&#8221;#4e4e4e&#8221; outline_custom_hover_background=&#8221;#4e4e4e&#8221; outline_custom_hover_text=&#8221;#ffffff&#8221; size=&#8221;sm&#8221; align=&#8221;left&#8221; button_block=&#8221;true&#8221; link=&#8221;url:https%3A%2F%2Fwww.bilaketa.es%2Feu%2Fkultur-arloa%2Firakurketa-virtual-tailerra-viveleyendo%2F|title:Irakurketa%20Virtual%20Tailerra%20%3Cem%3EVIVEleyendo!%3C%2Fem%3E||&#8221; css=&#8221;.vc_custom_1493631756704{margin-top: -20px !important;padding-left: 30px !important;}&#8221;][vc_btn title=&#8221;Bilaketa Ondarea Erakusketa&#8221; style=&#8221;outline-custom&#8221; outline_custom_color=&#8221;#4e4e4e&#8221; outline_custom_hover_background=&#8221;#4e4e4e&#8221; outline_custom_hover_text=&#8221;#ffffff&#8221; size=&#8221;sm&#8221; align=&#8221;left&#8221; button_block=&#8221;true&#8221; link=&#8221;url:https%3A%2F%2Fwww.bilaketa.es%2Feu%2Fkultur-arloa%2Fbilaketa-ondarea-erakusketa%2F|title:Bilaketa%20Ondarea%20Erakusketa||&#8221; css=&#8221;.vc_custom_1493631780828{margin-top: -20px !important;padding-left: 30px !important;}&#8221;][vc_btn title=&#8221;Berriak eta Jarduerak&#8221; style=&#8221;outline-custom&#8221; outline_custom_color=&#8221;#4e4e4e&#8221; outline_custom_hover_background=&#8221;#4e4e4e&#8221; outline_custom_hover_text=&#8221;#ffffff&#8221; size=&#8221;sm&#8221; align=&#8221;left&#8221; button_block=&#8221;true&#8221; link=&#8221;url:https%3A%2F%2Fwww.bilaketa.es%2Feu%2Fkultur-arloa%2Fberriak-eta-jarduerak%2F|title:Berriak%20eta%20Jarduerak||&#8221; css=&#8221;.vc_custom_1493631826730{margin-top: -20px !important;padding-left: 30px !important;}&#8221;][vc_btn title=&#8221;Adinekoentzako <em>Francisco Yndur\u00e1in <\/em>Unibertsitatea&#8221; style=&#8221;outline-custom&#8221; outline_custom_color=&#8221;#4cadc9&#8243; outline_custom_hover_background=&#8221;#4cadc9&#8243; outline_custom_hover_text=&#8221;#ffffff&#8221; align=&#8221;left&#8221; i_icon_fontawesome=&#8221;fa fa-graduation-cap&#8221; button_block=&#8221;true&#8221; add_icon=&#8221;true&#8221; link=&#8221;url:https%3A%2F%2Fwww.bilaketa.es%2Feu%2Fadinekoentzako-francisco-yndurain-unibertsitatea%2F|title:Adinekoentzako%20Francisco%20Yndur%C3%A1in%20Unibertsitatea||&#8221;][vc_btn title=&#8221;Zientzien eta Teknologia Berrien Kluba&#8221; style=&#8221;outline-custom&#8221; outline_custom_color=&#8221;#0448d1&#8243; outline_custom_hover_background=&#8221;#0448d1&#8243; outline_custom_hover_text=&#8221;#ffffff&#8221; align=&#8221;left&#8221; i_type=&#8221;typicons&#8221; i_icon_typicons=&#8221;typcn typcn-device-desktop&#8221; button_block=&#8221;true&#8221; add_icon=&#8221;true&#8221; link=&#8221;url:https%3A%2F%2Fwww.bilaketa.es%2Feu%2Fzientzien-eta-teknologia-berrien-kluba%2F|title:Zientzien%20eta%20Teknologia%20Berrien%20Kluba||&#8221;][\/vc_column][vc_column fade_animation_offset=&#8221;45px&#8221; width=&#8221;3\/4&#8243;][vc_row_inner padding_top=&#8221;60px&#8221; padding_bottom=&#8221;0px&#8221; bg_video=&#8221;&#8221; class=&#8221;&#8221; style=&#8221;&#8221;][vc_column_inner fade_animation_offset=&#8221;45px&#8221; width=&#8221;1\/1&#8243; id=&#8221;&#8221; class=&#8221;&#8221; style=&#8221;&#8221;][vc_cta h2=&#8221;&#8221; style=&#8221;outline&#8221; add_icon=&#8221;top&#8221; i_icon_fontawesome=&#8221;fa fa-certificate&#8221; i_color=&#8221;custom&#8221; i_background_style=&#8221;rounded&#8221; i_size=&#8221;lg&#8221; i_on_border=&#8221;true&#8221; i_custom_color=&#8221;#4e4e4e&#8221;]\n<ul>\n<li><strong>XXXVI edizioa 2012<\/strong>.\u00a0<em>Juego de sombras<\/em>,\u00a0Jos\u00e9 Ignacio Amelivia.<\/li>\n<li><strong>XXXV <strong>edizioa<\/strong> 2011.<\/strong>\u00a0<em>Niebla II<\/em>, Cristina Gam\u00f3n L\u00e1zaro.<\/li>\n<li><strong>XXXIV <strong>edizioa<\/strong> 2010.<\/strong>\u00a0<em>Desierto rojo II,\u00a0<\/em>Jaime Rico Amador.<\/li>\n<li><strong>XXXIII <strong>edizioa<\/strong> 2009.<\/strong>\u00a0<em>Para Julia II, <\/em>Mikel Esparza.<\/li>\n<li><strong>XXXII <strong>edizioa<\/strong> 2008.\u00a0<\/strong><em>La realidad sugerida<\/em>, Jes\u00fas \u00dakar.<\/li>\n<li><strong>XXXI <strong>edizioa<\/strong> 2007.<\/strong>\u00a0<em>Suggested reality XLVII<\/em>, David Murcia Garc\u00eda.<\/li>\n<li><strong>XXX <strong>edizioa<\/strong> 2006.<\/strong> <i>\u00cdcaro<\/i>, H\u00e9ctor Urra Pombo.<\/li>\n<li><strong>XXIX <strong>edizioa<\/strong> 2005.<\/strong>\u00a0<em>Paisaje con vaca<\/em>, Patxi Aldunate.<\/li>\n<li><strong>XXVIII <strong>edizioa<\/strong> 2004.<\/strong>\u00a0<em>Sin t\u00edtulo,\u00a0<\/em>Daniel Lascurain.<\/li>\n<li><strong>XXVII <strong>edizioa<\/strong> 2003.<\/strong>\u00a0<em>Sin t\u00edtulo,<\/em> Jokin Manzanos (Ex Aequo) y <em>Sin t\u00edtulo<\/em>, Javier Villarreal (Ex Aequo).<\/li>\n<li><strong>XXVI <strong>edizioa<\/strong> 2002.<\/strong>\u00a0Declarado desierto.<\/li>\n<li><strong>XXV <strong>edizioa<\/strong> 2001.<\/strong>\u00a0<em>Serie mirar,\u00a0<\/em>Ximo Amig\u00f3.<\/li>\n<li><strong>XXIV <strong>edizioa<\/strong> 2000.<\/strong>\u00a0<em>Sin t\u00edtulo<\/em>, Txiki Aguirre G\u00e1rate.<\/li>\n<li><strong>XXIII <strong>edizioa<\/strong> 1999.<\/strong>\u00a0<em>Bilbao, <\/em>Jon I\u00f1aki Landa Garc\u00eda-Uceda y<em>\u00a0<\/em><i>Physis, <\/i>Koldo Sebasti\u00e1n.<\/li>\n<li><strong>XXII <strong>edizioa<\/strong> 1998.<\/strong>\u00a0Declarado desierto.<\/li>\n<li><strong>XXI <strong>edizioa<\/strong> 1997.<\/strong>\u00a0<em>La cacer\u00eda<\/em>, Carlos Alonso Fern\u00e1ndez y\u00a0<em>Cuatro animales,\u00a0<\/em>Juan Mari Ruiz Sukilbide.<\/li>\n<li><strong>XX <strong>edizioa<\/strong> 1996.\u00a0<\/strong><em>Cien a\u00f1os,<\/em> Mikel Esparza Murillo.<\/li>\n<li><strong>XIX <strong>edizioa<\/strong> 1995.<\/strong><em>\u00a0C\u00e1seda<\/em>, Juan Carlos Karrillo.<\/li>\n<li><strong>XVIII <strong>edizioa<\/strong> 1994.\u00a0<\/strong><em>Sin t\u00edtulo, <\/em>Jos\u00e9 Mar\u00eda Soria P\u00e9rez.<\/li>\n<li><strong>XVII <strong>edizioa<\/strong> 1993.\u00a0<\/strong><em>Baco en reposo,\u00a0<\/em>Carlos Montoya Alonso.<\/li>\n<li><strong>XVI <strong>edizioa<\/strong> 1992.<\/strong>\u00a0<i>Sin t\u00edtulo,\u00a0<\/i>Javier Villarreal.<\/li>\n<li><strong>XV <strong>edizioa<\/strong> 1991.\u00a0<\/strong><em>Paisaje con pueblo, <\/em>Gregorio Paton.<\/li>\n<li><strong>XIV <strong>edizioa<\/strong> 1990.<\/strong>\u00a0<em>Encapotado, <\/em>Patxi Idoate.<\/li>\n<li><strong>XIII <strong>edizioa<\/strong> 1989.\u00a0<\/strong><em>Polibio, <\/em>Elena Bezunartea Oroz.<\/li>\n<li><strong>XII <strong>edizioa<\/strong> 1988.<\/strong><em>\u00a0Paisaje de tren 2,\u00a0<\/em>Miriam Fern\u00e1ndez Aguirre.<\/li>\n<li><strong>XI <strong>edizioa<\/strong> 1987.\u00a0<\/strong><em>Mont\u00e9s,\u00a0<\/em>Miguel Mu\u00f1oz Aranguren.<\/li>\n<li><strong>X <strong>edizioa<\/strong> 1986.\u00a0<\/strong><em>Naturaleza en porciones,<\/em> Alicia Irigoyen.<\/li>\n<li><strong>IX <strong>edizioa<\/strong> 1985.<\/strong>\u00a0<em>Escupi\u00f3 al sapo y puso fin a su despedida,<\/em> Iosu Moreno Merino.<\/li>\n<li><strong>VIII <strong>edizioa<\/strong> 1984.<\/strong>\u00a0<i>Autorretrato, <\/i>Txiki Medina.<\/li>\n<li><strong>VII <strong>edizioa<\/strong> 1983.<\/strong><em>\u00a0El s\u00f3tano,\u00a0<\/em>Charo Fontalba.<\/li>\n<li><strong>VI <strong>edizioa<\/strong> 1982.<\/strong>\u00a0<em>Rayos Iris, <\/em>Miguel \u00c1ngel Elizondo.<\/li>\n<li><strong>V <strong>edizioa<\/strong> 1981.<\/strong>\u00a0<em>Pantano de Alloz,\u00a0<\/em>Presen Lorente.<\/li>\n<li><strong>IV <strong>edizioa<\/strong> 1980.<\/strong><em>\u00a0Estaci\u00f3n El Irati, <\/em>Miguel Unciti Apestegu\u00eda.<\/li>\n<li><strong>III <strong>edizioa<\/strong> 1979.<\/strong>\u00a0<em>Paisaje,\u00a0<\/em>Merche Jim\u00e9nez.<\/li>\n<li><strong>II <strong>edizioa<\/strong> 1978<\/strong>.\u00a0<em>Bodeg\u00f3n<\/em>, Carmen Germ\u00e1n Luesma.<\/li>\n<li><strong>I <strong>edizioa<\/strong> 1977.<\/strong>\u00a0<em>Bosque de hayas<\/em>, Juan Jes\u00fas Leache Go\u00f1i.<\/li>\n<\/ul>\n[\/vc_cta][\/vc_column_inner][\/vc_row_inner]<hr  class=\"x-gap\" style=\"margin: 2.313em 0 0 0;\">[vc_btn title=&#8221;Nazioarteko Lehiaketara Itzuli&#8221; style=&#8221;outline-custom&#8221; outline_custom_color=&#8221;#4e4e4e&#8221; outline_custom_hover_background=&#8221;#4e4e4e&#8221; outline_custom_hover_text=&#8221;#ffffff&#8221; align=&#8221;center&#8221; i_icon_fontawesome=&#8221;fa fa-arrow-circle-left&#8221; button_block=&#8221;true&#8221; add_icon=&#8221;true&#8221; link=&#8221;url:https%3A%2F%2Fwww.bilaketa.es%2Feu%2Fkultur-arloa%2Fnazioarteko-poesia-narratiba-eta-pintura-sariketak%2F|title:Nazioarteko%20Lehiaketara%20Itzuli||&#8221;][\/vc_column][\/vc_row][vc_row padding_top=&#8221;0px&#8221; padding_bottom=&#8221;0px&#8221;][vc_column fade_animation_offset=&#8221;45px&#8221; width=&#8221;1\/1&#8243;]<hr  class=\"x-gap\" style=\"margin: 1.313em 0 0 0;\">[\/vc_column][\/vc_row][vc_row padding_top=&#8221;60px&#8221; padding_bottom=&#8221;0px&#8221; bg_video=&#8221;&#8221; class=&#8221;&#8221; style=&#8221;&#8221;][vc_column fade_animation_offset=&#8221;45px&#8221; width=&#8221;1\/1&#8243;]<a  class=\"x-img x-img-link x-img-rounded none\"  href=\"https:\/\/www.bilaketa.es\/publicaciones\/\"     data-options=\"thumbnail: 'https:\/\/www.bilaketa.es\/wp-content\/uploads\/2016\/05\/publicaciones.jpg'\"><img decoding=\"async\" src=\"https:\/\/www.bilaketa.es\/wp-content\/uploads\/2016\/05\/publicaciones.jpg\" ><\/a>[vc_btn title=&#8221;Argitalpenak&#8221; style=&#8221;gradient-custom&#8221; gradient_custom_color_1=&#8221;#dd9933&#8243; gradient_custom_color_2=&#8221;#799104&#8243; size=&#8221;lg&#8221; align=&#8221;center&#8221; button_block=&#8221;true&#8221; link=&#8221;url:https%3A%2F%2Fwww.bilaketa.es%2Fpublicaciones%2F||&#8221;][\/vc_column][\/vc_row]\n<\/div>","protected":false},"excerpt":{"rendered":"<p>[vc_row padding_top=&#8221;30px&#8221; padding_bottom=&#8221;0px&#8221; bg_video=&#8221;&#8221; class=&#8221;&#8221; style=&#8221;&#8221;][vc_column fade_animation_offset=&#8221;45px&#8221; width=&#8221;1\/1&#8243;][\/vc_column][\/vc_row][vc_row padding_top=&#8221;0px&#8221; padding_bottom=&#8221;0px&#8221; border=&#8221;none&#8221; bg_video=&#8221;&#8221; class=&#8221;&#8221; style=&#8221;&#8221;][vc_column fade_animation=&#8221;in-from-left&#8221; fade_animation_offset=&#8221;45px&#8221; width=&#8221;1\/4&#8243; id=&#8221;&#8221; class=&#8221;&#8221; style=&#8221;&#8221;][vc_btn title=&#8221;Gazteria Arloa&#8221; style=&#8221;outline-custom&#8221; outline_custom_color=&#8221;#fe8404&#8243; outline_custom_hover_background=&#8221;#fe8404&#8243; outline_custom_hover_text=&#8221;#ffffff&#8221; align=&#8221;left&#8221; i_type=&#8221;entypo&#8221; i_icon_entypo=&#8221;entypo-icon entypo-icon-pencil&#8221; button_block=&#8221;true&#8221; add_icon=&#8221;true&#8221; link=&#8221;url:https%3A%2F%2Fwww.bilaketa.es%2Feu%2Fgazteria-arloa%2F|title:Gazteria%20Arloa||&#8221;][vc_btn title=&#8221;Adinekoen Arloa&#8221; style=&#8221;outline-custom&#8221; outline_custom_color=&#8221;#b19d96&#8243; outline_custom_hover_background=&#8221;#b19d96&#8243; outline_custom_hover_text=&#8221;#ffffff&#8221; align=&#8221;left&#8221; i_type=&#8221;entypo&#8221; i_icon_entypo=&#8221;entypo-icon entypo-icon-feather&#8221; button_block=&#8221;true&#8221; add_icon=&#8221;true&#8221; link=&#8221;url:https%3A%2F%2Fwww.bilaketa.es%2Feu%2Fadinekoen-arloa%2F|title:Adinekoen%20Arloa||&#8221;][vc_btn title=&#8221;Kultur Arloa&#8221; style=&#8221;custom&#8221; custom_background=&#8221;#4e4e4e&#8221; custom_text=&#8221;#ffffff&#8221; align=&#8221;left&#8221; i_type=&#8221;entypo&#8221; i_icon_entypo=&#8221;entypo-icon entypo-icon-book&#8221; button_block=&#8221;true&#8221; add_icon=&#8221;true&#8221; link=&#8221;url:https%3A%2F%2Fwww.bilaketa.es%2Feu%2Fkultur-arloa%2F|title:Kultur%20Arloa||&#8221;][vc_btn title=&#8221;Aurkezpena&#8221; style=&#8221;outline-custom&#8221; &#8230;<\/p>\n","protected":false},"author":2,"featured_media":0,"parent":3175,"menu_order":0,"comment_status":"closed","ping_status":"closed","template":"","meta":{"ngg_post_thumbnail":0,"footnotes":""},"class_list":["post-3187","page","type-page","status-publish","hentry","no-post-thumbnail"],"_links":{"self":[{"href":"https:\/\/www.bilaketa.es\/eu\/wp-json\/wp\/v2\/pages\/3187"}],"collection":[{"href":"https:\/\/www.bilaketa.es\/eu\/wp-json\/wp\/v2\/pages"}],"about":[{"href":"https:\/\/www.bilaketa.es\/eu\/wp-json\/wp\/v2\/types\/page"}],"author":[{"embeddable":true,"href":"https:\/\/www.bilaketa.es\/eu\/wp-json\/wp\/v2\/users\/2"}],"replies":[{"embeddable":true,"href":"https:\/\/www.bilaketa.es\/eu\/wp-json\/wp\/v2\/comments?post=3187"}],"version-history":[{"count":3,"href":"https:\/\/www.bilaketa.es\/eu\/wp-json\/wp\/v2\/pages\/3187\/revisions"}],"predecessor-version":[{"id":3355,"href":"https:\/\/www.bilaketa.es\/eu\/wp-json\/wp\/v2\/pages\/3187\/revisions\/3355"}],"up":[{"embeddable":true,"href":"https:\/\/www.bilaketa.es\/eu\/wp-json\/wp\/v2\/pages\/3175"}],"wp:attachment":[{"href":"https:\/\/www.bilaketa.es\/eu\/wp-json\/wp\/v2\/media?parent=3187"}],"curies":[{"name":"wp","href":"https:\/\/api.w.org\/{rel}","templated":true}]}}