{"id":3241,"date":"2017-04-30T08:21:36","date_gmt":"2017-04-30T08:21:36","guid":{"rendered":"https:\/\/www.bilaketa.es\/?page_id=3241\/"},"modified":"2017-05-01T10:04:20","modified_gmt":"2017-05-01T10:04:20","slug":"liburutegia","status":"publish","type":"page","link":"https:\/\/www.bilaketa.es\/eu\/kultur-arloa\/liburutegia\/","title":{"rendered":"Liburutegia"},"content":{"rendered":"<div class=\"wpb-content-wrapper\">[vc_row padding_top=&#8221;30px&#8221; padding_bottom=&#8221;0px&#8221; bg_video=&#8221;&#8221; class=&#8221;&#8221; style=&#8221;&#8221;][vc_column fade_animation_offset=&#8221;45px&#8221; width=&#8221;1\/1&#8243;]<a  class=\"x-img x-img-link x-img-rounded\"  href=\"https:\/\/www.bilaketa.es\/area-de-cultura\/\" title=\"Area de Cultura\"    data-options=\"thumbnail: 'https:\/\/www.bilaketa.es\/wp-content\/uploads\/2016\/05\/area-cultura-1.jpg'\"><img decoding=\"async\" src=\"https:\/\/www.bilaketa.es\/wp-content\/uploads\/2016\/05\/area-cultura-1.jpg\" ><\/a><h2  class=\"h-custom-headline center-text h2\" ><span>Liburutegia<\/span><\/h2><hr  class=\"x-gap\" style=\"margin: 2.313em 0 0 0;\">[\/vc_column][\/vc_row][vc_row padding_top=&#8221;0px&#8221; padding_bottom=&#8221;0px&#8221; border=&#8221;none&#8221; bg_video=&#8221;&#8221; class=&#8221;&#8221; style=&#8221;&#8221;][vc_column fade_animation=&#8221;in-from-left&#8221; fade_animation_offset=&#8221;45px&#8221; width=&#8221;1\/4&#8243; id=&#8221;&#8221; class=&#8221;&#8221; style=&#8221;&#8221;][vc_btn title=&#8221;Gazteria Arloa&#8221; style=&#8221;outline-custom&#8221; outline_custom_color=&#8221;#fe8404&#8243; outline_custom_hover_background=&#8221;#fe8404&#8243; outline_custom_hover_text=&#8221;#ffffff&#8221; align=&#8221;left&#8221; i_type=&#8221;entypo&#8221; i_icon_entypo=&#8221;entypo-icon entypo-icon-pencil&#8221; button_block=&#8221;true&#8221; add_icon=&#8221;true&#8221; link=&#8221;url:https%3A%2F%2Fwww.bilaketa.es%2Feu%2Fgazteria-arloa%2F|title:Gazteria%20Arloa||&#8221;][vc_btn title=&#8221;Adinekoen Arloa&#8221; style=&#8221;outline-custom&#8221; outline_custom_color=&#8221;#b19d96&#8243; outline_custom_hover_background=&#8221;#b19d96&#8243; outline_custom_hover_text=&#8221;#ffffff&#8221; align=&#8221;left&#8221; i_type=&#8221;entypo&#8221; i_icon_entypo=&#8221;entypo-icon entypo-icon-feather&#8221; button_block=&#8221;true&#8221; add_icon=&#8221;true&#8221; link=&#8221;url:https%3A%2F%2Fwww.bilaketa.es%2Feu%2Fadinekoen-arloa%2F|title:Adinekoen%20Arloa||&#8221;][vc_btn title=&#8221;Kultur Arloa&#8221; style=&#8221;custom&#8221; custom_background=&#8221;#4e4e4e&#8221; custom_text=&#8221;#ffffff&#8221; align=&#8221;left&#8221; i_type=&#8221;entypo&#8221; i_icon_entypo=&#8221;entypo-icon entypo-icon-book&#8221; button_block=&#8221;true&#8221; add_icon=&#8221;true&#8221; link=&#8221;url:https%3A%2F%2Fwww.bilaketa.es%2Feu%2Fkultur-arloa%2F|title:Kultur%20Arloa||&#8221;][vc_btn title=&#8221;Aurkezpena&#8221; style=&#8221;outline-custom&#8221; outline_custom_color=&#8221;#4e4e4e&#8221; outline_custom_hover_background=&#8221;#4e4e4e&#8221; outline_custom_hover_text=&#8221;#ffffff&#8221; size=&#8221;sm&#8221; align=&#8221;left&#8221; button_block=&#8221;true&#8221; link=&#8221;url:https%3A%2F%2Fwww.bilaketa.es%2Feu%2Fkultur-arloa%2F|title:Kultur%20Arloa%20Aurkezpena||&#8221; css=&#8221;.vc_custom_1493539144845{padding-left: 30px !important;}&#8221;][vc_btn title=&#8221;Nazioarteko Poesia, Narratiba eta Pintura Sariketak&#8221; style=&#8221;outline-custom&#8221; outline_custom_color=&#8221;#4e4e4e&#8221; outline_custom_hover_background=&#8221;#4e4e4e&#8221; outline_custom_hover_text=&#8221;#ffffff&#8221; size=&#8221;sm&#8221; align=&#8221;left&#8221; button_block=&#8221;true&#8221; link=&#8221;url:https%3A%2F%2Fwww.bilaketa.es%2Feu%2Fkultur-arloa%2Fnazioarteko-poesia-narratiba-eta-pintura-sariketak%2F|title:Nazioarteko%20Poesia%2C%20Narratiba%20eta%20Pintura%20Sariketak||&#8221; css=&#8221;.vc_custom_1493539129793{margin-top: -20px !important;padding-left: 30px !important;}&#8221;][vc_btn title=&#8221;Kanpo Eskultura Nazioarteko Lehiaketa&#8221; style=&#8221;outline-custom&#8221; outline_custom_color=&#8221;#4e4e4e&#8221; outline_custom_hover_background=&#8221;#4e4e4e&#8221; outline_custom_hover_text=&#8221;#ffffff&#8221; size=&#8221;sm&#8221; align=&#8221;left&#8221; button_block=&#8221;true&#8221; link=&#8221;url:https%3A%2F%2Fwww.bilaketa.es%2Feu%2Fkultur-arloa%2Fkanpo-eskultura-sariketa%2F|title:Kanpo%20Eskultura%20Nazioarteko%20Lehiaketa||&#8221; css=&#8221;.vc_custom_1493539114719{margin-top: -20px !important;padding-left: 30px !important;}&#8221;][vc_btn title=&#8221;<em>Mariano Garcia<\/em> Musika Akademia&#8221; style=&#8221;outline-custom&#8221; outline_custom_color=&#8221;#4e4e4e&#8221; outline_custom_hover_background=&#8221;#4e4e4e&#8221; outline_custom_hover_text=&#8221;#ffffff&#8221; size=&#8221;sm&#8221; align=&#8221;left&#8221; button_block=&#8221;true&#8221; link=&#8221;url:https%3A%2F%2Fwww.bilaketa.es%2Feu%2Fkultur-arloa%2Fmariano-garcia-musika-akademia%2F|title:%3Cem%3EMariano%20Garcia%3C%2Fem%3E%20Musika%20Akademia||&#8221; css=&#8221;.vc_custom_1493539100338{margin-top: -20px !important;padding-left: 30px !important;}&#8221;][vc_btn title=&#8221;<em>Mariano Garc\u00eda<\/em> Musika Banda&#8221; style=&#8221;outline-custom&#8221; outline_custom_color=&#8221;#4e4e4e&#8221; outline_custom_hover_background=&#8221;#4e4e4e&#8221; outline_custom_hover_text=&#8221;#ffffff&#8221; size=&#8221;sm&#8221; align=&#8221;left&#8221; button_block=&#8221;true&#8221; link=&#8221;url:https%3A%2F%2Fwww.bilaketa.es%2Feu%2Fkultur-arloa%2Fmariano-garcia-musika-banda%2F|title:%3Cem%3EMariano%20Garc%C3%ADa%3C%2Fem%3E%20Musika%20Banda||&#8221; css=&#8221;.vc_custom_1493539085287{margin-top: -20px !important;padding-left: 30px !important;}&#8221;][vc_btn title=&#8221;Boluntarioen eskola&#8221; style=&#8221;outline-custom&#8221; outline_custom_color=&#8221;#4e4e4e&#8221; outline_custom_hover_background=&#8221;#4e4e4e&#8221; outline_custom_hover_text=&#8221;#ffffff&#8221; size=&#8221;sm&#8221; align=&#8221;left&#8221; button_block=&#8221;true&#8221; link=&#8221;url:https%3A%2F%2Fwww.bilaketa.es%2Feu%2Fkultur-arloa%2Fboluntarioen-eskola%2F|title:Boluntarioen%20eskola||&#8221; css=&#8221;.vc_custom_1493539067876{margin-top: -20px !important;padding-left: 30px !important;}&#8221;][vc_btn title=&#8221;Liburutegia&#8221; style=&#8221;custom&#8221; custom_background=&#8221;#4e4e4e&#8221; custom_text=&#8221;#ffffff&#8221; size=&#8221;sm&#8221; align=&#8221;left&#8221; button_block=&#8221;true&#8221; link=&#8221;url:%23|title:Liburutegia||&#8221; css=&#8221;.vc_custom_1493539050580{margin-top: -20px !important;padding-left: 30px !important;}&#8221;][vc_btn title=&#8221;Irakurketa Virtual Tailerra <em>VIVEleyendo!<\/em>&#8221; style=&#8221;outline-custom&#8221; outline_custom_color=&#8221;#4e4e4e&#8221; outline_custom_hover_background=&#8221;#4e4e4e&#8221; outline_custom_hover_text=&#8221;#ffffff&#8221; size=&#8221;sm&#8221; align=&#8221;left&#8221; button_block=&#8221;true&#8221; link=&#8221;url:https%3A%2F%2Fwww.bilaketa.es%2Feu%2Fkultur-arloa%2Firakurketa-virtual-tailerra-viveleyendo%2F|title:Irakurketa%20Virtual%20Tailerra%20%3Cem%3EVIVEleyendo!%3C%2Fem%3E||&#8221; css=&#8221;.vc_custom_1493632849532{margin-top: -20px !important;padding-left: 30px !important;}&#8221;][vc_btn title=&#8221;Bilaketa Ondarea Erakusketa&#8221; style=&#8221;outline-custom&#8221; outline_custom_color=&#8221;#4e4e4e&#8221; outline_custom_hover_background=&#8221;#4e4e4e&#8221; outline_custom_hover_text=&#8221;#ffffff&#8221; size=&#8221;sm&#8221; align=&#8221;left&#8221; button_block=&#8221;true&#8221; link=&#8221;url:https%3A%2F%2Fwww.bilaketa.es%2Feu%2Fkultur-arloa%2Fbilaketa-ondarea-erakusketa%2F|title:Bilaketa%20Ondarea%20Erakusketa||&#8221; css=&#8221;.vc_custom_1493632900331{margin-top: -20px !important;padding-left: 30px !important;}&#8221;][vc_btn title=&#8221;Berriak eta Jarduerak&#8221; style=&#8221;outline-custom&#8221; outline_custom_color=&#8221;#4e4e4e&#8221; outline_custom_hover_background=&#8221;#4e4e4e&#8221; outline_custom_hover_text=&#8221;#ffffff&#8221; size=&#8221;sm&#8221; align=&#8221;left&#8221; button_block=&#8221;true&#8221; link=&#8221;url:https%3A%2F%2Fwww.bilaketa.es%2Feu%2Fkultur-arloa%2Fberriak-eta-jarduerak%2F|title:Berriak%20eta%20Jarduerak||&#8221; css=&#8221;.vc_custom_1493632945003{margin-top: -20px !important;padding-left: 30px !important;}&#8221;][vc_btn title=&#8221;Adinekoentzako <em>Francisco Yndur\u00e1in <\/em>Unibertsitatea&#8221; style=&#8221;outline-custom&#8221; outline_custom_color=&#8221;#4cadc9&#8243; outline_custom_hover_background=&#8221;#4cadc9&#8243; outline_custom_hover_text=&#8221;#ffffff&#8221; align=&#8221;left&#8221; i_icon_fontawesome=&#8221;fa fa-graduation-cap&#8221; button_block=&#8221;true&#8221; add_icon=&#8221;true&#8221; link=&#8221;url:https%3A%2F%2Fwww.bilaketa.es%2Feu%2Fadinekoentzako-francisco-yndurain-unibertsitatea%2F|title:Adinekoentzako%20%3Cem%3EFrancisco%20Yndur%C3%A1in%20%3C%2Fem%3EUnibertsitatea||&#8221;][vc_btn title=&#8221;Zientzien eta Teknologia Berrien Kluba&#8221; style=&#8221;outline-custom&#8221; outline_custom_color=&#8221;#0448d1&#8243; outline_custom_hover_background=&#8221;#0448d1&#8243; outline_custom_hover_text=&#8221;#ffffff&#8221; align=&#8221;left&#8221; i_type=&#8221;typicons&#8221; i_icon_typicons=&#8221;typcn typcn-device-desktop&#8221; button_block=&#8221;true&#8221; add_icon=&#8221;true&#8221; link=&#8221;url:https%3A%2F%2Fwww.bilaketa.es%2Feu%2Fzientzien-eta-teknologia-berrien-kluba%2F|title:Zientzien%20eta%20Teknologia%20Berrien%20Kluba||&#8221;][\/vc_column][vc_column fade_animation_offset=&#8221;45px&#8221; width=&#8221;3\/4&#8243;][vc_row_inner padding_top=&#8221;60px&#8221; padding_bottom=&#8221;0px&#8221; bg_video=&#8221;&#8221; class=&#8221;&#8221; style=&#8221;&#8221;][vc_column_inner fade_animation=&#8221;in-from-left&#8221; fade_animation_offset=&#8221;45px&#8221; width=&#8221;1\/1&#8243; id=&#8221;&#8221; class=&#8221;&#8221; style=&#8221;&#8221;]<img decoding=\"async\"  class=\"x-img x-img-rounded\"  src=\"https:\/\/www.bilaketa.es\/wp-content\/uploads\/2016\/05\/biblioteca-scaled.jpg\" ><hr  class=\"x-gap\" style=\"margin: 1.313em 0 0 0;\"><p>Liburutegia bertan diren fondo guztiak entitateko kideei, <em>Mariano Garcia<\/em> Akademiako ikasleei eta irakasleei, eta, oro har, herritar guztiei eskaintzeaz arduratzen den unitate funtzionala da.<\/p>\n<p>Bilaketa 1976ko irailaren 25 urteaz geroztik, eta denbora honetan zehar, helburu asko izan ditu. Haien artean, oinarrizkoa izan dena: irakurketa sustatzeko, haur, gazte eta helduen artean. Honela, Liburutegi eguneko festak ospatu dute inpaktu zehatz batekin.<\/p>\n[\/vc_column_inner][\/vc_row_inner][vc_row_inner padding_top=&#8221;0px&#8221; padding_bottom=&#8221;0px&#8221; bg_video=&#8221;&#8221; class=&#8221;&#8221; style=&#8221;&#8221;][vc_column_inner fade=&#8221;true&#8221; fade_animation=&#8221;in-from-left&#8221; fade_animation_offset=&#8221;45px&#8221; width=&#8221;2\/3&#8243; id=&#8221;&#8221; class=&#8221;&#8221; style=&#8221;&#8221;][vc_cta h2=&#8221;&#8221; h4=&#8221; <em>Jos\u00e9 Hierro<\/em> liburutegi iraunkorra&#8221; add_icon=&#8221;left&#8221; i_icon_fontawesome=&#8221;fa fa-book&#8221; i_color=&#8221;custom&#8221; i_background_style=&#8221;rounded&#8221; i_size=&#8221;lg&#8221; i_on_border=&#8221;true&#8221; i_custom_color=&#8221;#4e4e4e&#8221;]Entitatearen egoitzan kokatuta dago (Francisco Yndurain kalea 12, 1.a), eta astelehenetik ostiralera dago zabalik, goiz eta arratdsaldez.<\/p>\n<p>Egun, 5.000 liburuki inguru ditu honako arlo hauetan: Filosofia, Gizarte Zientziak, Zientzia Hutsak (Zehatzak eta Natur Zientziak), Zientzia Aplikatuak, Medikuntza, Artea, Argazkigintza, Musika, Jolasak, Kirolak, Hizkuntzalaritza, Filologia, Literatura, Literatur Kritika, Geografia, Biografia eta Historia.<\/p>\n<p>Liburutegi-fondoa gaika, tituluka eta autoreka sailkatuta dago. Sailkatzeko sistema horretaz gain, liburuak ordenagailuaren bitartez ere kontsulta daitezke, liburuak euskarri informatikoan baitaude.[\/vc_cta][\/vc_column_inner][vc_column_inner fade=&#8221;true&#8221; fade_animation=&#8221;in&#8221; fade_animation_offset=&#8221;45px&#8221; width=&#8221;1\/3&#8243; id=&#8221;&#8221; class=&#8221;&#8221; style=&#8221;&#8221;]<img decoding=\"async\"  class=\"x-img x-img-rounded\"  src=\"https:\/\/www.bilaketa.es\/wp-content\/uploads\/2016\/05\/biblioteca-permanente.jpg\" >[\/vc_column_inner][\/vc_row_inner][vc_row_inner padding_top=&#8221;0px&#8221; padding_bottom=&#8221;0px&#8221; bg_video=&#8221;&#8221; class=&#8221;&#8221; style=&#8221;&#8221;][vc_column_inner fade=&#8221;true&#8221; fade_animation=&#8221;in-from-left&#8221; fade_animation_offset=&#8221;45px&#8221; width=&#8221;2\/3&#8243; id=&#8221;&#8221; class=&#8221;&#8221; style=&#8221;&#8221;][vc_cta h2=&#8221;&#8221; h4=&#8221;Liburutegui mugikorra&#8221; add_icon=&#8221;left&#8221; i_icon_fontawesome=&#8221;fa fa-book&#8221; i_color=&#8221;custom&#8221; i_background_style=&#8221;rounded&#8221; i_size=&#8221;lg&#8221; i_on_border=&#8221;true&#8221; i_custom_color=&#8221;#4e4e4e&#8221;]Bilaketa 3 liburutegi mugikorra ditu, liburuak jendeari ondoratzeko helburuarekin. Iniziatiba honekin liburuak kalera ateratzea nahi dute. Liburutegi bat, San Jose Adinekoen egoitzan (Agoitz), bestea Kiroldegian (Agoitz) eta bestea UMAFY Iru\u00f1ean duen egoitzan.<\/p>\n<p>Gurdi literario honek 400 liburu eraman ahal du, baina bakarriik 60 ikusgai. Honela, lanen gaia alda dezakezu publikoari zuzenduta dagoen arabera.[\/vc_cta][\/vc_column_inner][vc_column_inner fade=&#8221;true&#8221; fade_animation=&#8221;in&#8221; fade_animation_offset=&#8221;45px&#8221; width=&#8221;1\/3&#8243; id=&#8221;&#8221; class=&#8221;&#8221; style=&#8221;&#8221;]<img decoding=\"async\"  class=\"x-img x-img-rounded\"  src=\"https:\/\/www.bilaketa.es\/wp-content\/uploads\/2016\/05\/Bliblioteca-movil.jpg\" >[\/vc_column_inner][\/vc_row_inner][vc_row_inner padding_top=&#8221;60px&#8221; padding_bottom=&#8221;0px&#8221; bg_video=&#8221;&#8221; class=&#8221;&#8221; style=&#8221;&#8221;][vc_column_inner fade=&#8221;true&#8221; fade_animation=&#8221;in-from-left&#8221; fade_animation_offset=&#8221;45px&#8221; width=&#8221;1\/1&#8243; id=&#8221;&#8221; class=&#8221;&#8221; style=&#8221;&#8221;][vc_cta h2=&#8221;&#8221; h4=&#8221;Irakurketa gunea&#8221; add_icon=&#8221;left&#8221; i_icon_fontawesome=&#8221;fa fa-book&#8221; i_color=&#8221;custom&#8221; i_background_style=&#8221;rounded&#8221; i_size=&#8221;lg&#8221; i_on_border=&#8221;true&#8221; i_custom_color=&#8221;#4e4e4e&#8221;]Punto de lectura Centro de Salud: El expositor se ha instalado en la zona de pediatr\u00eda del Centro de Salud de Aoiz y se ha conseguido hacer, de un rinc\u00f3n antes olvidado, un lugar m\u00e1gico donde los ni\u00f1os y ni\u00f1as que asisten a la consulta encuentran un remanso de paz y alegr\u00eda. All\u00ed hacen un par\u00e9ntesis en su vida diaria y se sumergen en mundos fascinantes.<\/p>\n<p>En el rinc\u00f3n del\u00a0Punto de Lectura\u00a0se celebra tambi\u00e9n, una vez al a\u00f1o, el\u00a0D\u00eda del Libro. En ese d\u00eda los ni\u00f1os y j\u00f3venes que lo desean se re\u00fanen con sus compa\u00f1eros y amigos en ese encantador rinc\u00f3n para leer el fragmento del Quijote que cada uno elige. A todos los participantes se les obsequia con un ejemplar del Quijote.[\/vc_cta][\/vc_column_inner][\/vc_row_inner][\/vc_column][\/vc_row][vc_row padding_top=&#8221;0px&#8221; padding_bottom=&#8221;0px&#8221;][vc_column fade_animation_offset=&#8221;45px&#8221; width=&#8221;1\/1&#8243;]<hr  class=\"x-gap\" style=\"margin: 1.313em 0 0 0;\">[\/vc_column][\/vc_row][vc_row padding_top=&#8221;60px&#8221; padding_bottom=&#8221;0px&#8221; bg_video=&#8221;&#8221; class=&#8221;&#8221; style=&#8221;&#8221;][vc_column fade_animation_offset=&#8221;45px&#8221; width=&#8221;1\/1&#8243;]<a  class=\"x-img x-img-link x-img-rounded none\"  href=\"https:\/\/www.bilaketa.es\/publicaciones\/\"     data-options=\"thumbnail: 'https:\/\/www.bilaketa.es\/wp-content\/uploads\/2016\/05\/publicaciones.jpg'\"><img decoding=\"async\" src=\"https:\/\/www.bilaketa.es\/wp-content\/uploads\/2016\/05\/publicaciones.jpg\" ><\/a>[vc_btn title=&#8221;Argitalpenak&#8221; style=&#8221;gradient-custom&#8221; gradient_custom_color_1=&#8221;#dd9933&#8243; gradient_custom_color_2=&#8221;#799104&#8243; size=&#8221;lg&#8221; align=&#8221;center&#8221; button_block=&#8221;true&#8221; link=&#8221;url:https%3A%2F%2Fwww.bilaketa.es%2Fpublicaciones%2F||&#8221;][\/vc_column][\/vc_row]\n<\/div>","protected":false},"excerpt":{"rendered":"<p>[vc_row padding_top=&#8221;30px&#8221; padding_bottom=&#8221;0px&#8221; bg_video=&#8221;&#8221; class=&#8221;&#8221; style=&#8221;&#8221;][vc_column fade_animation_offset=&#8221;45px&#8221; width=&#8221;1\/1&#8243;][\/vc_column][\/vc_row][vc_row padding_top=&#8221;0px&#8221; padding_bottom=&#8221;0px&#8221; border=&#8221;none&#8221; bg_video=&#8221;&#8221; class=&#8221;&#8221; style=&#8221;&#8221;][vc_column fade_animation=&#8221;in-from-left&#8221; fade_animation_offset=&#8221;45px&#8221; width=&#8221;1\/4&#8243; id=&#8221;&#8221; class=&#8221;&#8221; style=&#8221;&#8221;][vc_btn title=&#8221;Gazteria Arloa&#8221; style=&#8221;outline-custom&#8221; outline_custom_color=&#8221;#fe8404&#8243; outline_custom_hover_background=&#8221;#fe8404&#8243; outline_custom_hover_text=&#8221;#ffffff&#8221; align=&#8221;left&#8221; i_type=&#8221;entypo&#8221; i_icon_entypo=&#8221;entypo-icon entypo-icon-pencil&#8221; button_block=&#8221;true&#8221; add_icon=&#8221;true&#8221; link=&#8221;url:https%3A%2F%2Fwww.bilaketa.es%2Feu%2Fgazteria-arloa%2F|title:Gazteria%20Arloa||&#8221;][vc_btn title=&#8221;Adinekoen Arloa&#8221; style=&#8221;outline-custom&#8221; outline_custom_color=&#8221;#b19d96&#8243; outline_custom_hover_background=&#8221;#b19d96&#8243; outline_custom_hover_text=&#8221;#ffffff&#8221; align=&#8221;left&#8221; i_type=&#8221;entypo&#8221; i_icon_entypo=&#8221;entypo-icon entypo-icon-feather&#8221; button_block=&#8221;true&#8221; add_icon=&#8221;true&#8221; link=&#8221;url:https%3A%2F%2Fwww.bilaketa.es%2Feu%2Fadinekoen-arloa%2F|title:Adinekoen%20Arloa||&#8221;][vc_btn title=&#8221;Kultur Arloa&#8221; style=&#8221;custom&#8221; custom_background=&#8221;#4e4e4e&#8221; custom_text=&#8221;#ffffff&#8221; align=&#8221;left&#8221; i_type=&#8221;entypo&#8221; i_icon_entypo=&#8221;entypo-icon entypo-icon-book&#8221; button_block=&#8221;true&#8221; add_icon=&#8221;true&#8221; link=&#8221;url:https%3A%2F%2Fwww.bilaketa.es%2Feu%2Fkultur-arloa%2F|title:Kultur%20Arloa||&#8221;][vc_btn title=&#8221;Aurkezpena&#8221; style=&#8221;outline-custom&#8221; &#8230;<\/p>\n","protected":false},"author":2,"featured_media":0,"parent":3166,"menu_order":0,"comment_status":"closed","ping_status":"closed","template":"","meta":{"ngg_post_thumbnail":0,"footnotes":""},"class_list":["post-3241","page","type-page","status-publish","hentry","no-post-thumbnail"],"_links":{"self":[{"href":"https:\/\/www.bilaketa.es\/eu\/wp-json\/wp\/v2\/pages\/3241"}],"collection":[{"href":"https:\/\/www.bilaketa.es\/eu\/wp-json\/wp\/v2\/pages"}],"about":[{"href":"https:\/\/www.bilaketa.es\/eu\/wp-json\/wp\/v2\/types\/page"}],"author":[{"embeddable":true,"href":"https:\/\/www.bilaketa.es\/eu\/wp-json\/wp\/v2\/users\/2"}],"replies":[{"embeddable":true,"href":"https:\/\/www.bilaketa.es\/eu\/wp-json\/wp\/v2\/comments?post=3241"}],"version-history":[{"count":4,"href":"https:\/\/www.bilaketa.es\/eu\/wp-json\/wp\/v2\/pages\/3241\/revisions"}],"predecessor-version":[{"id":3371,"href":"https:\/\/www.bilaketa.es\/eu\/wp-json\/wp\/v2\/pages\/3241\/revisions\/3371"}],"up":[{"embeddable":true,"href":"https:\/\/www.bilaketa.es\/eu\/wp-json\/wp\/v2\/pages\/3166"}],"wp:attachment":[{"href":"https:\/\/www.bilaketa.es\/eu\/wp-json\/wp\/v2\/media?parent=3241"}],"curies":[{"name":"wp","href":"https:\/\/api.w.org\/{rel}","templated":true}]}}