{"id":3303,"date":"2017-05-01T08:11:57","date_gmt":"2017-05-01T08:11:57","guid":{"rendered":"https:\/\/www.bilaketa.es\/?page_id=3303\/"},"modified":"2023-09-06T21:17:06","modified_gmt":"2023-09-06T19:17:06","slug":"adinekoentzako-francisco-yndurain-unibertsitatea","status":"publish","type":"page","link":"https:\/\/www.bilaketa.es\/eu\/adinekoentzako-francisco-yndurain-unibertsitatea\/","title":{"rendered":"Adinekoentzako <em>Francisco Yndur\u00e1in <\/em>Unibertsitatea"},"content":{"rendered":"<div class=\"wpb-content-wrapper\">[vc_row padding_top=&#8221;30px&#8221; padding_bottom=&#8221;0px&#8221; bg_video=&#8221;&#8221; class=&#8221;&#8221; style=&#8221;&#8221;][vc_column fade_animation_offset=&#8221;45px&#8221;][vc_column_text]<a  class=\"x-img x-img-link x-img-rounded\"  href=\"https:\/\/www.bilaketa.es\/universidad-para-mayores-francisco-yndurain\/\" title=\"Universidad para Mayores\"    data-options=\"thumbnail: 'https:\/\/www.bilaketa.es\/wp-content\/uploads\/2016\/05\/Cabecera-Ciberumafy.jpg'\"><img decoding=\"async\" src=\"https:\/\/www.bilaketa.es\/wp-content\/uploads\/2016\/05\/Cabecera-Ciberumafy.jpg\" ><\/a><h2  class=\"h-custom-headline center-text h2\" ><span>Adinekoentzako Unibertsitatea<\/span><\/h2><hr  class=\"x-gap\" style=\"margin: 1.313em 0 0 0;\">[\/vc_column_text][\/vc_column][\/vc_row][vc_row padding_top=&#8221;0px&#8221; padding_bottom=&#8221;0px&#8221; border=&#8221;none&#8221; bg_video=&#8221;&#8221; class=&#8221;&#8221; style=&#8221;&#8221;][vc_column width=&#8221;1\/4&#8243; fade_animation=&#8221;in-from-left&#8221; fade_animation_offset=&#8221;45px&#8221; id=&#8221;&#8221; class=&#8221;&#8221; style=&#8221;&#8221;][vc_btn title=&#8221;Gazteria Arloa&#8221; style=&#8221;outline-custom&#8221; outline_custom_color=&#8221;#fe8404&#8243; outline_custom_hover_background=&#8221;#fe8404&#8243; outline_custom_hover_text=&#8221;#ffffff&#8221; align=&#8221;left&#8221; i_type=&#8221;entypo&#8221; i_icon_entypo=&#8221;entypo-icon entypo-icon-pencil&#8221; button_block=&#8221;true&#8221; add_icon=&#8221;true&#8221; link=&#8221;url:https%3A%2F%2Fwww.bilaketa.es%2Feu%2Fgazteria-arloa%2F|title:Gazteria%20Arloa||&#8221;][vc_btn title=&#8221;Adinekoen Arloa&#8221; style=&#8221;outline-custom&#8221; outline_custom_color=&#8221;#b19d96&#8243; outline_custom_hover_background=&#8221;#b19d96&#8243; outline_custom_hover_text=&#8221;#ffffff&#8221; align=&#8221;left&#8221; i_type=&#8221;entypo&#8221; i_icon_entypo=&#8221;entypo-icon entypo-icon-feather&#8221; button_block=&#8221;true&#8221; add_icon=&#8221;true&#8221; link=&#8221;url:https%3A%2F%2Fwww.bilaketa.es%2Feu%2Fadinekoen-arloa%2F|title:Adinekoen%20Arloa||&#8221;][vc_btn title=&#8221;Kultur Arloa&#8221; style=&#8221;outline-custom&#8221; outline_custom_color=&#8221;#4e4e4e&#8221; outline_custom_hover_background=&#8221;#4e4e4e&#8221; outline_custom_hover_text=&#8221;#ffffff&#8221; align=&#8221;left&#8221; i_type=&#8221;entypo&#8221; i_icon_entypo=&#8221;entypo-icon entypo-icon-book&#8221; button_block=&#8221;true&#8221; add_icon=&#8221;true&#8221; link=&#8221;url:https%3A%2F%2Fwww.bilaketa.es%2Feu%2Fkultur-arloa%2F|title:Kultur%20Arloa||&#8221;][vc_btn title=&#8221;Adinekoentzako <em>Francisco Yndur\u00e1in <\/em>Unibertsitatea&#8221; style=&#8221;custom&#8221; custom_background=&#8221;#4cadc9&#8243; custom_text=&#8221;#ffffff&#8221; align=&#8221;left&#8221; i_icon_fontawesome=&#8221;fa fa-graduation-cap&#8221; button_block=&#8221;true&#8221; add_icon=&#8221;true&#8221; link=&#8221;url:https%3A%2F%2Fwww.bilaketa.es%2Feu%2Fadinekoentzako-francisco-yndurain-unibertsitatea%2F|title:Adinekoentzako%20%3Cem%3EFrancisco%20Yndur%C3%A1in%20%3C%2Fem%3EUnibertsitatea||&#8221;][vc_btn title=&#8221;Aurkezpena&#8221; style=&#8221;custom&#8221; custom_background=&#8221;#4cadc9&#8243; custom_text=&#8221;#ffffff&#8221; size=&#8221;sm&#8221; align=&#8221;left&#8221; button_block=&#8221;true&#8221; link=&#8221;url:https%3A%2F%2Fwww.bilaketa.es%2Feu%2Fadinekoentzako-francisco-yndurain-unibertsitatea%2F|title:Adinekoentzako%20%3Cem%3EFrancisco%20Yndur%C3%A1in%20%3C%2Fem%3EUnibertsitatea%20Aurkezpena||&#8221; css=&#8221;.vc_custom_1493748710223{padding-left: 30px !important;}&#8221;][vc_btn title=&#8221;Francisco Yndur\u00e1in&#8221; style=&#8221;outline-custom&#8221; outline_custom_color=&#8221;#4cadc9&#8243; outline_custom_hover_background=&#8221;#4cadc9&#8243; outline_custom_hover_text=&#8221;#ffffff&#8221; size=&#8221;sm&#8221; align=&#8221;left&#8221; button_block=&#8221;true&#8221; link=&#8221;url:https%3A%2F%2Fwww.bilaketa.es%2Feu%2Fadinekoentzako-francisco-yndurain-unibertsitatea%2Ffrancisco-yndurain%2F|title:Francisco%20Yndur%C3%A1in||&#8221; css=&#8221;.vc_custom_1493748725906{margin-top: -20px !important;padding-left: 30px !important;}&#8221;][vc_btn title=&#8221;Definizioa eta Helburuak&#8221; style=&#8221;outline-custom&#8221; outline_custom_color=&#8221;#4cadc9&#8243; outline_custom_hover_background=&#8221;#4cadc9&#8243; outline_custom_hover_text=&#8221;#ffffff&#8221; size=&#8221;sm&#8221; align=&#8221;left&#8221; button_block=&#8221;true&#8221; link=&#8221;url:https%3A%2F%2Fwww.bilaketa.es%2Feu%2Fadinekoentzako-francisco-yndurain-unibertsitatea%2Fdefinizioa-eta-helburuak%2F|title:Definizioa%20eta%20helburuak||&#8221; css=&#8221;.vc_custom_1493748818047{margin-top: -20px !important;padding-left: 30px !important;}&#8221;][vc_btn title=&#8221;Eskubideak eta Betebeharrak&#8221; style=&#8221;outline-custom&#8221; outline_custom_color=&#8221;#4cadc9&#8243; outline_custom_hover_background=&#8221;#4cadc9&#8243; outline_custom_hover_text=&#8221;#ffffff&#8221; size=&#8221;sm&#8221; align=&#8221;left&#8221; button_block=&#8221;true&#8221; link=&#8221;url:https%3A%2F%2Fwww.bilaketa.es%2Feu%2Fadinekoentzako-francisco-yndurain-unibertsitatea%2Feskubideak-eta-betebeharrak%2F|title:Eskubideak%20eta%20betebeharrak||&#8221; css=&#8221;.vc_custom_1493748811826{margin-top: -20px !important;padding-left: 30px !important;}&#8221;][vc_btn title=&#8221;Boluntarioak eta Finantziazioa&#8221; style=&#8221;outline-custom&#8221; outline_custom_color=&#8221;#4cadc9&#8243; outline_custom_hover_background=&#8221;#4cadc9&#8243; outline_custom_hover_text=&#8221;#ffffff&#8221; size=&#8221;sm&#8221; align=&#8221;left&#8221; button_block=&#8221;true&#8221; link=&#8221;url:https%3A%2F%2Fwww.bilaketa.es%2Feu%2Fadinekoentzako-francisco-yndurain-unibertsitatea%2Fboluntarioak-eta-finantziazioa%2F|title:Boluntarioak%20eta%20finantziazioa||&#8221; css=&#8221;.vc_custom_1493748806240{margin-top: -20px !important;padding-left: 30px !important;}&#8221;][vc_btn title=&#8221;Egitura eta Metodologia&#8221; style=&#8221;outline-custom&#8221; outline_custom_color=&#8221;#4cadc9&#8243; outline_custom_hover_background=&#8221;#4cadc9&#8243; outline_custom_hover_text=&#8221;#ffffff&#8221; size=&#8221;sm&#8221; align=&#8221;left&#8221; button_block=&#8221;true&#8221; link=&#8221;url:https%3A%2F%2Fwww.bilaketa.es%2Feu%2Fadinekoentzako-francisco-yndurain-unibertsitatea%2Fegitura-eta-metodologia%2F|title:Egitura%20eta%20metodologia||&#8221; css=&#8221;.vc_custom_1493748799383{margin-top: -20px !important;padding-left: 30px !important;}&#8221;][vc_btn title=&#8221;Ikastegiak eta Irakasgaiak&#8221; style=&#8221;outline-custom&#8221; outline_custom_color=&#8221;#4cadc9&#8243; outline_custom_hover_background=&#8221;#4cadc9&#8243; outline_custom_hover_text=&#8221;#ffffff&#8221; size=&#8221;sm&#8221; align=&#8221;left&#8221; button_block=&#8221;true&#8221; link=&#8221;url:https%3A%2F%2Fwww.bilaketa.es%2Feu%2Fadinekoentzako-francisco-yndurain-unibertsitatea%2Fikastegiak-eta-irakasgaiak%2F|title:Ikastegiak%20eta%20Irakasgaiak||&#8221; css=&#8221;.vc_custom_1493748835288{margin-top: -20px !important;padding-left: 30px !important;}&#8221;][vc_btn title=&#8221;Matrikulazioa&#8221; style=&#8221;outline-custom&#8221; outline_custom_color=&#8221;#4cadc9&#8243; outline_custom_hover_background=&#8221;#4cadc9&#8243; outline_custom_hover_text=&#8221;#ffffff&#8221; size=&#8221;sm&#8221; align=&#8221;left&#8221; button_block=&#8221;true&#8221; link=&#8221;url:https%3A%2F%2Fwww.bilaketa.es%2Feu%2Fadinekoentzako-francisco-yndurain-unibertsitatea%2Fegutegia-matrikula-ikasle-txartela-eta-cum-laude-asegurua%2F|title:Matrikulazioa||&#8221; css=&#8221;.vc_custom_1493748853901{margin-top: -20px !important;padding-left: 30px !important;}&#8221;][vc_btn title=&#8221;Ikasketa Akreditazioak&#8221; style=&#8221;outline-custom&#8221; outline_custom_color=&#8221;#4cadc9&#8243; outline_custom_hover_background=&#8221;#4cadc9&#8243; outline_custom_hover_text=&#8221;#ffffff&#8221; size=&#8221;sm&#8221; align=&#8221;left&#8221; button_block=&#8221;true&#8221; link=&#8221;url:https%3A%2F%2Fwww.bilaketa.es%2Feu%2Fadinekoentzako-francisco-yndurain-unibertsitatea%2Fikasketa-akreditazioak%2F|title:Ikasketa%20Akreditazioak||&#8221; css=&#8221;.vc_custom_1493748869015{margin-top: -20px !important;padding-left: 30px !important;}&#8221;][vc_btn title=&#8221;Irakasleak eta Administrazioa&#8221; style=&#8221;outline-custom&#8221; outline_custom_color=&#8221;#4cadc9&#8243; outline_custom_hover_background=&#8221;#4cadc9&#8243; outline_custom_hover_text=&#8221;#ffffff&#8221; size=&#8221;sm&#8221; align=&#8221;left&#8221; button_block=&#8221;true&#8221; link=&#8221;url:https%3A%2F%2Fwww.bilaketa.es%2Feu%2Fadinekoentzako-francisco-yndurain-unibertsitatea%2Firakasleak-eta-administrazioa%2F|title:Irakasleak%20eta%20Administrazioa||&#8221; css=&#8221;.vc_custom_1493748887461{margin-top: -20px !important;padding-left: 30px !important;}&#8221;][vc_btn title=&#8221;Prentsa aipamena&#8221; style=&#8221;outline-custom&#8221; outline_custom_color=&#8221;#4cadc9&#8243; outline_custom_hover_background=&#8221;#4cadc9&#8243; outline_custom_hover_text=&#8221;#ffffff&#8221; size=&#8221;sm&#8221; align=&#8221;left&#8221; button_block=&#8221;true&#8221; link=&#8221;url:https%3A%2F%2Fwww.bilaketa.es%2Feu%2Fadinekoentzako-francisco-yndurain-unibertsitatea%2Fprentsa-aipamena%2F|title:Prentsa%20aipamena||&#8221; css=&#8221;.vc_custom_1493748903609{margin-top: -20px !important;padding-left: 30px !important;}&#8221;][vc_btn title=&#8221;Argazkiak&#8221; style=&#8221;outline-custom&#8221; outline_custom_color=&#8221;#4cadc9&#8243; outline_custom_hover_background=&#8221;#4cadc9&#8243; outline_custom_hover_text=&#8221;#ffffff&#8221; size=&#8221;sm&#8221; align=&#8221;left&#8221; button_block=&#8221;true&#8221; link=&#8221;url:https%3A%2F%2Fwww.bilaketa.es%2Feu%2Fadinekoentzako-francisco-yndurain-unibertsitatea%2Fargazkiak%2F|title:Argazkiak||&#8221; css=&#8221;.vc_custom_1493748923479{margin-top: -20px !important;padding-left: 30px !important;}&#8221;][vc_btn title=&#8221;Ikasgela Birtuala Sarbidea&#8221; style=&#8221;custom&#8221; custom_background=&#8221;#4cadc9&#8243; custom_text=&#8221;#ffffff&#8221; align=&#8221;left&#8221; i_type=&#8221;entypo&#8221; i_icon_entypo=&#8221;entypo-icon entypo-icon-book-open&#8221; button_block=&#8221;true&#8221; add_icon=&#8221;true&#8221; link=&#8221;url:https%3A%2F%2Fwww.bilaketa.es%2Fciberumafy%2F|title:Ikasgela%20Birtuala%20Sarbidea|target:%20_blank|&#8221;][vc_btn title=&#8221;Zientzien eta Teknologia Berrien Kluba&#8221; style=&#8221;outline-custom&#8221; outline_custom_color=&#8221;#0448d1&#8243; outline_custom_hover_background=&#8221;#0448d1&#8243; outline_custom_hover_text=&#8221;#ffffff&#8221; align=&#8221;left&#8221; i_type=&#8221;typicons&#8221; i_icon_typicons=&#8221;typcn typcn-device-desktop&#8221; button_block=&#8221;true&#8221; add_icon=&#8221;true&#8221; link=&#8221;url:https%3A%2F%2Fwww.bilaketa.es%2Feu%2Fzientzien-eta-teknologia-berrien-kluba%2F|title:Zientzien%20eta%20Teknologia%20Berrien%20Kluba||&#8221;][\/vc_column][vc_column width=&#8221;3\/4&#8243; fade_animation_offset=&#8221;45px&#8221;][vc_row_inner padding_top=&#8221;0px&#8221; padding_bottom=&#8221;0px&#8221; bg_video=&#8221;&#8221; class=&#8221;&#8221; style=&#8221;&#8221;][vc_column_inner width=&#8221;2\/3&#8243; fade_animation=&#8221;in-from-left&#8221; fade_animation_offset=&#8221;45px&#8221; id=&#8221;&#8221; class=&#8221;&#8221; style=&#8221;&#8221;][vc_column_text]<p>Bilaketak, 1998ko irailean, <em>Francisco Yndurain Adinekoentzako Unibertsitatea<\/em> (FYADU) izeneko programa jarri zuen abian, gizon-emakumeok jakintzara eta askatasunera garamatzan bidea (beti bukatu gabea, beti ibili beharrekoa) egitearren.<\/p>\n<p>FYADU, gaur egun, zentro guztiz finkatua da. Izen handiko programa da, eta horren lekuko dugu gure adinekoak gero eta gehiago direla zerbitzu hori baliatzen.<\/p>\n[\/vc_column_text][\/vc_column_inner][vc_column_inner width=&#8221;1\/3&#8243; fade_animation_offset=&#8221;45px&#8221;][vc_cta h2=&#8221;&#8221; h4=&#8221;Adinekoen dekalogoa&#8221; txt_align=&#8221;center&#8221; style=&#8221;outline&#8221; add_button=&#8221;bottom&#8221; btn_title=&#8221;Dekalogoa jaitsi&#8221; btn_style=&#8221;outline-custom&#8221; btn_outline_custom_color=&#8221;#4cadc9&#8243; btn_outline_custom_hover_background=&#8221;#4cadc9&#8243; btn_outline_custom_hover_text=&#8221;#ffffff&#8221; btn_align=&#8221;center&#8221; btn_button_block=&#8221;true&#8221; css=&#8221;.vc_custom_1493743855609{margin-top: px !important;}&#8221; btn_link=&#8221;url:https%3A%2F%2Fwww.bilaketa.es%2Fwp-content%2Fuploads%2F2016%2F06%2Fdecalogo-personas-mayores.pdf|title:Adinekoen%20Dekalogoa|target:%20_blank|&#8221;]\n<h5><\/h5>\n[\/vc_cta][\/vc_column_inner][\/vc_row_inner][vc_row_inner padding_top=&#8221;20px&#8221; padding_bottom=&#8221;0px&#8221; bg_video=&#8221;&#8221; class=&#8221;&#8221; style=&#8221;&#8221;][vc_column_inner fade_animation=&#8221;in-from-left&#8221; fade_animation_offset=&#8221;45px&#8221; id=&#8221;&#8221; class=&#8221;&#8221; style=&#8221;&#8221;][vc_column_text]<h4  class=\"h-custom-headline h4\" ><span>Nortzuk gara<\/span><\/h4><hr  class=\"x-hr\" >[\/vc_column_text][\/vc_column_inner][\/vc_row_inner][vc_row_inner padding_top=&#8221;60px&#8221; padding_bottom=&#8221;0px&#8221; bg_video=&#8221;&#8221; class=&#8221;&#8221; style=&#8221;&#8221;][vc_column_inner fade_animation=&#8221;in-from-left&#8221; fade_animation_offset=&#8221;45px&#8221; id=&#8221;&#8221; class=&#8221;&#8221; style=&#8221;&#8221;][vc_cta h2=&#8221;&#8221; h4=&#8221;Irakasle fundatzaileak&#8221; add_icon=&#8221;left&#8221; i_icon_fontawesome=&#8221;fa fa-graduation-cap&#8221; i_color=&#8221;custom&#8221; i_background_style=&#8221;rounded&#8221; i_on_border=&#8221;true&#8221; i_custom_color=&#8221;#4cadc9&#8243; css=&#8221;.vc_custom_1694026865526{margin-top: px !important;}&#8221;]\n<ul>\n<li>Francisco Yndur\u00e1in (Agoitz, 1910 &#8211; Madrid, 1994)<\/li>\n<li>Salva Guti\u00e9rrez<\/li>\n<\/ul>\n[\/vc_cta][vc_cta h2=&#8221;&#8221; h4=&#8221;Irakasle emerituak&#8221; add_icon=&#8221;left&#8221; i_icon_fontawesome=&#8221;fa fa-graduation-cap&#8221; i_color=&#8221;custom&#8221; i_background_style=&#8221;rounded&#8221; i_on_border=&#8221;true&#8221; i_custom_color=&#8221;#4cadc9&#8243; css=&#8221;.vc_custom_1493743509491{margin-top: px !important;}&#8221;]\n<ul>\n<li>ALVAR, Manuel (+Madrid, 2001)(Hitzorduaren data: 1999\/4\/24)<\/li>\n<li>BUENO, Gustavo (Hitzorduaren data: 2001\/4\/28)<\/li>\n<li>HOLGADO S\u00c1NCHEZ, M\u00aa Adoraci\u00f3n (Hitzorduaren data: 1999\/10\/2)<\/li>\n<li>VEL\u00c1ZQUEZ CLAVIJO, Manuel (Hitzorduaren data: 2000\/4\/15)<\/li>\n<li>GARC\u00cdA L\u00d3PEZ, \u00c1ngel (Hitzorduaren data: 2006\/5\/20)<\/li>\n<li>MARI\u00d1O, Alicia (Hitzorduaren data: 2007\/05\/5)<\/li>\n<li>DE CUENCA, Luis Alberto (Hitzorduaren data: 2007\/05\/5)<\/li>\n<\/ul>\n[\/vc_cta][\/vc_column_inner][\/vc_row_inner][vc_row_inner padding_top=&#8221;0px&#8221; padding_bottom=&#8221;0px&#8221; bg_video=&#8221;&#8221; class=&#8221;&#8221; style=&#8221;&#8221;][vc_column_inner width=&#8221;1\/2&#8243; fade_animation=&#8221;in-from-left&#8221; fade_animation_offset=&#8221;45px&#8221; id=&#8221;&#8221; class=&#8221;&#8221; style=&#8221;&#8221;][vc_cta h2=&#8221;&#8221; h4=&#8221;Zuzendaritza Batzorde Akademikoa&#8221; add_icon=&#8221;left&#8221; i_icon_fontawesome=&#8221;fa fa-users&#8221; i_color=&#8221;custom&#8221; i_background_style=&#8221;rounded&#8221; i_on_border=&#8221;true&#8221; i_custom_color=&#8221;#4cadc9&#8243; css=&#8221;.vc_custom_1493743497693{margin-top: px !important;}&#8221;]UMAFYren arlo guztietan egunero egiten den lana onartzen eta gauzatzen duen organoa da. Honako hauek osatzen dute: zuzendariak, zuzendariordeak, ikasleen ordezkariak, beste batzuek.[\/vc_cta][vc_cta h2=&#8221;&#8221; h4=&#8221;Ikasguak&#8221; add_icon=&#8221;left&#8221; i_icon_fontawesome=&#8221;fa fa-home&#8221; i_color=&#8221;custom&#8221; i_background_style=&#8221;rounded&#8221; i_on_border=&#8221;true&#8221; i_custom_color=&#8221;#4cadc9&#8243; css=&#8221;.vc_custom_1493743582997{margin-top: px !important;}&#8221;]* Agoitz (Irakaskuntza presentziala, egoitza nagusia dagoen lekuan)<br \/>\n* Estella (Irakaskuntza presentziala)<br \/>\n* Pamplona (Irakaskuntza presentziala)<br \/>\n* Birtual zentrua[\/vc_cta][vc_cta h2=&#8221;&#8221; h4=&#8221;<em> UMAFYren lagunak <\/em>&#8221; add_button=&#8221;left&#8221; btn_title=&#8221;Informazioa&#8221; btn_style=&#8221;outline-custom&#8221; btn_outline_custom_color=&#8221;#4cadc9&#8243; btn_outline_custom_hover_background=&#8221;#4cadc9&#8243; btn_outline_custom_hover_text=&#8221;#ffffff&#8221; add_icon=&#8221;left&#8221; i_icon_fontawesome=&#8221;fa fa-smile-o&#8221; i_color=&#8221;custom&#8221; i_background_style=&#8221;rounded&#8221; i_on_border=&#8221;true&#8221; i_custom_color=&#8221;#4cadc9&#8243; css=&#8221;.vc_custom_1493743633861{margin-top: px !important;}&#8221; btn_link=&#8221;url:https%3A%2F%2Fwww.bilaketa.es%2Fwp-content%2Fuploads%2F2016%2F09%2FAmigos-de-la-UMAFY2.pdf|title:UMAFYren%20lagunak|target:%20_blank|&#8221;][\/vc_cta][vc_cta h2=&#8221;&#8221; h4=&#8221;Idazkaritza&#8221; add_icon=&#8221;left&#8221; i_icon_fontawesome=&#8221;fa fa-clipboard&#8221; i_color=&#8221;custom&#8221; i_background_style=&#8221;rounded&#8221; i_on_border=&#8221;true&#8221; i_custom_color=&#8221;#4cadc9&#8243; css=&#8221;.vc_custom_1694026892250{margin-top: px !important;}&#8221;]Francisco Yndur\u00e1in kalea, 12<br \/>\n31430 AGOITZ (Nafarroa)<br \/>\nTelefonoa: 948 336 598<br \/>\nE-mail:&nbsp;<a href=\"mailto:info@umafy.es\">info@umafy.es<\/a><br \/>\nWeb:&nbsp;<a href=\"http:\/\/www.umafy.es\/\">www.umafy.es<\/a>[\/vc_cta][\/vc_column_inner][vc_column_inner width=&#8221;1\/2&#8243; fade_animation_offset=&#8221;45px&#8221;][vc_single_image image=&#8221;6102&#8243; img_size=&#8221;full&#8221; alignment=&#8221;center&#8221; style=&#8221;vc_box_rounded&#8221;][vc_single_image image=&#8221;6105&#8243; img_size=&#8221;full&#8221; alignment=&#8221;center&#8221; style=&#8221;vc_box_rounded&#8221;][vc_cta h2=&#8221;&#8221; h4=&#8221;Francisco Yndur\u00e1in ezagutu&#8221; txt_align=&#8221;center&#8221; style=&#8221;outline&#8221; add_button=&#8221;bottom&#8221; btn_title=&#8221;Biografia irakurri&#8221; btn_style=&#8221;outline-custom&#8221; btn_outline_custom_color=&#8221;#4cadc9&#8243; btn_outline_custom_hover_background=&#8221;#4cadc9&#8243; btn_outline_custom_hover_text=&#8221;#ffffff&#8221; btn_align=&#8221;center&#8221; add_icon=&#8221;top&#8221; i_icon_fontawesome=&#8221;fa fa-user&#8221; i_color=&#8221;custom&#8221; i_background_style=&#8221;rounded&#8221; btn_button_block=&#8221;true&#8221; i_on_border=&#8221;true&#8221; i_custom_color=&#8221;#4cadc9&#8243; btn_link=&#8221;url:https%3A%2F%2Fwww.bilaketa.es%2Feu%2Fadinekoentzako-francisco-yndurain-unibertsitatea%2Ffrancisco-yndurain%2F|title:Biografia%20irakurri||&#8221; css=&#8221;.vc_custom_1493746038192{margin-top: 20px !important;}&#8221;][\/vc_cta][\/vc_column_inner][\/vc_row_inner][\/vc_column][\/vc_row][vc_row padding_top=&#8221;0px&#8221; padding_bottom=&#8221;0px&#8221;][vc_column fade_animation_offset=&#8221;45px&#8221;][vc_single_image image=&#8221;5761&#8243; img_size=&#8221;full&#8221; alignment=&#8221;center&#8221; style=&#8221;vc_box_rounded&#8221; onclick=&#8221;custom_link&#8221; link=&#8221;https:\/\/www.bilaketa.es\/publicaciones\/&#8221;][\/vc_column][\/vc_row][vc_row padding_top=&#8221;60px&#8221; padding_bottom=&#8221;0px&#8221; bg_video=&#8221;&#8221; class=&#8221;&#8221; style=&#8221;&#8221;][vc_column fade_animation_offset=&#8221;45px&#8221;][vc_btn title=&#8221;Argitalpenak&#8221; style=&#8221;gradient-custom&#8221; gradient_custom_color_1=&#8221;#dd9933&#8243; gradient_custom_color_2=&#8221;#799104&#8243; size=&#8221;lg&#8221; align=&#8221;center&#8221; button_block=&#8221;true&#8221; link=&#8221;url:https%3A%2F%2Fwww.bilaketa.es%2Fpublicaciones%2F||&#8221;][\/vc_column][\/vc_row]\n<\/div>","protected":false},"excerpt":{"rendered":"<p>[vc_row padding_top=&#8221;30px&#8221; padding_bottom=&#8221;0px&#8221; bg_video=&#8221;&#8221; class=&#8221;&#8221; style=&#8221;&#8221;][vc_column fade_animation_offset=&#8221;45px&#8221;][vc_column_text][\/vc_column_text][\/vc_column][\/vc_row][vc_row padding_top=&#8221;0px&#8221; padding_bottom=&#8221;0px&#8221; border=&#8221;none&#8221; bg_video=&#8221;&#8221; class=&#8221;&#8221; style=&#8221;&#8221;][vc_column width=&#8221;1\/4&#8243; fade_animation=&#8221;in-from-left&#8221; fade_animation_offset=&#8221;45px&#8221; id=&#8221;&#8221; class=&#8221;&#8221; style=&#8221;&#8221;][vc_btn title=&#8221;Gazteria Arloa&#8221; style=&#8221;outline-custom&#8221; outline_custom_color=&#8221;#fe8404&#8243; outline_custom_hover_background=&#8221;#fe8404&#8243; outline_custom_hover_text=&#8221;#ffffff&#8221; align=&#8221;left&#8221; i_type=&#8221;entypo&#8221; i_icon_entypo=&#8221;entypo-icon entypo-icon-pencil&#8221; button_block=&#8221;true&#8221; add_icon=&#8221;true&#8221; link=&#8221;url:https%3A%2F%2Fwww.bilaketa.es%2Feu%2Fgazteria-arloa%2F|title:Gazteria%20Arloa||&#8221;][vc_btn title=&#8221;Adinekoen Arloa&#8221; style=&#8221;outline-custom&#8221; outline_custom_color=&#8221;#b19d96&#8243; outline_custom_hover_background=&#8221;#b19d96&#8243; outline_custom_hover_text=&#8221;#ffffff&#8221; align=&#8221;left&#8221; i_type=&#8221;entypo&#8221; i_icon_entypo=&#8221;entypo-icon entypo-icon-feather&#8221; button_block=&#8221;true&#8221; add_icon=&#8221;true&#8221; link=&#8221;url:https%3A%2F%2Fwww.bilaketa.es%2Feu%2Fadinekoen-arloa%2F|title:Adinekoen%20Arloa||&#8221;][vc_btn title=&#8221;Kultur Arloa&#8221; style=&#8221;outline-custom&#8221; outline_custom_color=&#8221;#4e4e4e&#8221; outline_custom_hover_background=&#8221;#4e4e4e&#8221; outline_custom_hover_text=&#8221;#ffffff&#8221; align=&#8221;left&#8221; i_type=&#8221;entypo&#8221; i_icon_entypo=&#8221;entypo-icon entypo-icon-book&#8221; button_block=&#8221;true&#8221; add_icon=&#8221;true&#8221; link=&#8221;url:https%3A%2F%2Fwww.bilaketa.es%2Feu%2Fkultur-arloa%2F|title:Kultur%20Arloa||&#8221;][vc_btn title=&#8221;Adinekoentzako Francisco &#8230;<\/p>\n","protected":false},"author":2,"featured_media":0,"parent":0,"menu_order":0,"comment_status":"closed","ping_status":"closed","template":"","meta":{"ngg_post_thumbnail":0,"footnotes":""},"class_list":["post-3303","page","type-page","status-publish","hentry","no-post-thumbnail"],"_links":{"self":[{"href":"https:\/\/www.bilaketa.es\/eu\/wp-json\/wp\/v2\/pages\/3303"}],"collection":[{"href":"https:\/\/www.bilaketa.es\/eu\/wp-json\/wp\/v2\/pages"}],"about":[{"href":"https:\/\/www.bilaketa.es\/eu\/wp-json\/wp\/v2\/types\/page"}],"author":[{"embeddable":true,"href":"https:\/\/www.bilaketa.es\/eu\/wp-json\/wp\/v2\/users\/2"}],"replies":[{"embeddable":true,"href":"https:\/\/www.bilaketa.es\/eu\/wp-json\/wp\/v2\/comments?post=3303"}],"version-history":[{"count":7,"href":"https:\/\/www.bilaketa.es\/eu\/wp-json\/wp\/v2\/pages\/3303\/revisions"}],"predecessor-version":[{"id":6108,"href":"https:\/\/www.bilaketa.es\/eu\/wp-json\/wp\/v2\/pages\/3303\/revisions\/6108"}],"wp:attachment":[{"href":"https:\/\/www.bilaketa.es\/eu\/wp-json\/wp\/v2\/media?parent=3303"}],"curies":[{"name":"wp","href":"https:\/\/api.w.org\/{rel}","templated":true}]}}