{"id":4508,"date":"2017-06-16T14:00:16","date_gmt":"2017-06-16T14:00:16","guid":{"rendered":"https:\/\/www.bilaketa.es\/?page_id=4508\/"},"modified":"2017-06-17T08:13:33","modified_gmt":"2017-06-17T08:13:33","slug":"agoizko-datu-orokorrak","status":"publish","type":"page","link":"https:\/\/www.bilaketa.es\/eu\/aoiz-la-villa\/herria\/agoizko-datu-orokorrak\/","title":{"rendered":"Agoizko datu orokorrak"},"content":{"rendered":"<div class=\"wpb-content-wrapper\">[vc_row padding_top=&#8221;0px&#8221; padding_bottom=&#8221;0px&#8221; border=&#8221;none&#8221; bg_video=&#8221;&#8221; class=&#8221;&#8221; style=&#8221;&#8221;][vc_column fade_animation=&#8221;in-from-left&#8221; fade_animation_offset=&#8221;45px&#8221; width=&#8221;1\/1&#8243; id=&#8221;&#8221; class=&#8221;&#8221; style=&#8221;&#8221;]<hr  class=\"x-gap\" style=\"margin: 1.313em 0 0 0;\">[\/vc_column][\/vc_row][vc_row padding_top=&#8221;0px&#8221; padding_bottom=&#8221;0px&#8221; border=&#8221;none&#8221; bg_video=&#8221;&#8221; class=&#8221;&#8221; style=&#8221;&#8221;][vc_column fade_animation=&#8221;in-from-left&#8221; fade_animation_offset=&#8221;45px&#8221; width=&#8221;1\/4&#8243; id=&#8221;&#8221; class=&#8221;&#8221; style=&#8221;&#8221;][vc_btn title=&#8221;Hasiera&#8221; style=&#8221;custom&#8221; custom_background=&#8221;#821317&#8243; custom_text=&#8221;#ffffff&#8221; shape=&#8221;square&#8221; align=&#8221;left&#8221; i_icon_fontawesome=&#8221;fa fa-circle-o-notch&#8221; button_block=&#8221;true&#8221; add_icon=&#8221;true&#8221; link=&#8221;url:https%3A%2F%2Fwww.bilaketa.es%2Feu%2Faoiz-la-villa%2F|title:Hasiera||&#8221;][vc_btn title=&#8221;Herria&#8221; style=&#8221;custom&#8221; custom_background=&#8221;#821317&#8243; custom_text=&#8221;#ffffff&#8221; shape=&#8221;square&#8221; align=&#8221;left&#8221; i_icon_fontawesome=&#8221;fa fa-university&#8221; button_block=&#8221;true&#8221; add_icon=&#8221;true&#8221; link=&#8221;url:https%3A%2F%2Fwww.bilaketa.es%2Feu%2Faoiz-la-villa%2Fherria%2F|title:Herria||&#8221;][vc_btn title=&#8221;Albisteak&#8221; style=&#8221;outline-custom&#8221; outline_custom_color=&#8221;#821317&#8243; outline_custom_hover_background=&#8221;#821317&#8243; outline_custom_hover_text=&#8221;#ffffff&#8221; shape=&#8221;square&#8221; align=&#8221;left&#8221; i_icon_fontawesome=&#8221;fa fa-newspaper-o&#8221; button_block=&#8221;true&#8221; add_icon=&#8221;true&#8221; link=&#8221;url:https%3A%2F%2Fwww.bilaketa.es%2Feu%2Faoiz-la-villa%2Fherria%2Falbisteak%2F|title:Albisteak||&#8221; css=&#8221;.vc_custom_1497621787837{padding-left: 30px !important;}&#8221;][vc_btn title=&#8221;Agoizko datu orokorrak&#8221; style=&#8221;custom&#8221; custom_background=&#8221;#821317&#8243; custom_text=&#8221;#ffffff&#8221; shape=&#8221;square&#8221; align=&#8221;left&#8221; i_icon_fontawesome=&#8221;fa fa-wpforms&#8221; button_block=&#8221;true&#8221; add_icon=&#8221;true&#8221; link=&#8221;url:%23|title:Agoizko%20datu%20orokorrak||&#8221; css=&#8221;.vc_custom_1497621798252{padding-left: 30px !important;}&#8221;][vc_btn title=&#8221;Historia&#8221; style=&#8221;outline-custom&#8221; outline_custom_color=&#8221;#821317&#8243; outline_custom_hover_background=&#8221;#821317&#8243; outline_custom_hover_text=&#8221;#ffffff&#8221; shape=&#8221;square&#8221; align=&#8221;left&#8221; i_icon_fontawesome=&#8221;fa fa-film&#8221; button_block=&#8221;true&#8221; add_icon=&#8221;true&#8221; link=&#8221;url:https%3A%2F%2Fwww.bilaketa.es%2Feu%2Faoiz-la-villa%2Fherria%2Fhistoria%2F|title:Historia||&#8221; css=&#8221;.vc_custom_1497621805113{padding-left: 30px !important;}&#8221;][vc_btn title=&#8221;Ikusi&#8221; style=&#8221;custom&#8221; custom_background=&#8221;#821317&#8243; custom_text=&#8221;#ffffff&#8221; shape=&#8221;square&#8221; align=&#8221;left&#8221; i_icon_fontawesome=&#8221;fa fa-eye&#8221; button_block=&#8221;true&#8221; add_icon=&#8221;true&#8221; link=&#8221;url:https%3A%2F%2Fwww.bilaketa.es%2Feu%2Faoiz-la-villa%2Fikusi%2F|title:Ikusi||&#8221;][vc_btn title=&#8221;Bisitatu&#8221; style=&#8221;custom&#8221; custom_background=&#8221;#821317&#8243; custom_text=&#8221;#ffffff&#8221; shape=&#8221;square&#8221; align=&#8221;left&#8221; i_icon_fontawesome=&#8221;fa fa-bullseye&#8221; button_block=&#8221;true&#8221; add_icon=&#8221;true&#8221; link=&#8221;url:https%3A%2F%2Fwww.bilaketa.es%2Feu%2Faoiz-la-villa%2Fbisitatu%2F|title:Bisitatu||&#8221;][\/vc_column][vc_column fade_animation_offset=&#8221;45px&#8221; width=&#8221;3\/4&#8243;][vc_row_inner padding_top=&#8221;0px&#8221; padding_bottom=&#8221;0px&#8221;][vc_column_inner fade_animation_offset=&#8221;45px&#8221; width=&#8221;1\/2&#8243;]<p><strong>Agoitz herrira aise iristen da.<\/strong> Agoiztik ordu erdira honako hauek guztiak dituzu: Orreaga, Zangoza, Xabierko gaztelua, Leireko monasterioa, Arbaiungo eta Irunberriko arroilak eta Iru\u00f1a. Azken horretatik igarotzen da Foru Komunitatea iparraldetik hegoaldera igarotzen duen autopista; hori, alde batetik, Irungo mugatik Aragoi eta Katalunia aldera doan korridorearekin elkartzen da, eta, bestetik, Iru\u00f1a Gasteizekin eta Bilboko hirigunearekin eta Donostiarekin batzen duen zeharkako bidearekin elkartzen da.<br \/>\nAgoitz herria Irati ibaiaren eskuineko bazterrean dago eraikia, Zarikietako mendiaren azpian, eta<strong> 504 metroko altueran dago.<\/strong> Mendi horietan, gotorleku baten antzera, Itzagako pe\u00f1a nabarmentzen da (1.353 metro). <strong>2.500 biztanle<\/strong> inguru izanik, Agoitz da eskualde bateko nukleoa. Eskualde horretan herrixka ugari barreiatuta daude, eta administratiboki, ibarretan antolatuta daude horiek.<\/p>\n<p>Agoizko herria egungo<strong> erreferentzia<\/strong> da, industria, osasun, hezkuntza eta, batez ere, <strong>kultura<\/strong> arloei dagokienez.<\/p>\n[\/vc_column_inner][vc_column_inner fade_animation_offset=&#8221;45px&#8221; width=&#8221;1\/2&#8243;]<div  class=\"x-map embed with-container\" ><div class=\"x-map-inner\"><iframe loading=\"lazy\" style=\"border: 0;\" src=\"https:\/\/www.google.com\/maps\/embed?pb=!1m18!1m12!1m3!1d23426.18098165559!2d-1.370558641972748!3d42.78258620973642!2m3!1f0!2f0!3f0!3m2!1i1024!2i768!4f13.1!3m3!1m2!1s0xd50b74c1b1f4aab%3A0x4018c6508ceec90!2sAoiz%2C+Navarra!5e0!3m2!1ses!2ses!4v1495998987517\" width=\"400\" height=\"300\" frameborder=\"0\" allowfullscreen=\"allowfullscreen\"><\/iframe><\/div><\/div>\n[\/vc_column_inner][\/vc_row_inner][vc_row_inner padding_top=&#8221;0px&#8221; padding_bottom=&#8221;0px&#8221;][vc_column_inner fade_animation_offset=&#8221;45px&#8221; width=&#8221;1\/2&#8243;]<img decoding=\"async\"  class=\"x-img x-img-none none\"  src=\"https:\/\/www.bilaketa.es\/wp-content\/uploads\/2017\/05\/juzgado.jpg\" >[vc_cta h2=&#8221;Agoizko datuak&#8221; color=&#8221;chino&#8221;]<strong>Kategoria:<\/strong> Herria.<br \/>\n<strong>Administrazio kategoria:<\/strong> Udalerri simplea.<br \/>\n<strong>Epai barrutia:<\/strong> Agoitz.<br \/>\n<strong>Merindadea:<\/strong> Zangoza.<br \/>\n<strong>Geografia eskualdea:<\/strong> Pirinio aurreko arroa, Agoiskoa.<br \/>\n<strong>Biztanleria:<\/strong> 2.500 biztanle inguru.<br \/>\n<strong>Azalera:<\/strong> 13,2 km2.<br \/>\n<strong>Altuera:<\/strong> 504 m.<br \/>\n<strong>Klima:<\/strong> Epela, eragin ozeaniko eta kontinentalak dituena. Urteko batez besteko tenperatura: 16\u00ba C.<br \/>\n<strong>Inguru geografikoa:<\/strong> bere udal-barruti guztia Longidako ibarrak inguratuta dago. &#8220;Uharte-udalerria&#8221; deitzen diren horietakoa da, eta Longidako ibarretik bereizita dago XV. mendetik.<br \/>\n<strong>Jentilizioa:<\/strong> Agoisko, agoiztar.[\/vc_cta][\/vc_column_inner][vc_column_inner fade_animation_offset=&#8221;45px&#8221; width=&#8221;1\/2&#8243;]<img decoding=\"async\"  class=\"x-img x-img-none none\"  src=\"https:\/\/www.bilaketa.es\/wp-content\/uploads\/2017\/05\/vista-general.jpg\" >[vc_cta h2=&#8221;Zenbait bitxikeria&#8221; color=&#8221;chino&#8221;]Agoizkoei sinpleak direla esan ohi zaie eta, gaztelaniaz, esaten diete erlojuko ezkilek ere trufa egiten dietela, orduak jotzean, ezkila txikiak esaten baitie: sim-pl\u00e9s&#8230;, sim-pl\u00e9s&#8230;, sim-pl\u00e9s&#8230; Eta ezkila handiak berretsi egiten du sendo eta temati:<\/p>\n<p style=\"text-align: center;\"><em>son&#8230;, son&#8230;, son&#8230;<\/em><\/p>\n<p>Halaber, ilaginak edo kardariak esaten zaie, antzina hori ohiko lanbidea baitzen herrian.[\/vc_cta][\/vc_column_inner][\/vc_row_inner][\/vc_column][\/vc_row]\n<\/div>","protected":false},"excerpt":{"rendered":"<p>[vc_row padding_top=&#8221;0px&#8221; padding_bottom=&#8221;0px&#8221; border=&#8221;none&#8221; bg_video=&#8221;&#8221; class=&#8221;&#8221; style=&#8221;&#8221;][vc_column fade_animation=&#8221;in-from-left&#8221; fade_animation_offset=&#8221;45px&#8221; width=&#8221;1\/1&#8243; id=&#8221;&#8221; class=&#8221;&#8221; style=&#8221;&#8221;][\/vc_column][\/vc_row][vc_row padding_top=&#8221;0px&#8221; padding_bottom=&#8221;0px&#8221; border=&#8221;none&#8221; bg_video=&#8221;&#8221; class=&#8221;&#8221; style=&#8221;&#8221;][vc_column fade_animation=&#8221;in-from-left&#8221; fade_animation_offset=&#8221;45px&#8221; width=&#8221;1\/4&#8243; id=&#8221;&#8221; class=&#8221;&#8221; style=&#8221;&#8221;][vc_btn title=&#8221;Hasiera&#8221; style=&#8221;custom&#8221; custom_background=&#8221;#821317&#8243; custom_text=&#8221;#ffffff&#8221; shape=&#8221;square&#8221; align=&#8221;left&#8221; i_icon_fontawesome=&#8221;fa fa-circle-o-notch&#8221; button_block=&#8221;true&#8221; add_icon=&#8221;true&#8221; link=&#8221;url:https%3A%2F%2Fwww.bilaketa.es%2Feu%2Faoiz-la-villa%2F|title:Hasiera||&#8221;][vc_btn title=&#8221;Herria&#8221; style=&#8221;custom&#8221; custom_background=&#8221;#821317&#8243; custom_text=&#8221;#ffffff&#8221; shape=&#8221;square&#8221; align=&#8221;left&#8221; i_icon_fontawesome=&#8221;fa fa-university&#8221; button_block=&#8221;true&#8221; add_icon=&#8221;true&#8221; link=&#8221;url:https%3A%2F%2Fwww.bilaketa.es%2Feu%2Faoiz-la-villa%2Fherria%2F|title:Herria||&#8221;][vc_btn title=&#8221;Albisteak&#8221; style=&#8221;outline-custom&#8221; outline_custom_color=&#8221;#821317&#8243; outline_custom_hover_background=&#8221;#821317&#8243; outline_custom_hover_text=&#8221;#ffffff&#8221; shape=&#8221;square&#8221; align=&#8221;left&#8221; i_icon_fontawesome=&#8221;fa fa-newspaper-o&#8221; button_block=&#8221;true&#8221; add_icon=&#8221;true&#8221; link=&#8221;url:https%3A%2F%2Fwww.bilaketa.es%2Feu%2Faoiz-la-villa%2Fherria%2Falbisteak%2F|title:Albisteak||&#8221; css=&#8221;.vc_custom_1497621787837{padding-left: &#8230;<\/p>\n","protected":false},"author":2,"featured_media":0,"parent":4500,"menu_order":0,"comment_status":"closed","ping_status":"closed","template":"","meta":{"ngg_post_thumbnail":0,"footnotes":""},"class_list":["post-4508","page","type-page","status-publish","hentry","no-post-thumbnail"],"_links":{"self":[{"href":"https:\/\/www.bilaketa.es\/eu\/wp-json\/wp\/v2\/pages\/4508"}],"collection":[{"href":"https:\/\/www.bilaketa.es\/eu\/wp-json\/wp\/v2\/pages"}],"about":[{"href":"https:\/\/www.bilaketa.es\/eu\/wp-json\/wp\/v2\/types\/page"}],"author":[{"embeddable":true,"href":"https:\/\/www.bilaketa.es\/eu\/wp-json\/wp\/v2\/users\/2"}],"replies":[{"embeddable":true,"href":"https:\/\/www.bilaketa.es\/eu\/wp-json\/wp\/v2\/comments?post=4508"}],"version-history":[{"count":4,"href":"https:\/\/www.bilaketa.es\/eu\/wp-json\/wp\/v2\/pages\/4508\/revisions"}],"predecessor-version":[{"id":4626,"href":"https:\/\/www.bilaketa.es\/eu\/wp-json\/wp\/v2\/pages\/4508\/revisions\/4626"}],"up":[{"embeddable":true,"href":"https:\/\/www.bilaketa.es\/eu\/wp-json\/wp\/v2\/pages\/4500"}],"wp:attachment":[{"href":"https:\/\/www.bilaketa.es\/eu\/wp-json\/wp\/v2\/media?parent=4508"}],"curies":[{"name":"wp","href":"https:\/\/api.w.org\/{rel}","templated":true}]}}