{"id":4586,"date":"2017-06-17T07:24:22","date_gmt":"2017-06-17T07:24:22","guid":{"rendered":"https:\/\/www.bilaketa.es\/?page_id=4586\/"},"modified":"2023-09-15T20:25:11","modified_gmt":"2023-09-15T18:25:11","slug":"argamasillako-jauretxea","status":"publish","type":"page","link":"https:\/\/www.bilaketa.es\/eu\/aoiz-la-villa\/bisitatu\/ondarea\/argamasillako-jauretxea\/","title":{"rendered":"Argamasillako Jauretxea"},"content":{"rendered":"<div class=\"wpb-content-wrapper\">[vc_row padding_top=&#8221;0px&#8221; padding_bottom=&#8221;0px&#8221; border=&#8221;none&#8221; bg_video=&#8221;&#8221; class=&#8221;&#8221; style=&#8221;&#8221;][vc_column width=&#8221;1\/4&#8243; fade_animation=&#8221;in-from-left&#8221; fade_animation_offset=&#8221;45px&#8221; id=&#8221;&#8221; class=&#8221;&#8221; style=&#8221;&#8221;][vc_btn title=&#8221;Hasiera&#8221; style=&#8221;custom&#8221; custom_background=&#8221;#821317&#8243; custom_text=&#8221;#ffffff&#8221; shape=&#8221;square&#8221; align=&#8221;left&#8221; i_icon_fontawesome=&#8221;fa fa-circle-o-notch&#8221; button_block=&#8221;true&#8221; add_icon=&#8221;true&#8221; link=&#8221;url:https%3A%2F%2Fwww.bilaketa.es%2Feu%2Faoiz-la-villa%2F|title:Hasiera||&#8221;][vc_btn title=&#8221;Herria&#8221; style=&#8221;custom&#8221; custom_background=&#8221;#821317&#8243; custom_text=&#8221;#ffffff&#8221; shape=&#8221;square&#8221; align=&#8221;left&#8221; i_icon_fontawesome=&#8221;fa fa-university&#8221; button_block=&#8221;true&#8221; add_icon=&#8221;true&#8221; link=&#8221;url:https%3A%2F%2Fwww.bilaketa.es%2Feu%2Faoiz-la-villa%2Fherria%2F|title:Herria||&#8221;][vc_btn title=&#8221;Ikusi&#8221; style=&#8221;custom&#8221; custom_background=&#8221;#821317&#8243; custom_text=&#8221;#ffffff&#8221; shape=&#8221;square&#8221; align=&#8221;left&#8221; i_icon_fontawesome=&#8221;fa fa-eye&#8221; button_block=&#8221;true&#8221; add_icon=&#8221;true&#8221; link=&#8221;url:https%3A%2F%2Fwww.bilaketa.es%2Feu%2Faoiz-la-villa%2Fikusi%2F|title:Ikusi||&#8221;][vc_btn title=&#8221;Bisitatu&#8221; style=&#8221;custom&#8221; custom_background=&#8221;#821317&#8243; custom_text=&#8221;#ffffff&#8221; shape=&#8221;square&#8221; align=&#8221;left&#8221; i_icon_fontawesome=&#8221;fa fa-bullseye&#8221; button_block=&#8221;true&#8221; add_icon=&#8221;true&#8221; link=&#8221;url:https%3A%2F%2Fwww.bilaketa.es%2Feu%2Faoiz-la-villa%2Fbisitatu%2F|title:Bisitatu||&#8221;][vc_btn title=&#8221;Ondarea&#8221; style=&#8221;custom&#8221; custom_background=&#8221;#821317&#8243; custom_text=&#8221;#ffffff&#8221; shape=&#8221;square&#8221; align=&#8221;left&#8221; i_icon_fontawesome=&#8221;fa fa-university&#8221; button_block=&#8221;true&#8221; add_icon=&#8221;true&#8221; link=&#8221;url:https%3A%2F%2Fwww.bilaketa.es%2Feu%2Faoiz-la-villa%2Fbisitatu%2Fondarea%2F|title:Ondarea||&#8221; css=&#8221;.vc_custom_1497682787676{padding-left: 30px !important;}&#8221;][vc_btn title=&#8221;Zerbitzuak&#8221; style=&#8221;outline-custom&#8221; outline_custom_color=&#8221;#821317&#8243; outline_custom_hover_background=&#8221;#821317&#8243; outline_custom_hover_text=&#8221;#ffffff&#8221; shape=&#8221;square&#8221; align=&#8221;left&#8221; i_icon_fontawesome=&#8221;fa fa-bullseye&#8221; button_block=&#8221;true&#8221; add_icon=&#8221;true&#8221; link=&#8221;url:https%3A%2F%2Fwww.bilaketa.es%2Feu%2Faoiz-la-villa%2Fbisitatu%2Fzerbitzuak%2F|title:Zerbitzuak||&#8221; css=&#8221;.vc_custom_1497688132703{padding-left: 30px !important;}&#8221;][vc_btn title=&#8221;Alojamendua eta jatetxeak&#8221; style=&#8221;outline-custom&#8221; outline_custom_color=&#8221;#821317&#8243; outline_custom_hover_background=&#8221;#821317&#8243; outline_custom_hover_text=&#8221;#ffffff&#8221; shape=&#8221;square&#8221; align=&#8221;left&#8221; i_icon_fontawesome=&#8221;fa fa-cutlery&#8221; button_block=&#8221;true&#8221; add_icon=&#8221;true&#8221; link=&#8221;url:https%3A%2F%2Fwww.bilaketa.es%2Feu%2Faoiz-la-villa%2Fbisitatu%2Falojamendua-eta-jatetxeak%2F|title:Alojamendua%20eta%20jatetxeak||&#8221; css=&#8221;.vc_custom_1497688141767{padding-left: 30px !important;}&#8221;][\/vc_column][vc_column width=&#8221;3\/4&#8243; fade_animation_offset=&#8221;45px&#8221;][vc_row_inner padding_top=&#8221;0px&#8221; padding_bottom=&#8221;0px&#8221;][vc_column_inner fade_animation_offset=&#8221;45px&#8221;][vc_column_text]XV. mendearen bukaeran eraikia. Estilo errenazentistako eraikin hau Nafarroako arkitektura zibilaren adibide onenetakoa da.<\/p>\n<p>Oina L formakoa du eta bere altxaeran bi gorputz daude, elkarren jarraian. Fatxadan hiru barne-huts daude; erdiko ate karratua, bi burdin sare alboetan, atearen gaineko balkoi irtena eta beste bi, alboetan irtenik gabe, armarri bana dutena erdiko balkoiaren bi aldeetan. Multzoa osatzen du zurezko hegal irten bat. Teilatuaren erdialdearen gainean adreiluzko kutxa kubikoa ageri da, alboetan puntu erdiak dituenak. Barne eskaileraren kutxari dagokio, eta, ustez, XVIII. mendekoa izan behar du.<\/p>\n<p>Jauretxea zaldun nobleena izan da, besteak beste, Erdozain, Elio, Arteta jaunena, baita Bayona-Lapena zaldun nobleen sortetxea ere. Bertan lo egin zuten, besteak beste, Juan Albretekoak, Magdalena andreak eta Ram\u00f3n Mar\u00eda del Valle-Incl\u00e1nek berak ere bai.[\/vc_column_text][vc_media_grid grid_id=&#8221;vc_gid:1694802283134-10b4fc651a225fbc9269b48efbc9f441-7&#8243; include=&#8221;4298,4299,4300,4301,4302,4303,4304,4305&#8243;][vc_btn title=&#8221;Ondarea ikusi&#8221; style=&#8221;custom&#8221; custom_text=&#8221;#666666&#8243; shape=&#8221;square&#8221; align=&#8221;center&#8221; button_block=&#8221;true&#8221; link=&#8221;url:https%3A%2F%2Fwww.bilaketa.es%2Feu%2Faoiz-la-villa%2Fbisitatu%2Fondarea%2F|title:Ondarea||&#8221;][\/vc_column_inner][\/vc_row_inner][\/vc_column][\/vc_row]\n<\/div>","protected":false},"excerpt":{"rendered":"<p>[vc_row padding_top=&#8221;0px&#8221; padding_bottom=&#8221;0px&#8221; border=&#8221;none&#8221; bg_video=&#8221;&#8221; class=&#8221;&#8221; style=&#8221;&#8221;][vc_column width=&#8221;1\/4&#8243; fade_animation=&#8221;in-from-left&#8221; fade_animation_offset=&#8221;45px&#8221; id=&#8221;&#8221; class=&#8221;&#8221; style=&#8221;&#8221;][vc_btn title=&#8221;Hasiera&#8221; style=&#8221;custom&#8221; custom_background=&#8221;#821317&#8243; custom_text=&#8221;#ffffff&#8221; shape=&#8221;square&#8221; align=&#8221;left&#8221; i_icon_fontawesome=&#8221;fa fa-circle-o-notch&#8221; button_block=&#8221;true&#8221; add_icon=&#8221;true&#8221; link=&#8221;url:https%3A%2F%2Fwww.bilaketa.es%2Feu%2Faoiz-la-villa%2F|title:Hasiera||&#8221;][vc_btn title=&#8221;Herria&#8221; style=&#8221;custom&#8221; custom_background=&#8221;#821317&#8243; custom_text=&#8221;#ffffff&#8221; shape=&#8221;square&#8221; align=&#8221;left&#8221; i_icon_fontawesome=&#8221;fa fa-university&#8221; button_block=&#8221;true&#8221; add_icon=&#8221;true&#8221; link=&#8221;url:https%3A%2F%2Fwww.bilaketa.es%2Feu%2Faoiz-la-villa%2Fherria%2F|title:Herria||&#8221;][vc_btn title=&#8221;Ikusi&#8221; style=&#8221;custom&#8221; custom_background=&#8221;#821317&#8243; custom_text=&#8221;#ffffff&#8221; shape=&#8221;square&#8221; align=&#8221;left&#8221; i_icon_fontawesome=&#8221;fa fa-eye&#8221; button_block=&#8221;true&#8221; add_icon=&#8221;true&#8221; link=&#8221;url:https%3A%2F%2Fwww.bilaketa.es%2Feu%2Faoiz-la-villa%2Fikusi%2F|title:Ikusi||&#8221;][vc_btn title=&#8221;Bisitatu&#8221; style=&#8221;custom&#8221; custom_background=&#8221;#821317&#8243; custom_text=&#8221;#ffffff&#8221; shape=&#8221;square&#8221; align=&#8221;left&#8221; i_icon_fontawesome=&#8221;fa fa-bullseye&#8221; button_block=&#8221;true&#8221; add_icon=&#8221;true&#8221; link=&#8221;url:https%3A%2F%2Fwww.bilaketa.es%2Feu%2Faoiz-la-villa%2Fbisitatu%2F|title:Bisitatu||&#8221;][vc_btn title=&#8221;Ondarea&#8221; style=&#8221;custom&#8221; custom_background=&#8221;#821317&#8243; &#8230;<\/p>\n","protected":false},"author":2,"featured_media":0,"parent":4564,"menu_order":0,"comment_status":"closed","ping_status":"closed","template":"","meta":{"ngg_post_thumbnail":0,"footnotes":""},"class_list":["post-4586","page","type-page","status-publish","hentry","no-post-thumbnail"],"_links":{"self":[{"href":"https:\/\/www.bilaketa.es\/eu\/wp-json\/wp\/v2\/pages\/4586"}],"collection":[{"href":"https:\/\/www.bilaketa.es\/eu\/wp-json\/wp\/v2\/pages"}],"about":[{"href":"https:\/\/www.bilaketa.es\/eu\/wp-json\/wp\/v2\/types\/page"}],"author":[{"embeddable":true,"href":"https:\/\/www.bilaketa.es\/eu\/wp-json\/wp\/v2\/users\/2"}],"replies":[{"embeddable":true,"href":"https:\/\/www.bilaketa.es\/eu\/wp-json\/wp\/v2\/comments?post=4586"}],"version-history":[{"count":4,"href":"https:\/\/www.bilaketa.es\/eu\/wp-json\/wp\/v2\/pages\/4586\/revisions"}],"predecessor-version":[{"id":6637,"href":"https:\/\/www.bilaketa.es\/eu\/wp-json\/wp\/v2\/pages\/4586\/revisions\/6637"}],"up":[{"embeddable":true,"href":"https:\/\/www.bilaketa.es\/eu\/wp-json\/wp\/v2\/pages\/4564"}],"wp:attachment":[{"href":"https:\/\/www.bilaketa.es\/eu\/wp-json\/wp\/v2\/media?parent=4586"}],"curies":[{"name":"wp","href":"https:\/\/api.w.org\/{rel}","templated":true}]}}